{"id":9809,"date":"2021-03-12T16:46:12","date_gmt":"2021-03-12T16:46:12","guid":{"rendered":"https:\/\/198.27.90.141\/?page_id=9809"},"modified":"2026-03-23T21:54:24","modified_gmt":"2026-03-23T21:54:24","slug":"desenvolvedor-front-end-angular","status":"publish","type":"page","link":"https:\/\/gatefy.com\/pt-br\/old-vagas\/desenvolvedor-front-end-angular\/","title":{"rendered":"Desenvolvedor Front-End &#8211; Angular"},"content":{"rendered":"\t\t<div data-elementor-type=\"wp-page\" data-elementor-id=\"9809\" class=\"elementor elementor-9809 elementor-9085\" data-elementor-settings=\"{&quot;ha_cmc_init_switcher&quot;:&quot;no&quot;}\" data-elementor-post-type=\"page\">\n\t\t\t\t\t\t<section class=\"elementor-section elementor-top-section elementor-element elementor-element-9f9f51f elementor-section-boxed elementor-section-height-default elementor-section-height-default\" data-id=\"9f9f51f\" data-element_type=\"section\" data-e-type=\"section\" data-settings=\"{&quot;background_background&quot;:&quot;classic&quot;,&quot;_ha_eqh_enable&quot;:false}\">\n\t\t\t\t\t\t<div class=\"elementor-container elementor-column-gap-default\">\n\t\t\t\t\t<div class=\"elementor-column elementor-col-100 elementor-top-column elementor-element elementor-element-3243ac4\" data-id=\"3243ac4\" data-element_type=\"column\" data-e-type=\"column\">\n\t\t\t<div class=\"elementor-widget-wrap elementor-element-populated\">\n\t\t\t\t\t\t<div class=\"elementor-element elementor-element-5f2eb1e elementor-widget elementor-widget-heading\" data-id=\"5f2eb1e\" data-element_type=\"widget\" data-e-type=\"widget\" data-widget_type=\"heading.default\">\n\t\t\t\t<div class=\"elementor-widget-container\">\n\t\t\t\t\t<h1 class=\"elementor-heading-title elementor-size-default\">Front-End Developer - Angular 6+ - Pleno(a)<\/h1>\t\t\t\t<\/div>\n\t\t\t\t<\/div>\n\t\t\t\t\t<\/div>\n\t\t<\/div>\n\t\t\t\t\t<\/div>\n\t\t<\/section>\n\t\t\t\t<section class=\"elementor-section elementor-top-section elementor-element elementor-element-f7e7e61 elementor-section-boxed elementor-section-height-default elementor-section-height-default\" data-id=\"f7e7e61\" data-element_type=\"section\" data-e-type=\"section\" data-settings=\"{&quot;background_background&quot;:&quot;classic&quot;,&quot;_ha_eqh_enable&quot;:false}\">\n\t\t\t\t\t\t<div class=\"elementor-container elementor-column-gap-default\">\n\t\t\t\t\t<div class=\"elementor-column elementor-col-100 elementor-top-column elementor-element elementor-element-44be79f\" data-id=\"44be79f\" data-element_type=\"column\" data-e-type=\"column\">\n\t\t\t<div class=\"elementor-widget-wrap elementor-element-populated\">\n\t\t\t\t\t\t<div class=\"elementor-element elementor-element-f61f39b elementor-align-left elementor-widget elementor-widget-button\" data-id=\"f61f39b\" data-element_type=\"widget\" data-e-type=\"widget\" data-widget_type=\"button.default\">\n\t\t\t\t<div class=\"elementor-widget-container\">\n\t\t\t\t\t\t\t\t\t<div class=\"elementor-button-wrapper\">\n\t\t\t\t\t<a class=\"elementor-button elementor-button-link elementor-size-sm\" href=\"https:\/\/gatefy.com\/pt-br\/curriculo\/\">\n\t\t\t\t\t\t<span class=\"elementor-button-content-wrapper\">\n\t\t\t\t\t\t\t\t\t<span class=\"elementor-button-text\">Inscreva-se para esta vaga<\/span>\n\t\t\t\t\t<\/span>\n\t\t\t\t\t<\/a>\n\t\t\t\t<\/div>\n\t\t\t\t\t\t\t\t<\/div>\n\t\t\t\t<\/div>\n\t\t\t\t<div class=\"elementor-element elementor-element-71778c5 elementor-widget elementor-widget-heading\" data-id=\"71778c5\" data-element_type=\"widget\" data-e-type=\"widget\" data-widget_type=\"heading.default\">\n\t\t\t\t<div class=\"elementor-widget-container\">\n\t\t\t\t\t<h2 class=\"elementor-heading-title elementor-size-default\">N\u00f3s procuramos pessoas que<\/h2>\t\t\t\t<\/div>\n\t\t\t\t<\/div>\n\t\t\t\t<div class=\"elementor-element elementor-element-4bcb849 elementor-widget elementor-widget-text-editor\" data-id=\"4bcb849\" data-element_type=\"widget\" data-e-type=\"widget\" data-widget_type=\"text-editor.default\">\n\t\t\t\t<div class=\"elementor-widget-container\">\n\t\t\t\t\t\t\t\t\t<ul><li>N\u00e3o tenham medo de cometer erros e aprender.<\/li><li>Sintam-se confort\u00e1veis em um ambiente desafiador.<\/li><li>Buscam crescimento pessoal e profissional.<\/li><li>Tenham comprometimento.<\/li><\/ul>\t\t\t\t\t\t\t\t<\/div>\n\t\t\t\t<\/div>\n\t\t\t\t<div class=\"elementor-element elementor-element-9bee833 elementor-widget elementor-widget-heading\" data-id=\"9bee833\" data-element_type=\"widget\" data-e-type=\"widget\" data-widget_type=\"heading.default\">\n\t\t\t\t<div class=\"elementor-widget-container\">\n\t\t\t\t\t<h2 class=\"elementor-heading-title elementor-size-default\">Voc\u00ea vai fazer\n<\/h2>\t\t\t\t<\/div>\n\t\t\t\t<\/div>\n\t\t\t\t<div class=\"elementor-element elementor-element-d7e2754 elementor-widget elementor-widget-text-editor\" data-id=\"d7e2754\" data-element_type=\"widget\" data-e-type=\"widget\" data-widget_type=\"text-editor.default\">\n\t\t\t\t<div class=\"elementor-widget-container\">\n\t\t\t\t\t\t\t\t\t<ul><li>Procurar solu\u00e7\u00f5es criativas para problemas desafiadores.<\/li><li>Colaborar com engenheiros e designers para melhorar usabilidade.<\/li><li>Otimizar aplicativos para maximizar o desempenho e a velocidade.<\/li><li>Projetar novos recursos para produtos.<\/li><li>Ajudar a definir o roadmap de produtos e recursos.<\/li><\/ul>\t\t\t\t\t\t\t\t<\/div>\n\t\t\t\t<\/div>\n\t\t\t\t<div class=\"elementor-element elementor-element-cb5c681 elementor-widget elementor-widget-heading\" data-id=\"cb5c681\" data-element_type=\"widget\" data-e-type=\"widget\" data-widget_type=\"heading.default\">\n\t\t\t\t<div class=\"elementor-widget-container\">\n\t\t\t\t\t<h2 class=\"elementor-heading-title elementor-size-default\">Requisitos<\/h2>\t\t\t\t<\/div>\n\t\t\t\t<\/div>\n\t\t\t\t<div class=\"elementor-element elementor-element-a82597e elementor-widget elementor-widget-text-editor\" data-id=\"a82597e\" data-element_type=\"widget\" data-e-type=\"widget\" data-widget_type=\"text-editor.default\">\n\t\t\t\t<div class=\"elementor-widget-container\">\n\t\t\t\t\t\t\t\t\t<ul><li>Object-Oriented Programming (OOP).<\/li><li>Angular.<\/li><li>HTML 5.<\/li><li>JavaScript.<\/li><li>TypeScript.<\/li><li>Node JS.<\/li><li>SPA.<\/li><li>Git.<\/li><li>Docker.<\/li><\/ul>\t\t\t\t\t\t\t\t<\/div>\n\t\t\t\t<\/div>\n\t\t\t\t<div class=\"elementor-element elementor-element-005c4c6 elementor-widget elementor-widget-heading\" data-id=\"005c4c6\" data-element_type=\"widget\" data-e-type=\"widget\" data-widget_type=\"heading.default\">\n\t\t\t\t<div class=\"elementor-widget-container\">\n\t\t\t\t\t<h2 class=\"elementor-heading-title elementor-size-default\">Vantagens em trabalhar com a Gatefy<\/h2>\t\t\t\t<\/div>\n\t\t\t\t<\/div>\n\t\t\t\t<div class=\"elementor-element elementor-element-670ea43 elementor-widget elementor-widget-text-editor\" data-id=\"670ea43\" data-element_type=\"widget\" data-e-type=\"widget\" data-widget_type=\"text-editor.default\">\n\t\t\t\t<div class=\"elementor-widget-container\">\n\t\t\t\t\t\t\t\t\t<ul><li>N\u00f3s valorizamos as pessoas.<\/li><li>Ambiente diverso e inclusivo.<\/li><li>Totalmente Home office.<\/li><li>Hor\u00e1rio flex\u00edvel.<\/li><li>Sal\u00e1rio a combinar. Pagamos um valor compat\u00edvel com o mercado.<\/li><\/ul>\t\t\t\t\t\t\t\t<\/div>\n\t\t\t\t<\/div>\n\t\t\t\t<div class=\"elementor-element elementor-element-67396cb elementor-align-left elementor-widget elementor-widget-button\" data-id=\"67396cb\" data-element_type=\"widget\" data-e-type=\"widget\" data-widget_type=\"button.default\">\n\t\t\t\t<div class=\"elementor-widget-container\">\n\t\t\t\t\t\t\t\t\t<div class=\"elementor-button-wrapper\">\n\t\t\t\t\t<a class=\"elementor-button elementor-button-link elementor-size-sm\" href=\"https:\/\/gatefy.com\/pt-br\/curriculo\/\">\n\t\t\t\t\t\t<span class=\"elementor-button-content-wrapper\">\n\t\t\t\t\t\t\t\t\t<span class=\"elementor-button-text\">Inscreva-se para esta vaga<\/span>\n\t\t\t\t\t<\/span>\n\t\t\t\t\t<\/a>\n\t\t\t\t<\/div>\n\t\t\t\t\t\t\t\t<\/div>\n\t\t\t\t<\/div>\n\t\t\t\t<div class=\"elementor-element elementor-element-b822213 elementor-widget elementor-widget-heading\" data-id=\"b822213\" data-element_type=\"widget\" data-e-type=\"widget\" data-widget_type=\"heading.default\">\n\t\t\t\t<div class=\"elementor-widget-container\">\n\t\t\t\t\t<h2 class=\"elementor-heading-title elementor-size-default\">N\u00e3o achou a vaga a sua cara?<\/h2>\t\t\t\t<\/div>\n\t\t\t\t<\/div>\n\t\t\t\t<div class=\"elementor-element elementor-element-1515f0a elementor-widget elementor-widget-text-editor\" data-id=\"1515f0a\" data-element_type=\"widget\" data-e-type=\"widget\" data-widget_type=\"text-editor.default\">\n\t\t\t\t<div class=\"elementor-widget-container\">\n\t\t\t\t\t\t\t\t\t<p>Fique tranquilo(a)! Voc\u00ea ainda pode ser um(a) Gatemonster! Envie os seus dados <a href=\"https:\/\/gatefy.com\/pt-br\/curriculo\/\">clicando aqui<\/a>.<\/p>\t\t\t\t\t\t\t\t<\/div>\n\t\t\t\t<\/div>\n\t\t\t\t\t<\/div>\n\t\t<\/div>\n\t\t\t\t\t<\/div>\n\t\t<\/section>\n\t\t\t\t<\/div>\n\t\t","protected":false},"excerpt":{"rendered":"<p>Front-End Developer &#8211; Angular 6+ &#8211; Pleno(a) Inscreva-se para esta vaga N\u00f3s procuramos pessoas que N\u00e3o tenham medo de cometer erros e aprender. Sintam-se confort\u00e1veis em um ambiente desafiador. Buscam crescimento pessoal e profissional. Tenham comprometimento. Voc\u00ea vai fazer Procurar solu\u00e7\u00f5es criativas para problemas desafiadores. Colaborar com engenheiros e designers para melhorar usabilidade. Otimizar aplicativos [&hellip;]<\/p>\n","protected":false},"author":4,"featured_media":0,"parent":9785,"menu_order":0,"comment_status":"closed","ping_status":"closed","template":"","meta":{"footnotes":""},"class_list":["post-9809","page","type-page","status-publish","hentry"],"yoast_head":"<!-- This site is optimized with the Yoast SEO plugin v27.1.1 - https:\/\/yoast.com\/product\/yoast-seo-wordpress\/ -->\n<title>Desenvolvedor Front-End - Angular - Gatefy<\/title>\n<meta name=\"description\" content=\"Inscreva-se agora e ajude-nos a desenvolver solu\u00e7\u00f5es de prote\u00e7\u00e3o de e-mail de \u00faltima gera\u00e7\u00e3o.\" \/>\n<meta name=\"robots\" content=\"index, follow, max-snippet:-1, max-image-preview:large, max-video-preview:-1\" \/>\n<link rel=\"canonical\" href=\"https:\/\/gatefy.com\/pt-br\/old-vagas\/desenvolvedor-front-end-angular\/\" \/>\n<meta property=\"og:locale\" content=\"pt_BR\" \/>\n<meta property=\"og:type\" content=\"article\" \/>\n<meta property=\"og:title\" content=\"Desenvolvedor Front-End - Angular - Gatefy\" \/>\n<meta property=\"og:description\" content=\"Inscreva-se agora e ajude-nos a desenvolver solu\u00e7\u00f5es de prote\u00e7\u00e3o de e-mail de \u00faltima gera\u00e7\u00e3o.\" \/>\n<meta property=\"og:url\" content=\"https:\/\/gatefy.com\/pt-br\/old-vagas\/desenvolvedor-front-end-angular\/\" \/>\n<meta property=\"og:site_name\" content=\"Gatefy\" \/>\n<meta property=\"article:publisher\" content=\"https:\/\/www.facebook.com\/gatefy\" \/>\n<meta property=\"article:modified_time\" content=\"2026-03-23T21:54:24+00:00\" \/>\n<meta name=\"twitter:card\" content=\"summary_large_image\" \/>\n<meta name=\"twitter:site\" content=\"@gatefy_security\" \/>\n<meta name=\"twitter:label1\" content=\"Est. tempo de leitura\" \/>\n\t<meta name=\"twitter:data1\" content=\"1 minuto\" \/>\n<script type=\"application\/ld+json\" class=\"yoast-schema-graph\">{\"@context\":\"https:\/\/schema.org\",\"@graph\":[{\"@type\":\"WebPage\",\"@id\":\"https:\/\/gatefy.com\/pt-br\/old-vagas\/desenvolvedor-front-end-angular\/\",\"url\":\"https:\/\/gatefy.com\/pt-br\/old-vagas\/desenvolvedor-front-end-angular\/\",\"name\":\"Desenvolvedor Front-End - Angular - Gatefy\",\"isPartOf\":{\"@id\":\"https:\/\/gatefy.com\/pt-br\/#website\"},\"datePublished\":\"2021-03-12T16:46:12+00:00\",\"dateModified\":\"2026-03-23T21:54:24+00:00\",\"description\":\"Inscreva-se agora e ajude-nos a desenvolver solu\u00e7\u00f5es de prote\u00e7\u00e3o de e-mail de \u00faltima gera\u00e7\u00e3o.\",\"breadcrumb\":{\"@id\":\"https:\/\/gatefy.com\/pt-br\/old-vagas\/desenvolvedor-front-end-angular\/#breadcrumb\"},\"inLanguage\":\"pt-BR\",\"potentialAction\":[{\"@type\":\"ReadAction\",\"target\":[\"https:\/\/gatefy.com\/pt-br\/old-vagas\/desenvolvedor-front-end-angular\/\"]}]},{\"@type\":\"BreadcrumbList\",\"@id\":\"https:\/\/gatefy.com\/pt-br\/old-vagas\/desenvolvedor-front-end-angular\/#breadcrumb\",\"itemListElement\":[{\"@type\":\"ListItem\",\"position\":1,\"name\":\"Home\",\"item\":\"https:\/\/gatefy.com\/pt-br\/\"},{\"@type\":\"ListItem\",\"position\":2,\"name\":\"Vagas &#8211; old\",\"item\":\"https:\/\/gatefy.com\/pt-br\/?page_id=9785\"},{\"@type\":\"ListItem\",\"position\":3,\"name\":\"Desenvolvedor Front-End &#8211; Angular\"}]},{\"@type\":\"WebSite\",\"@id\":\"https:\/\/gatefy.com\/pt-br\/#website\",\"url\":\"https:\/\/gatefy.com\/pt-br\/\",\"name\":\"Gatefy\",\"description\":\"We use artificial intelligence and machine learning to improve businesses&#039; inbound and outbound email security. Integrates with O365, Exchange and G Suite.\",\"publisher\":{\"@id\":\"https:\/\/gatefy.com\/pt-br\/#organization\"},\"potentialAction\":[{\"@type\":\"SearchAction\",\"target\":{\"@type\":\"EntryPoint\",\"urlTemplate\":\"https:\/\/gatefy.com\/pt-br\/?s={search_term_string}\"},\"query-input\":{\"@type\":\"PropertyValueSpecification\",\"valueRequired\":true,\"valueName\":\"search_term_string\"}}],\"inLanguage\":\"pt-BR\"},{\"@type\":\"Organization\",\"@id\":\"https:\/\/gatefy.com\/pt-br\/#organization\",\"name\":\"Gatefy Email Security\",\"url\":\"https:\/\/gatefy.com\/pt-br\/\",\"logo\":{\"@type\":\"ImageObject\",\"inLanguage\":\"pt-BR\",\"@id\":\"https:\/\/gatefy.com\/pt-br\/#\/schema\/logo\/image\/\",\"url\":\"https:\/\/gatefy.com\/wp-content\/uploads\/2021\/03\/logo-preto.png\",\"contentUrl\":\"https:\/\/gatefy.com\/wp-content\/uploads\/2021\/03\/logo-preto.png\",\"width\":1500,\"height\":500,\"caption\":\"Gatefy Email Security\"},\"image\":{\"@id\":\"https:\/\/gatefy.com\/pt-br\/#\/schema\/logo\/image\/\"},\"sameAs\":[\"https:\/\/www.facebook.com\/gatefy\",\"https:\/\/x.com\/gatefy_security\",\"https:\/\/www.linkedin.com\/company\/gatefy\",\"https:\/\/www.youtube.com\/channel\/UCFSZUkcvfwYSrGopaRtUSog\"]}]}<\/script>\n<!-- \/ Yoast SEO plugin. -->","yoast_head_json":{"title":"Desenvolvedor Front-End - Angular - Gatefy","description":"Inscreva-se agora e ajude-nos a desenvolver solu\u00e7\u00f5es de prote\u00e7\u00e3o de e-mail de \u00faltima gera\u00e7\u00e3o.","robots":{"index":"index","follow":"follow","max-snippet":"max-snippet:-1","max-image-preview":"max-image-preview:large","max-video-preview":"max-video-preview:-1"},"canonical":"https:\/\/gatefy.com\/pt-br\/old-vagas\/desenvolvedor-front-end-angular\/","og_locale":"pt_BR","og_type":"article","og_title":"Desenvolvedor Front-End - Angular - Gatefy","og_description":"Inscreva-se agora e ajude-nos a desenvolver solu\u00e7\u00f5es de prote\u00e7\u00e3o de e-mail de \u00faltima gera\u00e7\u00e3o.","og_url":"https:\/\/gatefy.com\/pt-br\/old-vagas\/desenvolvedor-front-end-angular\/","og_site_name":"Gatefy","article_publisher":"https:\/\/www.facebook.com\/gatefy","article_modified_time":"2026-03-23T21:54:24+00:00","twitter_card":"summary_large_image","twitter_site":"@gatefy_security","twitter_misc":{"Est. tempo de leitura":"1 minuto"},"schema":{"@context":"https:\/\/schema.org","@graph":[{"@type":"WebPage","@id":"https:\/\/gatefy.com\/pt-br\/old-vagas\/desenvolvedor-front-end-angular\/","url":"https:\/\/gatefy.com\/pt-br\/old-vagas\/desenvolvedor-front-end-angular\/","name":"Desenvolvedor Front-End - Angular - Gatefy","isPartOf":{"@id":"https:\/\/gatefy.com\/pt-br\/#website"},"datePublished":"2021-03-12T16:46:12+00:00","dateModified":"2026-03-23T21:54:24+00:00","description":"Inscreva-se agora e ajude-nos a desenvolver solu\u00e7\u00f5es de prote\u00e7\u00e3o de e-mail de \u00faltima gera\u00e7\u00e3o.","breadcrumb":{"@id":"https:\/\/gatefy.com\/pt-br\/old-vagas\/desenvolvedor-front-end-angular\/#breadcrumb"},"inLanguage":"pt-BR","potentialAction":[{"@type":"ReadAction","target":["https:\/\/gatefy.com\/pt-br\/old-vagas\/desenvolvedor-front-end-angular\/"]}]},{"@type":"BreadcrumbList","@id":"https:\/\/gatefy.com\/pt-br\/old-vagas\/desenvolvedor-front-end-angular\/#breadcrumb","itemListElement":[{"@type":"ListItem","position":1,"name":"Home","item":"https:\/\/gatefy.com\/pt-br\/"},{"@type":"ListItem","position":2,"name":"Vagas &#8211; old","item":"https:\/\/gatefy.com\/pt-br\/?page_id=9785"},{"@type":"ListItem","position":3,"name":"Desenvolvedor Front-End &#8211; Angular"}]},{"@type":"WebSite","@id":"https:\/\/gatefy.com\/pt-br\/#website","url":"https:\/\/gatefy.com\/pt-br\/","name":"Gatefy","description":"We use artificial intelligence and machine learning to improve businesses&#039; inbound and outbound email security. Integrates with O365, Exchange and G Suite.","publisher":{"@id":"https:\/\/gatefy.com\/pt-br\/#organization"},"potentialAction":[{"@type":"SearchAction","target":{"@type":"EntryPoint","urlTemplate":"https:\/\/gatefy.com\/pt-br\/?s={search_term_string}"},"query-input":{"@type":"PropertyValueSpecification","valueRequired":true,"valueName":"search_term_string"}}],"inLanguage":"pt-BR"},{"@type":"Organization","@id":"https:\/\/gatefy.com\/pt-br\/#organization","name":"Gatefy Email Security","url":"https:\/\/gatefy.com\/pt-br\/","logo":{"@type":"ImageObject","inLanguage":"pt-BR","@id":"https:\/\/gatefy.com\/pt-br\/#\/schema\/logo\/image\/","url":"https:\/\/gatefy.com\/wp-content\/uploads\/2021\/03\/logo-preto.png","contentUrl":"https:\/\/gatefy.com\/wp-content\/uploads\/2021\/03\/logo-preto.png","width":1500,"height":500,"caption":"Gatefy Email Security"},"image":{"@id":"https:\/\/gatefy.com\/pt-br\/#\/schema\/logo\/image\/"},"sameAs":["https:\/\/www.facebook.com\/gatefy","https:\/\/x.com\/gatefy_security","https:\/\/www.linkedin.com\/company\/gatefy","https:\/\/www.youtube.com\/channel\/UCFSZUkcvfwYSrGopaRtUSog"]}]}},"_links":{"self":[{"href":"https:\/\/gatefy.com\/pt-br\/wp-json\/wp\/v2\/pages\/9809","targetHints":{"allow":["GET"]}}],"collection":[{"href":"https:\/\/gatefy.com\/pt-br\/wp-json\/wp\/v2\/pages"}],"about":[{"href":"https:\/\/gatefy.com\/pt-br\/wp-json\/wp\/v2\/types\/page"}],"author":[{"embeddable":true,"href":"https:\/\/gatefy.com\/pt-br\/wp-json\/wp\/v2\/users\/4"}],"replies":[{"embeddable":true,"href":"https:\/\/gatefy.com\/pt-br\/wp-json\/wp\/v2\/comments?post=9809"}],"version-history":[{"count":0,"href":"https:\/\/gatefy.com\/pt-br\/wp-json\/wp\/v2\/pages\/9809\/revisions"}],"up":[{"embeddable":true,"href":"https:\/\/gatefy.com\/pt-br\/wp-json\/wp\/v2\/pages\/9785"}],"wp:attachment":[{"href":"https:\/\/gatefy.com\/pt-br\/wp-json\/wp\/v2\/media?parent=9809"}],"curies":[{"name":"wp","href":"https:\/\/api.w.org\/{rel}","templated":true}]}}