{"id":9799,"date":"2021-03-12T02:46:50","date_gmt":"2021-03-12T02:46:50","guid":{"rendered":"https:\/\/198.27.90.141\/?page_id=9799"},"modified":"2026-03-23T21:54:13","modified_gmt":"2026-03-23T21:54:13","slug":"desenvolvedor-back-end-php","status":"publish","type":"page","link":"https:\/\/gatefy.com\/pt-br\/old-vagas\/desenvolvedor-back-end-php\/","title":{"rendered":"Desenvolvedor Back-End &#8211; PHP"},"content":{"rendered":"\t\t<div data-elementor-type=\"wp-page\" data-elementor-id=\"9799\" class=\"elementor elementor-9799 elementor-9066\" data-elementor-settings=\"{&quot;ha_cmc_init_switcher&quot;:&quot;no&quot;}\" data-elementor-post-type=\"page\">\n\t\t\t\t\t\t<section class=\"elementor-section elementor-top-section elementor-element elementor-element-9f9f51f elementor-section-boxed elementor-section-height-default elementor-section-height-default\" data-id=\"9f9f51f\" data-element_type=\"section\" data-e-type=\"section\" data-settings=\"{&quot;background_background&quot;:&quot;classic&quot;,&quot;_ha_eqh_enable&quot;:false}\">\n\t\t\t\t\t\t<div class=\"elementor-container elementor-column-gap-default\">\n\t\t\t\t\t<div class=\"elementor-column elementor-col-100 elementor-top-column elementor-element elementor-element-3243ac4\" data-id=\"3243ac4\" data-element_type=\"column\" data-e-type=\"column\">\n\t\t\t<div class=\"elementor-widget-wrap elementor-element-populated\">\n\t\t\t\t\t\t<div class=\"elementor-element elementor-element-5f2eb1e elementor-widget elementor-widget-heading\" data-id=\"5f2eb1e\" data-element_type=\"widget\" data-e-type=\"widget\" data-widget_type=\"heading.default\">\n\t\t\t\t<div class=\"elementor-widget-container\">\n\t\t\t\t\t<h1 class=\"elementor-heading-title elementor-size-default\">Back-End Developer - PHP - S\u00eanior<\/h1>\t\t\t\t<\/div>\n\t\t\t\t<\/div>\n\t\t\t\t\t<\/div>\n\t\t<\/div>\n\t\t\t\t\t<\/div>\n\t\t<\/section>\n\t\t\t\t<section class=\"elementor-section elementor-top-section elementor-element elementor-element-f7e7e61 elementor-section-boxed elementor-section-height-default elementor-section-height-default\" data-id=\"f7e7e61\" data-element_type=\"section\" data-e-type=\"section\" data-settings=\"{&quot;background_background&quot;:&quot;classic&quot;,&quot;_ha_eqh_enable&quot;:false}\">\n\t\t\t\t\t\t<div class=\"elementor-container elementor-column-gap-default\">\n\t\t\t\t\t<div class=\"elementor-column elementor-col-100 elementor-top-column elementor-element elementor-element-44be79f\" data-id=\"44be79f\" data-element_type=\"column\" data-e-type=\"column\">\n\t\t\t<div class=\"elementor-widget-wrap elementor-element-populated\">\n\t\t\t\t\t\t<div class=\"elementor-element elementor-element-01a4b39 elementor-align-left elementor-widget elementor-widget-button\" data-id=\"01a4b39\" data-element_type=\"widget\" data-e-type=\"widget\" data-widget_type=\"button.default\">\n\t\t\t\t<div class=\"elementor-widget-container\">\n\t\t\t\t\t\t\t\t\t<div class=\"elementor-button-wrapper\">\n\t\t\t\t\t<a class=\"elementor-button elementor-button-link elementor-size-sm\" href=\"https:\/\/gatefy.com\/pt-br\/curriculo\/\">\n\t\t\t\t\t\t<span class=\"elementor-button-content-wrapper\">\n\t\t\t\t\t\t\t\t\t<span class=\"elementor-button-text\">Inscreva-se para esta vaga<\/span>\n\t\t\t\t\t<\/span>\n\t\t\t\t\t<\/a>\n\t\t\t\t<\/div>\n\t\t\t\t\t\t\t\t<\/div>\n\t\t\t\t<\/div>\n\t\t\t\t<div class=\"elementor-element elementor-element-2559066 elementor-widget elementor-widget-heading\" data-id=\"2559066\" data-element_type=\"widget\" data-e-type=\"widget\" data-widget_type=\"heading.default\">\n\t\t\t\t<div class=\"elementor-widget-container\">\n\t\t\t\t\t<h2 class=\"elementor-heading-title elementor-size-default\">N\u00f3s procuramos pessoas que<\/h2>\t\t\t\t<\/div>\n\t\t\t\t<\/div>\n\t\t\t\t<div class=\"elementor-element elementor-element-4bcb849 elementor-widget elementor-widget-text-editor\" data-id=\"4bcb849\" data-element_type=\"widget\" data-e-type=\"widget\" data-widget_type=\"text-editor.default\">\n\t\t\t\t<div class=\"elementor-widget-container\">\n\t\t\t\t\t\t\t\t\t<ul><li>Queiram fazer diferen\u00e7a no mundo.<\/li><li>Corram atr\u00e1s de seus sonhos.<\/li><li>Gostem de trabalhar em equipe.<\/li><li>Tenham comprometimento.<\/li><\/ul>\t\t\t\t\t\t\t\t<\/div>\n\t\t\t\t<\/div>\n\t\t\t\t<div class=\"elementor-element elementor-element-5c1bc91 elementor-widget elementor-widget-heading\" data-id=\"5c1bc91\" data-element_type=\"widget\" data-e-type=\"widget\" data-widget_type=\"heading.default\">\n\t\t\t\t<div class=\"elementor-widget-container\">\n\t\t\t\t\t<h2 class=\"elementor-heading-title elementor-size-default\">Voc\u00ea vai fazer\n<\/h2>\t\t\t\t<\/div>\n\t\t\t\t<\/div>\n\t\t\t\t<div class=\"elementor-element elementor-element-d7e2754 elementor-widget elementor-widget-text-editor\" data-id=\"d7e2754\" data-element_type=\"widget\" data-e-type=\"widget\" data-widget_type=\"text-editor.default\">\n\t\t\t\t<div class=\"elementor-widget-container\">\n\t\t\t\t\t\t\t\t\t<ul><li>Escrever c\u00f3digos para desenvolver novos aplicativos e solu\u00e7\u00f5es.<\/li><li>Analisar dados e c\u00f3digos para melhorias.<\/li><li>Construir c\u00f3digos e bibliotecas.<\/li><li>Otimizar aplicativos e banco de dados para alto desempenho.<\/li><li>Colaborar com a equipe para melhorar usabilidade.<\/li><li>Ajudar a criar uma experi\u00eancia funcional para o usu\u00e1rio final.<\/li><li>Procurar solu\u00e7\u00f5es criativas para problemas desafiadores.<\/li><\/ul>\t\t\t\t\t\t\t\t<\/div>\n\t\t\t\t<\/div>\n\t\t\t\t<div class=\"elementor-element elementor-element-bbfd099 elementor-widget elementor-widget-heading\" data-id=\"bbfd099\" data-element_type=\"widget\" data-e-type=\"widget\" data-widget_type=\"heading.default\">\n\t\t\t\t<div class=\"elementor-widget-container\">\n\t\t\t\t\t<h2 class=\"elementor-heading-title elementor-size-default\">Requisitos<\/h2>\t\t\t\t<\/div>\n\t\t\t\t<\/div>\n\t\t\t\t<div class=\"elementor-element elementor-element-a82597e elementor-widget elementor-widget-text-editor\" data-id=\"a82597e\" data-element_type=\"widget\" data-e-type=\"widget\" data-widget_type=\"text-editor.default\">\n\t\t\t\t<div class=\"elementor-widget-container\">\n\t\t\t\t\t\t\t\t\t<ul><li>Object-Oriented Programming (OOP).<\/li><li>PHP, PHPDocumentor.<\/li><li>MVC, DDD e SOLID.<\/li><li>APIs RESTfull.<\/li><li>Composer<\/li><li>MySQL \/ MariaDB.<\/li><li>Linux.<\/li><li>Git.<\/li><li>Docker.<\/li><\/ul>\t\t\t\t\t\t\t\t<\/div>\n\t\t\t\t<\/div>\n\t\t\t\t<div class=\"elementor-element elementor-element-0038a47 elementor-widget elementor-widget-heading\" data-id=\"0038a47\" data-element_type=\"widget\" data-e-type=\"widget\" data-widget_type=\"heading.default\">\n\t\t\t\t<div class=\"elementor-widget-container\">\n\t\t\t\t\t<h2 class=\"elementor-heading-title elementor-size-default\">Vantagens em trabalhar com a Gatefy<\/h2>\t\t\t\t<\/div>\n\t\t\t\t<\/div>\n\t\t\t\t<div class=\"elementor-element elementor-element-7f32279 elementor-widget elementor-widget-text-editor\" data-id=\"7f32279\" data-element_type=\"widget\" data-e-type=\"widget\" data-widget_type=\"text-editor.default\">\n\t\t\t\t<div class=\"elementor-widget-container\">\n\t\t\t\t\t\t\t\t\t<ul><li>N\u00f3s valorizamos as pessoas.<\/li><li>Ambiente diverso e inclusivo.<\/li><li>Totalmente Home office.<\/li><li>Hor\u00e1rio flex\u00edvel.<\/li><li>Sal\u00e1rio a combinar. Pagamos um valor compat\u00edvel com o mercado.<\/li><\/ul>\t\t\t\t\t\t\t\t<\/div>\n\t\t\t\t<\/div>\n\t\t\t\t<div class=\"elementor-element elementor-element-4c442ca elementor-align-left elementor-widget elementor-widget-button\" data-id=\"4c442ca\" data-element_type=\"widget\" data-e-type=\"widget\" data-widget_type=\"button.default\">\n\t\t\t\t<div class=\"elementor-widget-container\">\n\t\t\t\t\t\t\t\t\t<div class=\"elementor-button-wrapper\">\n\t\t\t\t\t<a class=\"elementor-button elementor-button-link elementor-size-sm\" href=\"https:\/\/gatefy.com\/pt-br\/curriculo\/\">\n\t\t\t\t\t\t<span class=\"elementor-button-content-wrapper\">\n\t\t\t\t\t\t\t\t\t<span class=\"elementor-button-text\">Inscreva-se para esta vaga<\/span>\n\t\t\t\t\t<\/span>\n\t\t\t\t\t<\/a>\n\t\t\t\t<\/div>\n\t\t\t\t\t\t\t\t<\/div>\n\t\t\t\t<\/div>\n\t\t\t\t<div class=\"elementor-element elementor-element-8e2be22 elementor-widget elementor-widget-heading\" data-id=\"8e2be22\" data-element_type=\"widget\" data-e-type=\"widget\" data-widget_type=\"heading.default\">\n\t\t\t\t<div class=\"elementor-widget-container\">\n\t\t\t\t\t<h2 class=\"elementor-heading-title elementor-size-default\">N\u00e3o achou a vaga a sua cara?<\/h2>\t\t\t\t<\/div>\n\t\t\t\t<\/div>\n\t\t\t\t<div class=\"elementor-element elementor-element-fae334c elementor-widget elementor-widget-text-editor\" data-id=\"fae334c\" data-element_type=\"widget\" data-e-type=\"widget\" data-widget_type=\"text-editor.default\">\n\t\t\t\t<div class=\"elementor-widget-container\">\n\t\t\t\t\t\t\t\t\t<p>Fique tranquilo(a)! Voc\u00ea ainda pode ser um(a) Gatemonster! Envie os seus dados <a href=\"https:\/\/gatefy.com\/pt-br\/curriculo\/\">clicando aqui<\/a>.<\/p>\t\t\t\t\t\t\t\t<\/div>\n\t\t\t\t<\/div>\n\t\t\t\t\t<\/div>\n\t\t<\/div>\n\t\t\t\t\t<\/div>\n\t\t<\/section>\n\t\t\t\t<\/div>\n\t\t","protected":false},"excerpt":{"rendered":"<p>Back-End Developer &#8211; PHP &#8211; S\u00eanior Inscreva-se para esta vaga N\u00f3s procuramos pessoas que Queiram fazer diferen\u00e7a no mundo. Corram atr\u00e1s de seus sonhos. Gostem de trabalhar em equipe. Tenham comprometimento. Voc\u00ea vai fazer Escrever c\u00f3digos para desenvolver novos aplicativos e solu\u00e7\u00f5es. Analisar dados e c\u00f3digos para melhorias. Construir c\u00f3digos e bibliotecas. Otimizar aplicativos e [&hellip;]<\/p>\n","protected":false},"author":4,"featured_media":0,"parent":9785,"menu_order":0,"comment_status":"closed","ping_status":"closed","template":"","meta":{"footnotes":""},"class_list":["post-9799","page","type-page","status-publish","hentry"],"yoast_head":"<!-- This site is optimized with the Yoast SEO plugin v27.1.1 - https:\/\/yoast.com\/product\/yoast-seo-wordpress\/ -->\n<title>Desenvolvedor Back-End - PHP - Gatefy<\/title>\n<meta name=\"description\" content=\"Inscreva-se agora e ajude-nos a desenvolver solu\u00e7\u00f5es de prote\u00e7\u00e3o de e-mail de \u00faltima gera\u00e7\u00e3o.\" \/>\n<meta name=\"robots\" content=\"index, follow, max-snippet:-1, max-image-preview:large, max-video-preview:-1\" \/>\n<link rel=\"canonical\" href=\"https:\/\/gatefy.com\/pt-br\/old-vagas\/desenvolvedor-back-end-php\/\" \/>\n<meta property=\"og:locale\" content=\"pt_BR\" \/>\n<meta property=\"og:type\" content=\"article\" \/>\n<meta property=\"og:title\" content=\"Desenvolvedor Back-End - PHP - Gatefy\" \/>\n<meta property=\"og:description\" content=\"Inscreva-se agora e ajude-nos a desenvolver solu\u00e7\u00f5es de prote\u00e7\u00e3o de e-mail de \u00faltima gera\u00e7\u00e3o.\" \/>\n<meta property=\"og:url\" content=\"https:\/\/gatefy.com\/pt-br\/old-vagas\/desenvolvedor-back-end-php\/\" \/>\n<meta property=\"og:site_name\" content=\"Gatefy\" \/>\n<meta property=\"article:publisher\" content=\"https:\/\/www.facebook.com\/gatefy\" \/>\n<meta property=\"article:modified_time\" content=\"2026-03-23T21:54:13+00:00\" \/>\n<meta name=\"twitter:card\" content=\"summary_large_image\" \/>\n<meta name=\"twitter:site\" content=\"@gatefy_security\" \/>\n<meta name=\"twitter:label1\" content=\"Est. tempo de leitura\" \/>\n\t<meta name=\"twitter:data1\" content=\"1 minuto\" \/>\n<script type=\"application\/ld+json\" class=\"yoast-schema-graph\">{\"@context\":\"https:\/\/schema.org\",\"@graph\":[{\"@type\":\"WebPage\",\"@id\":\"https:\/\/gatefy.com\/pt-br\/old-vagas\/desenvolvedor-back-end-php\/\",\"url\":\"https:\/\/gatefy.com\/pt-br\/old-vagas\/desenvolvedor-back-end-php\/\",\"name\":\"Desenvolvedor Back-End - PHP - Gatefy\",\"isPartOf\":{\"@id\":\"https:\/\/gatefy.com\/pt-br\/#website\"},\"datePublished\":\"2021-03-12T02:46:50+00:00\",\"dateModified\":\"2026-03-23T21:54:13+00:00\",\"description\":\"Inscreva-se agora e ajude-nos a desenvolver solu\u00e7\u00f5es de prote\u00e7\u00e3o de e-mail de \u00faltima gera\u00e7\u00e3o.\",\"breadcrumb\":{\"@id\":\"https:\/\/gatefy.com\/pt-br\/old-vagas\/desenvolvedor-back-end-php\/#breadcrumb\"},\"inLanguage\":\"pt-BR\",\"potentialAction\":[{\"@type\":\"ReadAction\",\"target\":[\"https:\/\/gatefy.com\/pt-br\/old-vagas\/desenvolvedor-back-end-php\/\"]}]},{\"@type\":\"BreadcrumbList\",\"@id\":\"https:\/\/gatefy.com\/pt-br\/old-vagas\/desenvolvedor-back-end-php\/#breadcrumb\",\"itemListElement\":[{\"@type\":\"ListItem\",\"position\":1,\"name\":\"Home\",\"item\":\"https:\/\/gatefy.com\/pt-br\/\"},{\"@type\":\"ListItem\",\"position\":2,\"name\":\"Vagas &#8211; old\",\"item\":\"https:\/\/gatefy.com\/pt-br\/?page_id=9785\"},{\"@type\":\"ListItem\",\"position\":3,\"name\":\"Desenvolvedor Back-End &#8211; PHP\"}]},{\"@type\":\"WebSite\",\"@id\":\"https:\/\/gatefy.com\/pt-br\/#website\",\"url\":\"https:\/\/gatefy.com\/pt-br\/\",\"name\":\"Gatefy\",\"description\":\"We use artificial intelligence and machine learning to improve businesses&#039; inbound and outbound email security. Integrates with O365, Exchange and G Suite.\",\"publisher\":{\"@id\":\"https:\/\/gatefy.com\/pt-br\/#organization\"},\"potentialAction\":[{\"@type\":\"SearchAction\",\"target\":{\"@type\":\"EntryPoint\",\"urlTemplate\":\"https:\/\/gatefy.com\/pt-br\/?s={search_term_string}\"},\"query-input\":{\"@type\":\"PropertyValueSpecification\",\"valueRequired\":true,\"valueName\":\"search_term_string\"}}],\"inLanguage\":\"pt-BR\"},{\"@type\":\"Organization\",\"@id\":\"https:\/\/gatefy.com\/pt-br\/#organization\",\"name\":\"Gatefy Email Security\",\"url\":\"https:\/\/gatefy.com\/pt-br\/\",\"logo\":{\"@type\":\"ImageObject\",\"inLanguage\":\"pt-BR\",\"@id\":\"https:\/\/gatefy.com\/pt-br\/#\/schema\/logo\/image\/\",\"url\":\"https:\/\/gatefy.com\/wp-content\/uploads\/2021\/03\/logo-preto.png\",\"contentUrl\":\"https:\/\/gatefy.com\/wp-content\/uploads\/2021\/03\/logo-preto.png\",\"width\":1500,\"height\":500,\"caption\":\"Gatefy Email Security\"},\"image\":{\"@id\":\"https:\/\/gatefy.com\/pt-br\/#\/schema\/logo\/image\/\"},\"sameAs\":[\"https:\/\/www.facebook.com\/gatefy\",\"https:\/\/x.com\/gatefy_security\",\"https:\/\/www.linkedin.com\/company\/gatefy\",\"https:\/\/www.youtube.com\/channel\/UCFSZUkcvfwYSrGopaRtUSog\"]}]}<\/script>\n<!-- \/ Yoast SEO plugin. -->","yoast_head_json":{"title":"Desenvolvedor Back-End - PHP - Gatefy","description":"Inscreva-se agora e ajude-nos a desenvolver solu\u00e7\u00f5es de prote\u00e7\u00e3o de e-mail de \u00faltima gera\u00e7\u00e3o.","robots":{"index":"index","follow":"follow","max-snippet":"max-snippet:-1","max-image-preview":"max-image-preview:large","max-video-preview":"max-video-preview:-1"},"canonical":"https:\/\/gatefy.com\/pt-br\/old-vagas\/desenvolvedor-back-end-php\/","og_locale":"pt_BR","og_type":"article","og_title":"Desenvolvedor Back-End - PHP - Gatefy","og_description":"Inscreva-se agora e ajude-nos a desenvolver solu\u00e7\u00f5es de prote\u00e7\u00e3o de e-mail de \u00faltima gera\u00e7\u00e3o.","og_url":"https:\/\/gatefy.com\/pt-br\/old-vagas\/desenvolvedor-back-end-php\/","og_site_name":"Gatefy","article_publisher":"https:\/\/www.facebook.com\/gatefy","article_modified_time":"2026-03-23T21:54:13+00:00","twitter_card":"summary_large_image","twitter_site":"@gatefy_security","twitter_misc":{"Est. tempo de leitura":"1 minuto"},"schema":{"@context":"https:\/\/schema.org","@graph":[{"@type":"WebPage","@id":"https:\/\/gatefy.com\/pt-br\/old-vagas\/desenvolvedor-back-end-php\/","url":"https:\/\/gatefy.com\/pt-br\/old-vagas\/desenvolvedor-back-end-php\/","name":"Desenvolvedor Back-End - PHP - Gatefy","isPartOf":{"@id":"https:\/\/gatefy.com\/pt-br\/#website"},"datePublished":"2021-03-12T02:46:50+00:00","dateModified":"2026-03-23T21:54:13+00:00","description":"Inscreva-se agora e ajude-nos a desenvolver solu\u00e7\u00f5es de prote\u00e7\u00e3o de e-mail de \u00faltima gera\u00e7\u00e3o.","breadcrumb":{"@id":"https:\/\/gatefy.com\/pt-br\/old-vagas\/desenvolvedor-back-end-php\/#breadcrumb"},"inLanguage":"pt-BR","potentialAction":[{"@type":"ReadAction","target":["https:\/\/gatefy.com\/pt-br\/old-vagas\/desenvolvedor-back-end-php\/"]}]},{"@type":"BreadcrumbList","@id":"https:\/\/gatefy.com\/pt-br\/old-vagas\/desenvolvedor-back-end-php\/#breadcrumb","itemListElement":[{"@type":"ListItem","position":1,"name":"Home","item":"https:\/\/gatefy.com\/pt-br\/"},{"@type":"ListItem","position":2,"name":"Vagas &#8211; old","item":"https:\/\/gatefy.com\/pt-br\/?page_id=9785"},{"@type":"ListItem","position":3,"name":"Desenvolvedor Back-End &#8211; PHP"}]},{"@type":"WebSite","@id":"https:\/\/gatefy.com\/pt-br\/#website","url":"https:\/\/gatefy.com\/pt-br\/","name":"Gatefy","description":"We use artificial intelligence and machine learning to improve businesses&#039; inbound and outbound email security. Integrates with O365, Exchange and G Suite.","publisher":{"@id":"https:\/\/gatefy.com\/pt-br\/#organization"},"potentialAction":[{"@type":"SearchAction","target":{"@type":"EntryPoint","urlTemplate":"https:\/\/gatefy.com\/pt-br\/?s={search_term_string}"},"query-input":{"@type":"PropertyValueSpecification","valueRequired":true,"valueName":"search_term_string"}}],"inLanguage":"pt-BR"},{"@type":"Organization","@id":"https:\/\/gatefy.com\/pt-br\/#organization","name":"Gatefy Email Security","url":"https:\/\/gatefy.com\/pt-br\/","logo":{"@type":"ImageObject","inLanguage":"pt-BR","@id":"https:\/\/gatefy.com\/pt-br\/#\/schema\/logo\/image\/","url":"https:\/\/gatefy.com\/wp-content\/uploads\/2021\/03\/logo-preto.png","contentUrl":"https:\/\/gatefy.com\/wp-content\/uploads\/2021\/03\/logo-preto.png","width":1500,"height":500,"caption":"Gatefy Email Security"},"image":{"@id":"https:\/\/gatefy.com\/pt-br\/#\/schema\/logo\/image\/"},"sameAs":["https:\/\/www.facebook.com\/gatefy","https:\/\/x.com\/gatefy_security","https:\/\/www.linkedin.com\/company\/gatefy","https:\/\/www.youtube.com\/channel\/UCFSZUkcvfwYSrGopaRtUSog"]}]}},"_links":{"self":[{"href":"https:\/\/gatefy.com\/pt-br\/wp-json\/wp\/v2\/pages\/9799","targetHints":{"allow":["GET"]}}],"collection":[{"href":"https:\/\/gatefy.com\/pt-br\/wp-json\/wp\/v2\/pages"}],"about":[{"href":"https:\/\/gatefy.com\/pt-br\/wp-json\/wp\/v2\/types\/page"}],"author":[{"embeddable":true,"href":"https:\/\/gatefy.com\/pt-br\/wp-json\/wp\/v2\/users\/4"}],"replies":[{"embeddable":true,"href":"https:\/\/gatefy.com\/pt-br\/wp-json\/wp\/v2\/comments?post=9799"}],"version-history":[{"count":0,"href":"https:\/\/gatefy.com\/pt-br\/wp-json\/wp\/v2\/pages\/9799\/revisions"}],"up":[{"embeddable":true,"href":"https:\/\/gatefy.com\/pt-br\/wp-json\/wp\/v2\/pages\/9785"}],"wp:attachment":[{"href":"https:\/\/gatefy.com\/pt-br\/wp-json\/wp\/v2\/media?parent=9799"}],"curies":[{"name":"wp","href":"https:\/\/api.w.org\/{rel}","templated":true}]}}