{"id":9772,"date":"2021-03-12T02:31:08","date_gmt":"2021-03-12T02:31:08","guid":{"rendered":"https:\/\/198.27.90.141\/?page_id=9772"},"modified":"2021-04-23T13:50:23","modified_gmt":"2021-04-23T13:50:23","slug":"suporte","status":"publish","type":"page","link":"https:\/\/gatefy.com\/pt-br\/suporte\/","title":{"rendered":"Suporte T\u00e9cnico"},"content":{"rendered":"\t\t<div data-elementor-type=\"wp-page\" data-elementor-id=\"9772\" class=\"elementor elementor-9772 elementor-9178\" data-elementor-settings=\"{&quot;ha_cmc_init_switcher&quot;:&quot;no&quot;}\" data-elementor-post-type=\"page\">\n\t\t\t\t\t\t<section class=\"elementor-section elementor-top-section elementor-element elementor-element-8614ac9 elementor-section-boxed elementor-section-height-default elementor-section-height-default\" data-id=\"8614ac9\" data-element_type=\"section\" data-e-type=\"section\" data-settings=\"{&quot;background_background&quot;:&quot;classic&quot;,&quot;_ha_eqh_enable&quot;:false}\">\n\t\t\t\t\t\t<div class=\"elementor-container elementor-column-gap-default\">\n\t\t\t\t\t<div class=\"elementor-column elementor-col-100 elementor-top-column elementor-element elementor-element-f821851\" data-id=\"f821851\" data-element_type=\"column\" data-e-type=\"column\">\n\t\t\t<div class=\"elementor-widget-wrap elementor-element-populated\">\n\t\t\t\t\t\t<div class=\"elementor-element elementor-element-b558359 elementor-widget elementor-widget-heading\" data-id=\"b558359\" data-element_type=\"widget\" data-e-type=\"widget\" data-widget_type=\"heading.default\">\n\t\t\t\t<div class=\"elementor-widget-container\">\n\t\t\t\t\t<h1 class=\"elementor-heading-title elementor-size-default\">Suporte T\u00e9cnico<\/h1>\t\t\t\t<\/div>\n\t\t\t\t<\/div>\n\t\t\t\t\t<\/div>\n\t\t<\/div>\n\t\t\t\t\t<\/div>\n\t\t<\/section>\n\t\t\t\t<section class=\"elementor-section elementor-top-section elementor-element elementor-element-aab22d5 elementor-section-boxed elementor-section-height-default elementor-section-height-default\" data-id=\"aab22d5\" data-element_type=\"section\" data-e-type=\"section\" data-settings=\"{&quot;background_background&quot;:&quot;classic&quot;,&quot;_ha_eqh_enable&quot;:false}\">\n\t\t\t\t\t\t<div class=\"elementor-container elementor-column-gap-default\">\n\t\t\t\t\t<div class=\"elementor-column elementor-col-50 elementor-top-column elementor-element elementor-element-6c90a2e\" data-id=\"6c90a2e\" data-element_type=\"column\" data-e-type=\"column\">\n\t\t\t<div class=\"elementor-widget-wrap elementor-element-populated\">\n\t\t\t\t\t\t<div class=\"elementor-element elementor-element-cf588e1 elementor-widget elementor-widget-heading\" data-id=\"cf588e1\" data-element_type=\"widget\" data-e-type=\"widget\" data-widget_type=\"heading.default\">\n\t\t\t\t<div class=\"elementor-widget-container\">\n\t\t\t\t\t<h2 class=\"elementor-heading-title elementor-size-default\">Servi\u00e7os de suporte t\u00e9cnico<\/h2>\t\t\t\t<\/div>\n\t\t\t\t<\/div>\n\t\t\t\t<div class=\"elementor-element elementor-element-35910d2 elementor-widget elementor-widget-text-editor\" data-id=\"35910d2\" data-element_type=\"widget\" data-e-type=\"widget\" data-widget_type=\"text-editor.default\">\n\t\t\t\t<div class=\"elementor-widget-container\">\n\t\t\t\t\t\t\t\t\t<p>Para entrar em contato com o time de suporte da Gatefy, basta preencher o formul\u00e1rio ou enviar a sua solicita\u00e7\u00e3o por e-mail para suporte@gatefy.com.<\/p>\t\t\t\t\t\t\t\t<\/div>\n\t\t\t\t<\/div>\n\t\t\t\t<div class=\"elementor-element elementor-element-a880d8a elementor-button-align-stretch elementor-widget elementor-widget-form\" data-id=\"a880d8a\" data-element_type=\"widget\" data-e-type=\"widget\" data-settings=\"{&quot;step_next_label&quot;:&quot;Next&quot;,&quot;step_previous_label&quot;:&quot;Previous&quot;,&quot;button_width&quot;:&quot;100&quot;,&quot;step_type&quot;:&quot;number_text&quot;,&quot;step_icon_shape&quot;:&quot;circle&quot;}\" data-widget_type=\"form.default\">\n\t\t\t\t<div class=\"elementor-widget-container\">\n\t\t\t\t\t\t\t<form class=\"elementor-form\" method=\"post\" id=\"Suporte\" name=\"Suporte\" aria-label=\"Suporte\">\n\t\t\t<input type=\"hidden\" name=\"post_id\" value=\"9772\"\/>\n\t\t\t<input type=\"hidden\" name=\"form_id\" value=\"a880d8a\"\/>\n\t\t\t<input type=\"hidden\" name=\"referer_title\" value=\"Gatefy\" \/>\n\n\t\t\t\n\t\t\t<div class=\"elementor-form-fields-wrapper elementor-labels-\">\n\t\t\t\t\t\t\t\t<div class=\"elementor-field-type-text elementor-field-group elementor-column elementor-field-group-name elementor-col-100 elementor-field-required\">\n\t\t\t\t\t\t\t\t\t\t\t\t<label for=\"form-field-name\" class=\"elementor-field-label elementor-screen-only\">\n\t\t\t\t\t\t\t\tNome\t\t\t\t\t\t\t<\/label>\n\t\t\t\t\t\t\t\t\t\t\t\t\t\t<input size=\"1\" type=\"text\" name=\"form_fields[name]\" id=\"form-field-name\" class=\"elementor-field elementor-size-xs  elementor-field-textual\" placeholder=\"Nome\" required=\"required\">\n\t\t\t\t\t\t\t\t\t\t\t<\/div>\n\t\t\t\t\t\t\t\t<div class=\"elementor-field-type-email elementor-field-group elementor-column elementor-field-group-email elementor-col-100 elementor-field-required\">\n\t\t\t\t\t\t\t\t\t\t\t\t<label for=\"form-field-email\" class=\"elementor-field-label elementor-screen-only\">\n\t\t\t\t\t\t\t\tE-mail Corporativo\t\t\t\t\t\t\t<\/label>\n\t\t\t\t\t\t\t\t\t\t\t\t\t\t<input size=\"1\" type=\"email\" name=\"form_fields[email]\" id=\"form-field-email\" class=\"elementor-field elementor-size-xs  elementor-field-textual\" placeholder=\"E-mail Corporativo\" required=\"required\">\n\t\t\t\t\t\t\t\t\t\t\t<\/div>\n\t\t\t\t\t\t\t\t<div class=\"elementor-field-type-textarea elementor-field-group elementor-column elementor-field-group-field_383c520 elementor-col-100 elementor-field-required\">\n\t\t\t\t\t\t\t\t\t\t\t\t<label for=\"form-field-field_383c520\" class=\"elementor-field-label elementor-screen-only\">\n\t\t\t\t\t\t\t\tText\t\t\t\t\t\t\t<\/label>\n\t\t\t\t\t\t<textarea class=\"elementor-field-textual elementor-field  elementor-size-xs\" name=\"form_fields[field_383c520]\" id=\"form-field-field_383c520\" rows=\"4\" placeholder=\"Resumo da Quest\u00e3o\" required=\"required\"><\/textarea>\t\t\t\t<\/div>\n\t\t\t\t\t\t\t\t<div class=\"elementor-field-type-recaptcha elementor-field-group elementor-column elementor-field-group-field_0bd4002 elementor-col-100\">\n\t\t\t\t\t<div class=\"elementor-field\" id=\"form-field-field_0bd4002\"><div class=\"elementor-g-recaptcha\" data-sitekey=\"6LeExI8aAAAAAK1ysbIxk9Vkym7Vu89O8B97pSLe\" data-type=\"v2_checkbox\" data-theme=\"light\" data-size=\"normal\"><\/div><\/div>\t\t\t\t<\/div>\n\t\t\t\t\t\t\t\t<div class=\"elementor-field-group elementor-column elementor-field-type-submit elementor-col-100 e-form__buttons\">\n\t\t\t\t\t<button class=\"elementor-button elementor-size-xs\" type=\"submit\">\n\t\t\t\t\t\t<span class=\"elementor-button-content-wrapper\">\n\t\t\t\t\t\t\t\t\t\t\t\t\t\t\t\t\t\t\t\t\t\t<span class=\"elementor-button-text\">Enviar<\/span>\n\t\t\t\t\t\t\t\t\t\t\t\t\t<\/span>\n\t\t\t\t\t<\/button>\n\t\t\t\t<\/div>\n\t\t\t<\/div>\n\t\t<\/form>\n\t\t\t\t\t\t<\/div>\n\t\t\t\t<\/div>\n\t\t\t\t\t<\/div>\n\t\t<\/div>\n\t\t\t\t<div class=\"elementor-column elementor-col-50 elementor-top-column elementor-element elementor-element-a7669c7\" data-id=\"a7669c7\" data-element_type=\"column\" data-e-type=\"column\">\n\t\t\t<div class=\"elementor-widget-wrap elementor-element-populated\">\n\t\t\t\t\t\t<div class=\"elementor-element elementor-element-cbd0b38 elementor-widget elementor-widget-image\" data-id=\"cbd0b38\" data-element_type=\"widget\" data-e-type=\"widget\" data-widget_type=\"image.default\">\n\t\t\t\t<div class=\"elementor-widget-container\">\n\t\t\t\t\t\t\t\t\t\t\t\t\t\t\t<img fetchpriority=\"high\" decoding=\"async\" width=\"1000\" height=\"620\" src=\"https:\/\/gatefy.com\/wp-content\/uploads\/2020\/10\/email-solution-1.png\" class=\"attachment-full size-full wp-image-103\" alt=\"Gatefy Email Protection\" srcset=\"https:\/\/gatefy.com\/wp-content\/uploads\/2020\/10\/email-solution-1.png 1000w, https:\/\/gatefy.com\/wp-content\/uploads\/2020\/10\/email-solution-1-300x186.png 300w, https:\/\/gatefy.com\/wp-content\/uploads\/2020\/10\/email-solution-1-768x476.png 768w\" sizes=\"(max-width: 1000px) 100vw, 1000px\" \/>\t\t\t\t\t\t\t\t\t\t\t\t\t\t\t<\/div>\n\t\t\t\t<\/div>\n\t\t\t\t\t<\/div>\n\t\t<\/div>\n\t\t\t\t\t<\/div>\n\t\t<\/section>\n\t\t\t\t<\/div>\n\t\t","protected":false},"excerpt":{"rendered":"<p>Suporte T\u00e9cnico Servi\u00e7os de suporte t\u00e9cnico Para entrar em contato com o time de suporte da Gatefy, basta preencher o formul\u00e1rio ou enviar a sua solicita\u00e7\u00e3o por e-mail para suporte@gatefy.com.<\/p>\n","protected":false},"author":4,"featured_media":0,"parent":0,"menu_order":0,"comment_status":"closed","ping_status":"closed","template":"","meta":{"footnotes":""},"class_list":["post-9772","page","type-page","status-publish","hentry"],"yoast_head":"<!-- This site is optimized with the Yoast SEO plugin v27.1.1 - https:\/\/yoast.com\/product\/yoast-seo-wordpress\/ -->\n<title>Suporte T\u00e9cnico - Gatefy<\/title>\n<meta name=\"description\" content=\"Voc\u00ea tem d\u00favidas sobre servi\u00e7os e solu\u00e7\u00f5es de seguran\u00e7a de e-mail? A nossa equipe de suporte t\u00e9cnico est\u00e1 pronta para ajud\u00e1-lo.\" \/>\n<meta name=\"robots\" content=\"index, follow, max-snippet:-1, max-image-preview:large, max-video-preview:-1\" \/>\n<link rel=\"canonical\" href=\"https:\/\/gatefy.com\/pt-br\/suporte\/\" \/>\n<meta property=\"og:locale\" content=\"pt_BR\" \/>\n<meta property=\"og:type\" content=\"article\" \/>\n<meta property=\"og:title\" content=\"Suporte T\u00e9cnico - Gatefy\" \/>\n<meta property=\"og:description\" content=\"Voc\u00ea tem d\u00favidas sobre servi\u00e7os e solu\u00e7\u00f5es de seguran\u00e7a de e-mail? A nossa equipe de suporte t\u00e9cnico est\u00e1 pronta para ajud\u00e1-lo.\" \/>\n<meta property=\"og:url\" content=\"https:\/\/gatefy.com\/pt-br\/suporte\/\" \/>\n<meta property=\"og:site_name\" content=\"Gatefy\" \/>\n<meta property=\"article:publisher\" content=\"https:\/\/www.facebook.com\/gatefy\" \/>\n<meta property=\"article:modified_time\" content=\"2021-04-23T13:50:23+00:00\" \/>\n<meta property=\"og:image\" content=\"https:\/\/gatefy.com\/wp-content\/uploads\/2020\/10\/email-solution-1.png\" \/>\n<meta name=\"twitter:card\" content=\"summary_large_image\" \/>\n<meta name=\"twitter:site\" content=\"@gatefy_security\" \/>\n<meta name=\"twitter:label1\" content=\"Est. tempo de leitura\" \/>\n\t<meta name=\"twitter:data1\" content=\"1 minuto\" \/>\n<script type=\"application\/ld+json\" class=\"yoast-schema-graph\">{\"@context\":\"https:\/\/schema.org\",\"@graph\":[{\"@type\":\"WebPage\",\"@id\":\"https:\/\/gatefy.com\/pt-br\/suporte\/\",\"url\":\"https:\/\/gatefy.com\/pt-br\/suporte\/\",\"name\":\"Suporte T\u00e9cnico - Gatefy\",\"isPartOf\":{\"@id\":\"https:\/\/gatefy.com\/pt-br\/#website\"},\"primaryImageOfPage\":{\"@id\":\"https:\/\/gatefy.com\/pt-br\/suporte\/#primaryimage\"},\"image\":{\"@id\":\"https:\/\/gatefy.com\/pt-br\/suporte\/#primaryimage\"},\"thumbnailUrl\":\"https:\/\/gatefy.com\/wp-content\/uploads\/2020\/10\/email-solution-1.png\",\"datePublished\":\"2021-03-12T02:31:08+00:00\",\"dateModified\":\"2021-04-23T13:50:23+00:00\",\"description\":\"Voc\u00ea tem d\u00favidas sobre servi\u00e7os e solu\u00e7\u00f5es de seguran\u00e7a de e-mail? A nossa equipe de suporte t\u00e9cnico est\u00e1 pronta para ajud\u00e1-lo.\",\"breadcrumb\":{\"@id\":\"https:\/\/gatefy.com\/pt-br\/suporte\/#breadcrumb\"},\"inLanguage\":\"pt-BR\",\"potentialAction\":[{\"@type\":\"ReadAction\",\"target\":[\"https:\/\/gatefy.com\/pt-br\/suporte\/\"]}]},{\"@type\":\"ImageObject\",\"inLanguage\":\"pt-BR\",\"@id\":\"https:\/\/gatefy.com\/pt-br\/suporte\/#primaryimage\",\"url\":\"https:\/\/gatefy.com\/wp-content\/uploads\/2020\/10\/email-solution-1.png\",\"contentUrl\":\"https:\/\/gatefy.com\/wp-content\/uploads\/2020\/10\/email-solution-1.png\"},{\"@type\":\"BreadcrumbList\",\"@id\":\"https:\/\/gatefy.com\/pt-br\/suporte\/#breadcrumb\",\"itemListElement\":[{\"@type\":\"ListItem\",\"position\":1,\"name\":\"Home\",\"item\":\"https:\/\/gatefy.com\/pt-br\/\"},{\"@type\":\"ListItem\",\"position\":2,\"name\":\"Suporte T\u00e9cnico\"}]},{\"@type\":\"WebSite\",\"@id\":\"https:\/\/gatefy.com\/pt-br\/#website\",\"url\":\"https:\/\/gatefy.com\/pt-br\/\",\"name\":\"Gatefy\",\"description\":\"We use artificial intelligence and machine learning to improve businesses&#039; inbound and outbound email security. Integrates with O365, Exchange and G Suite.\",\"publisher\":{\"@id\":\"https:\/\/gatefy.com\/pt-br\/#organization\"},\"potentialAction\":[{\"@type\":\"SearchAction\",\"target\":{\"@type\":\"EntryPoint\",\"urlTemplate\":\"https:\/\/gatefy.com\/pt-br\/?s={search_term_string}\"},\"query-input\":{\"@type\":\"PropertyValueSpecification\",\"valueRequired\":true,\"valueName\":\"search_term_string\"}}],\"inLanguage\":\"pt-BR\"},{\"@type\":\"Organization\",\"@id\":\"https:\/\/gatefy.com\/pt-br\/#organization\",\"name\":\"Gatefy Email Security\",\"url\":\"https:\/\/gatefy.com\/pt-br\/\",\"logo\":{\"@type\":\"ImageObject\",\"inLanguage\":\"pt-BR\",\"@id\":\"https:\/\/gatefy.com\/pt-br\/#\/schema\/logo\/image\/\",\"url\":\"https:\/\/gatefy.com\/wp-content\/uploads\/2021\/03\/logo-preto.png\",\"contentUrl\":\"https:\/\/gatefy.com\/wp-content\/uploads\/2021\/03\/logo-preto.png\",\"width\":1500,\"height\":500,\"caption\":\"Gatefy Email Security\"},\"image\":{\"@id\":\"https:\/\/gatefy.com\/pt-br\/#\/schema\/logo\/image\/\"},\"sameAs\":[\"https:\/\/www.facebook.com\/gatefy\",\"https:\/\/x.com\/gatefy_security\",\"https:\/\/www.linkedin.com\/company\/gatefy\",\"https:\/\/www.youtube.com\/channel\/UCFSZUkcvfwYSrGopaRtUSog\"]}]}<\/script>\n<!-- \/ Yoast SEO plugin. -->","yoast_head_json":{"title":"Suporte T\u00e9cnico - Gatefy","description":"Voc\u00ea tem d\u00favidas sobre servi\u00e7os e solu\u00e7\u00f5es de seguran\u00e7a de e-mail? A nossa equipe de suporte t\u00e9cnico est\u00e1 pronta para ajud\u00e1-lo.","robots":{"index":"index","follow":"follow","max-snippet":"max-snippet:-1","max-image-preview":"max-image-preview:large","max-video-preview":"max-video-preview:-1"},"canonical":"https:\/\/gatefy.com\/pt-br\/suporte\/","og_locale":"pt_BR","og_type":"article","og_title":"Suporte T\u00e9cnico - Gatefy","og_description":"Voc\u00ea tem d\u00favidas sobre servi\u00e7os e solu\u00e7\u00f5es de seguran\u00e7a de e-mail? A nossa equipe de suporte t\u00e9cnico est\u00e1 pronta para ajud\u00e1-lo.","og_url":"https:\/\/gatefy.com\/pt-br\/suporte\/","og_site_name":"Gatefy","article_publisher":"https:\/\/www.facebook.com\/gatefy","article_modified_time":"2021-04-23T13:50:23+00:00","og_image":[{"url":"https:\/\/gatefy.com\/wp-content\/uploads\/2020\/10\/email-solution-1.png","type":"","width":"","height":""}],"twitter_card":"summary_large_image","twitter_site":"@gatefy_security","twitter_misc":{"Est. tempo de leitura":"1 minuto"},"schema":{"@context":"https:\/\/schema.org","@graph":[{"@type":"WebPage","@id":"https:\/\/gatefy.com\/pt-br\/suporte\/","url":"https:\/\/gatefy.com\/pt-br\/suporte\/","name":"Suporte T\u00e9cnico - Gatefy","isPartOf":{"@id":"https:\/\/gatefy.com\/pt-br\/#website"},"primaryImageOfPage":{"@id":"https:\/\/gatefy.com\/pt-br\/suporte\/#primaryimage"},"image":{"@id":"https:\/\/gatefy.com\/pt-br\/suporte\/#primaryimage"},"thumbnailUrl":"https:\/\/gatefy.com\/wp-content\/uploads\/2020\/10\/email-solution-1.png","datePublished":"2021-03-12T02:31:08+00:00","dateModified":"2021-04-23T13:50:23+00:00","description":"Voc\u00ea tem d\u00favidas sobre servi\u00e7os e solu\u00e7\u00f5es de seguran\u00e7a de e-mail? A nossa equipe de suporte t\u00e9cnico est\u00e1 pronta para ajud\u00e1-lo.","breadcrumb":{"@id":"https:\/\/gatefy.com\/pt-br\/suporte\/#breadcrumb"},"inLanguage":"pt-BR","potentialAction":[{"@type":"ReadAction","target":["https:\/\/gatefy.com\/pt-br\/suporte\/"]}]},{"@type":"ImageObject","inLanguage":"pt-BR","@id":"https:\/\/gatefy.com\/pt-br\/suporte\/#primaryimage","url":"https:\/\/gatefy.com\/wp-content\/uploads\/2020\/10\/email-solution-1.png","contentUrl":"https:\/\/gatefy.com\/wp-content\/uploads\/2020\/10\/email-solution-1.png"},{"@type":"BreadcrumbList","@id":"https:\/\/gatefy.com\/pt-br\/suporte\/#breadcrumb","itemListElement":[{"@type":"ListItem","position":1,"name":"Home","item":"https:\/\/gatefy.com\/pt-br\/"},{"@type":"ListItem","position":2,"name":"Suporte T\u00e9cnico"}]},{"@type":"WebSite","@id":"https:\/\/gatefy.com\/pt-br\/#website","url":"https:\/\/gatefy.com\/pt-br\/","name":"Gatefy","description":"We use artificial intelligence and machine learning to improve businesses&#039; inbound and outbound email security. Integrates with O365, Exchange and G Suite.","publisher":{"@id":"https:\/\/gatefy.com\/pt-br\/#organization"},"potentialAction":[{"@type":"SearchAction","target":{"@type":"EntryPoint","urlTemplate":"https:\/\/gatefy.com\/pt-br\/?s={search_term_string}"},"query-input":{"@type":"PropertyValueSpecification","valueRequired":true,"valueName":"search_term_string"}}],"inLanguage":"pt-BR"},{"@type":"Organization","@id":"https:\/\/gatefy.com\/pt-br\/#organization","name":"Gatefy Email Security","url":"https:\/\/gatefy.com\/pt-br\/","logo":{"@type":"ImageObject","inLanguage":"pt-BR","@id":"https:\/\/gatefy.com\/pt-br\/#\/schema\/logo\/image\/","url":"https:\/\/gatefy.com\/wp-content\/uploads\/2021\/03\/logo-preto.png","contentUrl":"https:\/\/gatefy.com\/wp-content\/uploads\/2021\/03\/logo-preto.png","width":1500,"height":500,"caption":"Gatefy Email Security"},"image":{"@id":"https:\/\/gatefy.com\/pt-br\/#\/schema\/logo\/image\/"},"sameAs":["https:\/\/www.facebook.com\/gatefy","https:\/\/x.com\/gatefy_security","https:\/\/www.linkedin.com\/company\/gatefy","https:\/\/www.youtube.com\/channel\/UCFSZUkcvfwYSrGopaRtUSog"]}]}},"_links":{"self":[{"href":"https:\/\/gatefy.com\/pt-br\/wp-json\/wp\/v2\/pages\/9772","targetHints":{"allow":["GET"]}}],"collection":[{"href":"https:\/\/gatefy.com\/pt-br\/wp-json\/wp\/v2\/pages"}],"about":[{"href":"https:\/\/gatefy.com\/pt-br\/wp-json\/wp\/v2\/types\/page"}],"author":[{"embeddable":true,"href":"https:\/\/gatefy.com\/pt-br\/wp-json\/wp\/v2\/users\/4"}],"replies":[{"embeddable":true,"href":"https:\/\/gatefy.com\/pt-br\/wp-json\/wp\/v2\/comments?post=9772"}],"version-history":[{"count":0,"href":"https:\/\/gatefy.com\/pt-br\/wp-json\/wp\/v2\/pages\/9772\/revisions"}],"wp:attachment":[{"href":"https:\/\/gatefy.com\/pt-br\/wp-json\/wp\/v2\/media?parent=9772"}],"curies":[{"name":"wp","href":"https:\/\/api.w.org\/{rel}","templated":true}]}}