{"id":9701,"date":"2021-03-12T01:11:30","date_gmt":"2021-03-12T01:11:30","guid":{"rendered":"https:\/\/198.27.90.141\/?page_id=9701"},"modified":"2021-03-18T19:34:09","modified_gmt":"2021-03-18T19:34:09","slug":"seguranca-email-appliance-preco","status":"publish","type":"page","link":"https:\/\/gatefy.com\/pt-br\/seguranca-email-appliance-preco\/","title":{"rendered":"Seguran\u00e7a de E-mail Appliance | Pre\u00e7o"},"content":{"rendered":"\t\t<div data-elementor-type=\"wp-page\" data-elementor-id=\"9701\" class=\"elementor elementor-9701 elementor-3308\" data-elementor-settings=\"{&quot;ha_cmc_init_switcher&quot;:&quot;no&quot;}\" data-elementor-post-type=\"page\">\n\t\t\t\t\t\t<section class=\"elementor-section elementor-top-section elementor-element elementor-element-25b88914 elementor-section-boxed elementor-section-height-default elementor-section-height-default\" data-id=\"25b88914\" data-element_type=\"section\" data-e-type=\"section\" data-settings=\"{&quot;background_background&quot;:&quot;classic&quot;,&quot;_ha_eqh_enable&quot;:false}\">\n\t\t\t\t\t\t<div class=\"elementor-container elementor-column-gap-default\">\n\t\t\t\t\t<div class=\"elementor-column elementor-col-100 elementor-top-column elementor-element elementor-element-696ae400\" data-id=\"696ae400\" data-element_type=\"column\" data-e-type=\"column\">\n\t\t\t<div class=\"elementor-widget-wrap elementor-element-populated\">\n\t\t\t\t\t\t<div class=\"elementor-element elementor-element-5177692 elementor-widget elementor-widget-text-editor\" data-id=\"5177692\" data-element_type=\"widget\" data-e-type=\"widget\" data-widget_type=\"text-editor.default\">\n\t\t\t\t<div class=\"elementor-widget-container\">\n\t\t\t\t\t\t\t\t\tGatefy Email Security &#8211; Pre\u00e7o\t\t\t\t\t\t\t\t<\/div>\n\t\t\t\t<\/div>\n\t\t\t\t\t<\/div>\n\t\t<\/div>\n\t\t\t\t\t<\/div>\n\t\t<\/section>\n\t\t\t\t<section class=\"elementor-section elementor-top-section elementor-element elementor-element-602e502 elementor-section-boxed elementor-section-height-default elementor-section-height-default\" data-id=\"602e502\" data-element_type=\"section\" data-e-type=\"section\" data-settings=\"{&quot;background_background&quot;:&quot;classic&quot;,&quot;_ha_eqh_enable&quot;:false}\">\n\t\t\t\t\t\t<div class=\"elementor-container elementor-column-gap-default\">\n\t\t\t\t\t<div class=\"elementor-column elementor-col-100 elementor-top-column elementor-element elementor-element-c82ff72\" data-id=\"c82ff72\" data-element_type=\"column\" data-e-type=\"column\">\n\t\t\t<div class=\"elementor-widget-wrap elementor-element-populated\">\n\t\t\t\t\t\t<div class=\"elementor-element elementor-element-56c541f elementor-nav-menu__align-center elementor-nav-menu--dropdown-tablet elementor-nav-menu__text-align-aside elementor-nav-menu--toggle elementor-nav-menu--burger elementor-widget elementor-widget-nav-menu\" data-id=\"56c541f\" data-element_type=\"widget\" data-e-type=\"widget\" data-settings=\"{&quot;layout&quot;:&quot;horizontal&quot;,&quot;submenu_icon&quot;:{&quot;value&quot;:&quot;&lt;i class=\\&quot;fas fa-caret-down\\&quot; aria-hidden=\\&quot;true\\&quot;&gt;&lt;\\\/i&gt;&quot;,&quot;library&quot;:&quot;fa-solid&quot;},&quot;toggle&quot;:&quot;burger&quot;}\" data-widget_type=\"nav-menu.default\">\n\t\t\t\t<div class=\"elementor-widget-container\">\n\t\t\t\t\t\t\t\t<nav aria-label=\"Menu\" class=\"elementor-nav-menu--main elementor-nav-menu__container elementor-nav-menu--layout-horizontal e--pointer-background e--animation-sweep-up\">\n\t\t\t\t<ul id=\"menu-1-56c541f\" class=\"elementor-nav-menu\"><li class=\"menu-item menu-item-type-post_type menu-item-object-page menu-item-9713\"><a href=\"https:\/\/gatefy.com\/pt-br\/seguranca-email-appliance-guia-recursos\/\" class=\"elementor-item\">Recursos<\/a><\/li>\n<li class=\"menu-item menu-item-type-post_type menu-item-object-page menu-item-9712\"><a href=\"https:\/\/gatefy.com\/pt-br\/seguranca-email-appliance-implantacao\/\" class=\"elementor-item\">Implanta\u00e7\u00e3o<\/a><\/li>\n<li class=\"menu-item menu-item-type-post_type menu-item-object-page menu-item-9711\"><a href=\"https:\/\/gatefy.com\/pt-br\/seguranca-email-appliance-preco\/\" class=\"elementor-item\">Pre\u00e7o<\/a><\/li>\n<li class=\"menu-item menu-item-type-post_type menu-item-object-page menu-item-9710\"><a href=\"https:\/\/gatefy.com\/pt-br\/seguranca-email-appliance-demo\/\" class=\"elementor-item\">Demo<\/a><\/li>\n<li class=\"menu-item menu-item-type-post_type menu-item-object-page menu-item-10647\"><a href=\"https:\/\/gatefy.com\/pt-br\/seguranca-email-appliance\/\" class=\"elementor-item\">Email Security &#8211; Appliance<\/a><\/li>\n<\/ul>\t\t\t<\/nav>\n\t\t\t\t\t<div class=\"elementor-menu-toggle\" role=\"button\" tabindex=\"0\" aria-label=\"Alternar menu\" aria-expanded=\"false\">\n\t\t\t<i aria-hidden=\"true\" role=\"presentation\" class=\"elementor-menu-toggle__icon--open eicon-menu-bar\"><\/i><i aria-hidden=\"true\" role=\"presentation\" class=\"elementor-menu-toggle__icon--close eicon-close\"><\/i>\t\t<\/div>\n\t\t\t\t\t<nav class=\"elementor-nav-menu--dropdown elementor-nav-menu__container\" aria-hidden=\"true\">\n\t\t\t\t<ul id=\"menu-2-56c541f\" class=\"elementor-nav-menu\"><li class=\"menu-item menu-item-type-post_type menu-item-object-page menu-item-9713\"><a href=\"https:\/\/gatefy.com\/pt-br\/seguranca-email-appliance-guia-recursos\/\" class=\"elementor-item\" tabindex=\"-1\">Recursos<\/a><\/li>\n<li class=\"menu-item menu-item-type-post_type menu-item-object-page menu-item-9712\"><a href=\"https:\/\/gatefy.com\/pt-br\/seguranca-email-appliance-implantacao\/\" class=\"elementor-item\" tabindex=\"-1\">Implanta\u00e7\u00e3o<\/a><\/li>\n<li class=\"menu-item menu-item-type-post_type menu-item-object-page menu-item-9711\"><a href=\"https:\/\/gatefy.com\/pt-br\/seguranca-email-appliance-preco\/\" class=\"elementor-item\" tabindex=\"-1\">Pre\u00e7o<\/a><\/li>\n<li class=\"menu-item menu-item-type-post_type menu-item-object-page menu-item-9710\"><a href=\"https:\/\/gatefy.com\/pt-br\/seguranca-email-appliance-demo\/\" class=\"elementor-item\" tabindex=\"-1\">Demo<\/a><\/li>\n<li class=\"menu-item menu-item-type-post_type menu-item-object-page menu-item-10647\"><a href=\"https:\/\/gatefy.com\/pt-br\/seguranca-email-appliance\/\" class=\"elementor-item\" tabindex=\"-1\">Email Security &#8211; Appliance<\/a><\/li>\n<\/ul>\t\t\t<\/nav>\n\t\t\t\t\t\t<\/div>\n\t\t\t\t<\/div>\n\t\t\t\t\t<\/div>\n\t\t<\/div>\n\t\t\t\t\t<\/div>\n\t\t<\/section>\n\t\t\t\t<section class=\"elementor-section elementor-top-section elementor-element elementor-element-3b99e9c elementor-section-boxed elementor-section-height-default elementor-section-height-default\" data-id=\"3b99e9c\" data-element_type=\"section\" data-e-type=\"section\" data-settings=\"{&quot;background_background&quot;:&quot;classic&quot;,&quot;_ha_eqh_enable&quot;:false}\">\n\t\t\t\t\t\t<div class=\"elementor-container elementor-column-gap-default\">\n\t\t\t\t\t<div class=\"elementor-column elementor-col-50 elementor-top-column elementor-element elementor-element-b9b3ab1\" data-id=\"b9b3ab1\" data-element_type=\"column\" data-e-type=\"column\">\n\t\t\t<div class=\"elementor-widget-wrap elementor-element-populated\">\n\t\t\t\t\t\t<div class=\"elementor-element elementor-element-7536dbe elementor-widget elementor-widget-heading\" data-id=\"7536dbe\" data-element_type=\"widget\" data-e-type=\"widget\" data-widget_type=\"heading.default\">\n\t\t\t\t<div class=\"elementor-widget-container\">\n\t\t\t\t\t<h1 class=\"elementor-heading-title elementor-size-default\">Obtenha um or\u00e7amento personalizado para a sua empresa<\/h1>\t\t\t\t<\/div>\n\t\t\t\t<\/div>\n\t\t\t\t<div class=\"elementor-element elementor-element-954a00b elementor-widget elementor-widget-text-editor\" data-id=\"954a00b\" data-element_type=\"widget\" data-e-type=\"widget\" data-widget_type=\"text-editor.default\">\n\t\t\t\t<div class=\"elementor-widget-container\">\n\t\t\t\t\t\t\t\t\t<p>Se voc\u00ea est\u00e1 procurando por uma solu\u00e7\u00e3o de seguran\u00e7a de e-mail, n\u00f3s vamos te ajudar a encontrar a melhor rela\u00e7\u00e3o de custo-benef\u00edcio, seja voc\u00ea uma empresa pequena, m\u00e9dia ou grande. Al\u00e9m disso, vamos acompanhar todo o processo de implanta\u00e7\u00e3o e uso da solu\u00e7\u00e3o. Precisamos apenas do seu nome e do seu e-mail para iniciarmos uma conversa.<\/p>\t\t\t\t\t\t\t\t<\/div>\n\t\t\t\t<\/div>\n\t\t\t\t<div class=\"elementor-element elementor-element-c38660d elementor-mobile-align-center elementor-widget elementor-widget-global elementor-global-9462 elementor-widget-button\" data-id=\"c38660d\" data-element_type=\"widget\" data-e-type=\"widget\" data-widget_type=\"button.default\">\n\t\t\t\t<div class=\"elementor-widget-container\">\n\t\t\t\t\t\t\t\t\t<div class=\"elementor-button-wrapper\">\n\t\t\t\t\t<a class=\"elementor-button elementor-button-link elementor-size-sm\" href=\"https:\/\/gatefy.com\/pt-br\/contato\/\">\n\t\t\t\t\t\t<span class=\"elementor-button-content-wrapper\">\n\t\t\t\t\t\t\t\t\t<span class=\"elementor-button-text\">FALE COM VENDAS<\/span>\n\t\t\t\t\t<\/span>\n\t\t\t\t\t<\/a>\n\t\t\t\t<\/div>\n\t\t\t\t\t\t\t\t<\/div>\n\t\t\t\t<\/div>\n\t\t\t\t\t<\/div>\n\t\t<\/div>\n\t\t\t\t<div class=\"elementor-column elementor-col-50 elementor-top-column elementor-element elementor-element-8067110\" data-id=\"8067110\" data-element_type=\"column\" data-e-type=\"column\">\n\t\t\t<div class=\"elementor-widget-wrap elementor-element-populated\">\n\t\t\t\t\t\t<div class=\"elementor-element elementor-element-e2d79de elementor-widget elementor-widget-image\" data-id=\"e2d79de\" data-element_type=\"widget\" data-e-type=\"widget\" data-widget_type=\"image.default\">\n\t\t\t\t<div class=\"elementor-widget-container\">\n\t\t\t\t\t\t\t\t\t\t\t\t\t\t\t<img decoding=\"async\" src=\"https:\/\/gatefy.com\/wp-content\/uploads\/2020\/10\/email-security-appliance-pricing.svg\" class=\"attachment-full size-full wp-image-439\" alt=\"emails and coins\" \/>\t\t\t\t\t\t\t\t\t\t\t\t\t\t\t<\/div>\n\t\t\t\t<\/div>\n\t\t\t\t\t<\/div>\n\t\t<\/div>\n\t\t\t\t\t<\/div>\n\t\t<\/section>\n\t\t\t\t<section class=\"elementor-section elementor-top-section elementor-element elementor-element-3ef257e elementor-section-boxed elementor-section-height-default elementor-section-height-default\" data-id=\"3ef257e\" data-element_type=\"section\" data-e-type=\"section\" data-settings=\"{&quot;background_background&quot;:&quot;classic&quot;,&quot;_ha_eqh_enable&quot;:false}\">\n\t\t\t\t\t\t<div class=\"elementor-container elementor-column-gap-default\">\n\t\t\t\t\t<div class=\"elementor-column elementor-col-100 elementor-top-column elementor-element elementor-element-8959645\" data-id=\"8959645\" data-element_type=\"column\" data-e-type=\"column\">\n\t\t\t<div class=\"elementor-widget-wrap elementor-element-populated\">\n\t\t\t\t\t\t<div class=\"elementor-element elementor-element-0171076 elementor-nav-menu__align-center elementor-nav-menu--dropdown-tablet elementor-nav-menu__text-align-aside elementor-nav-menu--toggle elementor-nav-menu--burger elementor-widget elementor-widget-nav-menu\" data-id=\"0171076\" data-element_type=\"widget\" data-e-type=\"widget\" data-settings=\"{&quot;layout&quot;:&quot;horizontal&quot;,&quot;submenu_icon&quot;:{&quot;value&quot;:&quot;&lt;i class=\\&quot;fas fa-caret-down\\&quot; aria-hidden=\\&quot;true\\&quot;&gt;&lt;\\\/i&gt;&quot;,&quot;library&quot;:&quot;fa-solid&quot;},&quot;toggle&quot;:&quot;burger&quot;}\" data-widget_type=\"nav-menu.default\">\n\t\t\t\t<div class=\"elementor-widget-container\">\n\t\t\t\t\t\t\t\t<nav aria-label=\"Menu\" class=\"elementor-nav-menu--main elementor-nav-menu__container elementor-nav-menu--layout-horizontal e--pointer-background e--animation-sweep-up\">\n\t\t\t\t<ul id=\"menu-1-0171076\" class=\"elementor-nav-menu\"><li class=\"menu-item menu-item-type-post_type menu-item-object-page menu-item-9713\"><a href=\"https:\/\/gatefy.com\/pt-br\/seguranca-email-appliance-guia-recursos\/\" class=\"elementor-item\">Recursos<\/a><\/li>\n<li class=\"menu-item menu-item-type-post_type menu-item-object-page menu-item-9712\"><a href=\"https:\/\/gatefy.com\/pt-br\/seguranca-email-appliance-implantacao\/\" class=\"elementor-item\">Implanta\u00e7\u00e3o<\/a><\/li>\n<li class=\"menu-item menu-item-type-post_type menu-item-object-page menu-item-9711\"><a href=\"https:\/\/gatefy.com\/pt-br\/seguranca-email-appliance-preco\/\" class=\"elementor-item\">Pre\u00e7o<\/a><\/li>\n<li class=\"menu-item menu-item-type-post_type menu-item-object-page menu-item-9710\"><a href=\"https:\/\/gatefy.com\/pt-br\/seguranca-email-appliance-demo\/\" class=\"elementor-item\">Demo<\/a><\/li>\n<li class=\"menu-item menu-item-type-post_type menu-item-object-page menu-item-10647\"><a href=\"https:\/\/gatefy.com\/pt-br\/seguranca-email-appliance\/\" class=\"elementor-item\">Email Security &#8211; Appliance<\/a><\/li>\n<\/ul>\t\t\t<\/nav>\n\t\t\t\t\t<div class=\"elementor-menu-toggle\" role=\"button\" tabindex=\"0\" aria-label=\"Alternar menu\" aria-expanded=\"false\">\n\t\t\t<i aria-hidden=\"true\" role=\"presentation\" class=\"elementor-menu-toggle__icon--open eicon-menu-bar\"><\/i><i aria-hidden=\"true\" role=\"presentation\" class=\"elementor-menu-toggle__icon--close eicon-close\"><\/i>\t\t<\/div>\n\t\t\t\t\t<nav class=\"elementor-nav-menu--dropdown elementor-nav-menu__container\" aria-hidden=\"true\">\n\t\t\t\t<ul id=\"menu-2-0171076\" class=\"elementor-nav-menu\"><li class=\"menu-item menu-item-type-post_type menu-item-object-page menu-item-9713\"><a href=\"https:\/\/gatefy.com\/pt-br\/seguranca-email-appliance-guia-recursos\/\" class=\"elementor-item\" tabindex=\"-1\">Recursos<\/a><\/li>\n<li class=\"menu-item menu-item-type-post_type menu-item-object-page menu-item-9712\"><a href=\"https:\/\/gatefy.com\/pt-br\/seguranca-email-appliance-implantacao\/\" class=\"elementor-item\" tabindex=\"-1\">Implanta\u00e7\u00e3o<\/a><\/li>\n<li class=\"menu-item menu-item-type-post_type menu-item-object-page menu-item-9711\"><a href=\"https:\/\/gatefy.com\/pt-br\/seguranca-email-appliance-preco\/\" class=\"elementor-item\" tabindex=\"-1\">Pre\u00e7o<\/a><\/li>\n<li class=\"menu-item menu-item-type-post_type menu-item-object-page menu-item-9710\"><a href=\"https:\/\/gatefy.com\/pt-br\/seguranca-email-appliance-demo\/\" class=\"elementor-item\" tabindex=\"-1\">Demo<\/a><\/li>\n<li class=\"menu-item menu-item-type-post_type menu-item-object-page menu-item-10647\"><a href=\"https:\/\/gatefy.com\/pt-br\/seguranca-email-appliance\/\" class=\"elementor-item\" tabindex=\"-1\">Email Security &#8211; Appliance<\/a><\/li>\n<\/ul>\t\t\t<\/nav>\n\t\t\t\t\t\t<\/div>\n\t\t\t\t<\/div>\n\t\t\t\t\t<\/div>\n\t\t<\/div>\n\t\t\t\t\t<\/div>\n\t\t<\/section>\n\t\t\t\t<\/div>\n\t\t","protected":false},"excerpt":{"rendered":"<p>Gatefy Email Security &#8211; Pre\u00e7o Obtenha um or\u00e7amento personalizado para a sua empresa Se voc\u00ea est\u00e1 procurando por uma solu\u00e7\u00e3o de seguran\u00e7a de e-mail, n\u00f3s vamos te ajudar a encontrar a melhor rela\u00e7\u00e3o de custo-benef\u00edcio, seja voc\u00ea uma empresa pequena, m\u00e9dia ou grande. Al\u00e9m disso, vamos acompanhar todo o processo de implanta\u00e7\u00e3o e uso da [&hellip;]<\/p>\n","protected":false},"author":4,"featured_media":0,"parent":0,"menu_order":0,"comment_status":"closed","ping_status":"closed","template":"","meta":{"footnotes":""},"class_list":["post-9701","page","type-page","status-publish","hentry"],"yoast_head":"<!-- This site is optimized with the Yoast SEO plugin v27.1.1 - https:\/\/yoast.com\/product\/yoast-seo-wordpress\/ -->\n<title>Seguran\u00e7a de E-mail Appliance | Pre\u00e7o - Gatefy<\/title>\n<meta name=\"description\" content=\"Gatefy Email Security \u00e9 uma solu\u00e7\u00e3o avan\u00e7ada de seguran\u00e7a de e-mail para empresas contra phishing, malware, ransomware e spam.\" \/>\n<meta name=\"robots\" content=\"index, follow, max-snippet:-1, max-image-preview:large, max-video-preview:-1\" \/>\n<link rel=\"canonical\" href=\"https:\/\/gatefy.com\/pt-br\/seguranca-email-appliance-preco\/\" \/>\n<meta property=\"og:locale\" content=\"pt_BR\" \/>\n<meta property=\"og:type\" content=\"article\" \/>\n<meta property=\"og:title\" content=\"Seguran\u00e7a de E-mail Appliance | Pre\u00e7o - Gatefy\" \/>\n<meta property=\"og:description\" content=\"Gatefy Email Security \u00e9 uma solu\u00e7\u00e3o avan\u00e7ada de seguran\u00e7a de e-mail para empresas contra phishing, malware, ransomware e spam.\" \/>\n<meta property=\"og:url\" content=\"https:\/\/gatefy.com\/pt-br\/seguranca-email-appliance-preco\/\" \/>\n<meta property=\"og:site_name\" content=\"Gatefy\" \/>\n<meta property=\"article:publisher\" content=\"https:\/\/www.facebook.com\/gatefy\" \/>\n<meta property=\"article:modified_time\" content=\"2021-03-18T19:34:09+00:00\" \/>\n<meta property=\"og:image\" content=\"https:\/\/198.27.90.141\/wp-content\/uploads\/2020\/10\/email-security-appliance-pricing.svg\" \/>\n<meta name=\"twitter:card\" content=\"summary_large_image\" \/>\n<meta name=\"twitter:site\" content=\"@gatefy_security\" \/>\n<meta name=\"twitter:label1\" content=\"Est. tempo de leitura\" \/>\n\t<meta name=\"twitter:data1\" content=\"1 minuto\" \/>\n<script type=\"application\/ld+json\" class=\"yoast-schema-graph\">{\"@context\":\"https:\/\/schema.org\",\"@graph\":[{\"@type\":\"WebPage\",\"@id\":\"https:\/\/gatefy.com\/pt-br\/seguranca-email-appliance-preco\/\",\"url\":\"https:\/\/gatefy.com\/pt-br\/seguranca-email-appliance-preco\/\",\"name\":\"Seguran\u00e7a de E-mail Appliance | Pre\u00e7o - Gatefy\",\"isPartOf\":{\"@id\":\"https:\/\/gatefy.com\/pt-br\/#website\"},\"primaryImageOfPage\":{\"@id\":\"https:\/\/gatefy.com\/pt-br\/seguranca-email-appliance-preco\/#primaryimage\"},\"image\":{\"@id\":\"https:\/\/gatefy.com\/pt-br\/seguranca-email-appliance-preco\/#primaryimage\"},\"thumbnailUrl\":\"https:\/\/198.27.90.141\/wp-content\/uploads\/2020\/10\/email-security-appliance-pricing.svg\",\"datePublished\":\"2021-03-12T01:11:30+00:00\",\"dateModified\":\"2021-03-18T19:34:09+00:00\",\"description\":\"Gatefy Email Security \u00e9 uma solu\u00e7\u00e3o avan\u00e7ada de seguran\u00e7a de e-mail para empresas contra phishing, malware, ransomware e spam.\",\"breadcrumb\":{\"@id\":\"https:\/\/gatefy.com\/pt-br\/seguranca-email-appliance-preco\/#breadcrumb\"},\"inLanguage\":\"pt-BR\",\"potentialAction\":[{\"@type\":\"ReadAction\",\"target\":[\"https:\/\/gatefy.com\/pt-br\/seguranca-email-appliance-preco\/\"]}]},{\"@type\":\"ImageObject\",\"inLanguage\":\"pt-BR\",\"@id\":\"https:\/\/gatefy.com\/pt-br\/seguranca-email-appliance-preco\/#primaryimage\",\"url\":\"https:\/\/198.27.90.141\/wp-content\/uploads\/2020\/10\/email-security-appliance-pricing.svg\",\"contentUrl\":\"https:\/\/198.27.90.141\/wp-content\/uploads\/2020\/10\/email-security-appliance-pricing.svg\"},{\"@type\":\"BreadcrumbList\",\"@id\":\"https:\/\/gatefy.com\/pt-br\/seguranca-email-appliance-preco\/#breadcrumb\",\"itemListElement\":[{\"@type\":\"ListItem\",\"position\":1,\"name\":\"Home\",\"item\":\"https:\/\/gatefy.com\/pt-br\/\"},{\"@type\":\"ListItem\",\"position\":2,\"name\":\"Seguran\u00e7a de E-mail Appliance | Pre\u00e7o\"}]},{\"@type\":\"WebSite\",\"@id\":\"https:\/\/gatefy.com\/pt-br\/#website\",\"url\":\"https:\/\/gatefy.com\/pt-br\/\",\"name\":\"Gatefy\",\"description\":\"We use artificial intelligence and machine learning to improve businesses&#039; inbound and outbound email security. Integrates with O365, Exchange and G Suite.\",\"publisher\":{\"@id\":\"https:\/\/gatefy.com\/pt-br\/#organization\"},\"potentialAction\":[{\"@type\":\"SearchAction\",\"target\":{\"@type\":\"EntryPoint\",\"urlTemplate\":\"https:\/\/gatefy.com\/pt-br\/?s={search_term_string}\"},\"query-input\":{\"@type\":\"PropertyValueSpecification\",\"valueRequired\":true,\"valueName\":\"search_term_string\"}}],\"inLanguage\":\"pt-BR\"},{\"@type\":\"Organization\",\"@id\":\"https:\/\/gatefy.com\/pt-br\/#organization\",\"name\":\"Gatefy Email Security\",\"url\":\"https:\/\/gatefy.com\/pt-br\/\",\"logo\":{\"@type\":\"ImageObject\",\"inLanguage\":\"pt-BR\",\"@id\":\"https:\/\/gatefy.com\/pt-br\/#\/schema\/logo\/image\/\",\"url\":\"https:\/\/gatefy.com\/wp-content\/uploads\/2021\/03\/logo-preto.png\",\"contentUrl\":\"https:\/\/gatefy.com\/wp-content\/uploads\/2021\/03\/logo-preto.png\",\"width\":1500,\"height\":500,\"caption\":\"Gatefy Email Security\"},\"image\":{\"@id\":\"https:\/\/gatefy.com\/pt-br\/#\/schema\/logo\/image\/\"},\"sameAs\":[\"https:\/\/www.facebook.com\/gatefy\",\"https:\/\/x.com\/gatefy_security\",\"https:\/\/www.linkedin.com\/company\/gatefy\",\"https:\/\/www.youtube.com\/channel\/UCFSZUkcvfwYSrGopaRtUSog\"]}]}<\/script>\n<!-- \/ Yoast SEO plugin. -->","yoast_head_json":{"title":"Seguran\u00e7a de E-mail Appliance | Pre\u00e7o - Gatefy","description":"Gatefy Email Security \u00e9 uma solu\u00e7\u00e3o avan\u00e7ada de seguran\u00e7a de e-mail para empresas contra phishing, malware, ransomware e spam.","robots":{"index":"index","follow":"follow","max-snippet":"max-snippet:-1","max-image-preview":"max-image-preview:large","max-video-preview":"max-video-preview:-1"},"canonical":"https:\/\/gatefy.com\/pt-br\/seguranca-email-appliance-preco\/","og_locale":"pt_BR","og_type":"article","og_title":"Seguran\u00e7a de E-mail Appliance | Pre\u00e7o - Gatefy","og_description":"Gatefy Email Security \u00e9 uma solu\u00e7\u00e3o avan\u00e7ada de seguran\u00e7a de e-mail para empresas contra phishing, malware, ransomware e spam.","og_url":"https:\/\/gatefy.com\/pt-br\/seguranca-email-appliance-preco\/","og_site_name":"Gatefy","article_publisher":"https:\/\/www.facebook.com\/gatefy","article_modified_time":"2021-03-18T19:34:09+00:00","og_image":[{"url":"https:\/\/198.27.90.141\/wp-content\/uploads\/2020\/10\/email-security-appliance-pricing.svg","type":"","width":"","height":""}],"twitter_card":"summary_large_image","twitter_site":"@gatefy_security","twitter_misc":{"Est. tempo de leitura":"1 minuto"},"schema":{"@context":"https:\/\/schema.org","@graph":[{"@type":"WebPage","@id":"https:\/\/gatefy.com\/pt-br\/seguranca-email-appliance-preco\/","url":"https:\/\/gatefy.com\/pt-br\/seguranca-email-appliance-preco\/","name":"Seguran\u00e7a de E-mail Appliance | Pre\u00e7o - Gatefy","isPartOf":{"@id":"https:\/\/gatefy.com\/pt-br\/#website"},"primaryImageOfPage":{"@id":"https:\/\/gatefy.com\/pt-br\/seguranca-email-appliance-preco\/#primaryimage"},"image":{"@id":"https:\/\/gatefy.com\/pt-br\/seguranca-email-appliance-preco\/#primaryimage"},"thumbnailUrl":"https:\/\/198.27.90.141\/wp-content\/uploads\/2020\/10\/email-security-appliance-pricing.svg","datePublished":"2021-03-12T01:11:30+00:00","dateModified":"2021-03-18T19:34:09+00:00","description":"Gatefy Email Security \u00e9 uma solu\u00e7\u00e3o avan\u00e7ada de seguran\u00e7a de e-mail para empresas contra phishing, malware, ransomware e spam.","breadcrumb":{"@id":"https:\/\/gatefy.com\/pt-br\/seguranca-email-appliance-preco\/#breadcrumb"},"inLanguage":"pt-BR","potentialAction":[{"@type":"ReadAction","target":["https:\/\/gatefy.com\/pt-br\/seguranca-email-appliance-preco\/"]}]},{"@type":"ImageObject","inLanguage":"pt-BR","@id":"https:\/\/gatefy.com\/pt-br\/seguranca-email-appliance-preco\/#primaryimage","url":"https:\/\/198.27.90.141\/wp-content\/uploads\/2020\/10\/email-security-appliance-pricing.svg","contentUrl":"https:\/\/198.27.90.141\/wp-content\/uploads\/2020\/10\/email-security-appliance-pricing.svg"},{"@type":"BreadcrumbList","@id":"https:\/\/gatefy.com\/pt-br\/seguranca-email-appliance-preco\/#breadcrumb","itemListElement":[{"@type":"ListItem","position":1,"name":"Home","item":"https:\/\/gatefy.com\/pt-br\/"},{"@type":"ListItem","position":2,"name":"Seguran\u00e7a de E-mail Appliance | Pre\u00e7o"}]},{"@type":"WebSite","@id":"https:\/\/gatefy.com\/pt-br\/#website","url":"https:\/\/gatefy.com\/pt-br\/","name":"Gatefy","description":"We use artificial intelligence and machine learning to improve businesses&#039; inbound and outbound email security. Integrates with O365, Exchange and G Suite.","publisher":{"@id":"https:\/\/gatefy.com\/pt-br\/#organization"},"potentialAction":[{"@type":"SearchAction","target":{"@type":"EntryPoint","urlTemplate":"https:\/\/gatefy.com\/pt-br\/?s={search_term_string}"},"query-input":{"@type":"PropertyValueSpecification","valueRequired":true,"valueName":"search_term_string"}}],"inLanguage":"pt-BR"},{"@type":"Organization","@id":"https:\/\/gatefy.com\/pt-br\/#organization","name":"Gatefy Email Security","url":"https:\/\/gatefy.com\/pt-br\/","logo":{"@type":"ImageObject","inLanguage":"pt-BR","@id":"https:\/\/gatefy.com\/pt-br\/#\/schema\/logo\/image\/","url":"https:\/\/gatefy.com\/wp-content\/uploads\/2021\/03\/logo-preto.png","contentUrl":"https:\/\/gatefy.com\/wp-content\/uploads\/2021\/03\/logo-preto.png","width":1500,"height":500,"caption":"Gatefy Email Security"},"image":{"@id":"https:\/\/gatefy.com\/pt-br\/#\/schema\/logo\/image\/"},"sameAs":["https:\/\/www.facebook.com\/gatefy","https:\/\/x.com\/gatefy_security","https:\/\/www.linkedin.com\/company\/gatefy","https:\/\/www.youtube.com\/channel\/UCFSZUkcvfwYSrGopaRtUSog"]}]}},"_links":{"self":[{"href":"https:\/\/gatefy.com\/pt-br\/wp-json\/wp\/v2\/pages\/9701","targetHints":{"allow":["GET"]}}],"collection":[{"href":"https:\/\/gatefy.com\/pt-br\/wp-json\/wp\/v2\/pages"}],"about":[{"href":"https:\/\/gatefy.com\/pt-br\/wp-json\/wp\/v2\/types\/page"}],"author":[{"embeddable":true,"href":"https:\/\/gatefy.com\/pt-br\/wp-json\/wp\/v2\/users\/4"}],"replies":[{"embeddable":true,"href":"https:\/\/gatefy.com\/pt-br\/wp-json\/wp\/v2\/comments?post=9701"}],"version-history":[{"count":0,"href":"https:\/\/gatefy.com\/pt-br\/wp-json\/wp\/v2\/pages\/9701\/revisions"}],"wp:attachment":[{"href":"https:\/\/gatefy.com\/pt-br\/wp-json\/wp\/v2\/media?parent=9701"}],"curies":[{"name":"wp","href":"https:\/\/api.w.org\/{rel}","templated":true}]}}