{"id":4547,"date":"2021-02-15T22:12:59","date_gmt":"2021-02-15T22:12:59","guid":{"rendered":"https:\/\/198.27.90.141\/?page_id=4547"},"modified":"2021-03-18T20:03:10","modified_gmt":"2021-03-18T20:03:10","slug":"termos","status":"publish","type":"page","link":"https:\/\/gatefy.com\/pt-br\/termos\/","title":{"rendered":"Termos de Uso e Servi\u00e7o"},"content":{"rendered":"\t\t<div data-elementor-type=\"wp-page\" data-elementor-id=\"4547\" class=\"elementor elementor-4547 elementor-1788\" data-elementor-settings=\"{&quot;ha_cmc_init_switcher&quot;:&quot;no&quot;}\" data-elementor-post-type=\"page\">\n\t\t\t\t\t\t<section class=\"elementor-section elementor-top-section elementor-element elementor-element-2485305 elementor-section-boxed elementor-section-height-default elementor-section-height-default\" data-id=\"2485305\" data-element_type=\"section\" data-e-type=\"section\" data-settings=\"{&quot;background_background&quot;:&quot;classic&quot;,&quot;_ha_eqh_enable&quot;:false}\">\n\t\t\t\t\t\t<div class=\"elementor-container elementor-column-gap-default\">\n\t\t\t\t\t<div class=\"elementor-column elementor-col-100 elementor-top-column elementor-element elementor-element-e2aaa0e\" data-id=\"e2aaa0e\" data-element_type=\"column\" data-e-type=\"column\">\n\t\t\t<div class=\"elementor-widget-wrap elementor-element-populated\">\n\t\t\t\t\t\t<div class=\"elementor-element elementor-element-4f45b51 elementor-widget elementor-widget-heading\" data-id=\"4f45b51\" data-element_type=\"widget\" data-e-type=\"widget\" data-widget_type=\"heading.default\">\n\t\t\t\t<div class=\"elementor-widget-container\">\n\t\t\t\t\t<h1 class=\"elementor-heading-title elementor-size-default\">Termos de Uso e Servi\u00e7o<\/h1>\t\t\t\t<\/div>\n\t\t\t\t<\/div>\n\t\t\t\t\t<\/div>\n\t\t<\/div>\n\t\t\t\t\t<\/div>\n\t\t<\/section>\n\t\t\t\t<section class=\"elementor-section elementor-top-section elementor-element elementor-element-52d8f1d elementor-section-boxed elementor-section-height-default elementor-section-height-default\" data-id=\"52d8f1d\" data-element_type=\"section\" data-e-type=\"section\" data-settings=\"{&quot;background_background&quot;:&quot;classic&quot;,&quot;_ha_eqh_enable&quot;:false}\">\n\t\t\t\t\t\t<div class=\"elementor-container elementor-column-gap-default\">\n\t\t\t\t\t<div class=\"elementor-column elementor-col-100 elementor-top-column elementor-element elementor-element-8bb6cd0\" data-id=\"8bb6cd0\" data-element_type=\"column\" data-e-type=\"column\" data-settings=\"{&quot;background_background&quot;:&quot;classic&quot;}\">\n\t\t\t<div class=\"elementor-widget-wrap elementor-element-populated\">\n\t\t\t\t\t\t<div class=\"elementor-element elementor-element-4a261b2 ha-has-bg-overlay elementor-widget elementor-widget-heading\" data-id=\"4a261b2\" data-element_type=\"widget\" data-e-type=\"widget\" data-widget_type=\"heading.default\">\n\t\t\t\t<div class=\"elementor-widget-container\">\n\t\t\t\t\t<h2 class=\"elementor-heading-title elementor-size-default\">Termos de Uso e Servi\u00e7o<\/h2>\t\t\t\t<\/div>\n\t\t\t\t<\/div>\n\t\t\t\t<div class=\"elementor-element elementor-element-01657d8 elementor-widget elementor-widget-text-editor\" data-id=\"01657d8\" data-element_type=\"widget\" data-e-type=\"widget\" data-widget_type=\"text-editor.default\">\n\t\t\t\t<div class=\"elementor-widget-container\">\n\t\t\t\t\t\t\t\t\tEstes s\u00e3o os termos e condi\u00e7\u00f5es de uso para www.gatefy.com e para servi\u00e7os e produtos dispon\u00edveis no website. O uso do website inclui acesso, navega\u00e7\u00e3o, registro e download. Ao usar o website, voc\u00ea concorda com os termos e condi\u00e7\u00f5es aqui contidos e tamb\u00e9m com outros acordos, documentos, pol\u00edticas e procedimentos aplic\u00e1veis. Se n\u00e3o concorda com este contrato, voc\u00ea n\u00e3o deve acessar o website.<br>\n                    <br>\n                    <b>Informa\u00e7\u00e3o Pessoal<\/b>. O uso das suas informa\u00e7\u00f5es pessoais atrav\u00e9s do website \u00e9 regido pela pol\u00edtica de privacidade da Gatefy, e voc\u00ea garante que tem conhecimento dela.<br>\n                    <br>\n                    <b>Direito e Propriedade<\/b>. A Gatefy respeita o seu direito autoral e de propriedade intelectual. Caso voc\u00ea constate que h\u00e1 conte\u00fado publicado no website que viole o seu direito autoral ou de propriedade intelectual, notifique a Gatefy para que as devidas a\u00e7\u00f5es sejam tomadas.<br>\n                    <br>\n                    <b>Proibi\u00e7\u00e3o de Uso<\/b>. Este contrato n\u00e3o concede nenhum direito ou licen\u00e7a e n\u00e3o transfere para voc\u00ea qualquer direito ou propriedade intelectual da Gatefy ou de terceiros, incluindo, mas n\u00e3o somente, textos, logotipos e qualquer material gr\u00e1fico ou de divulga\u00e7\u00e3o. Voc\u00ea concorda que tais materiais e conte\u00fados s\u00e3o de propriedade exclusiva da Gatefy e de terceiros.<br>\n                    <br>\n                    <b>Responsabilidade de Uso<\/b>. Se voc\u00ea enviar ou publicar qualquer conte\u00fado no website, incluindo, mas n\u00e3o somente, textos, links e arquivos para download, voc\u00ea \u00e9 respons\u00e1vel por ele e por qualquer dano resultante dele. Ao enviar ou publicar conte\u00fado, voc\u00ea tamb\u00e9m concede \u00e0 Gatefy uma licen\u00e7a gratuita e n\u00e3o exclusiva para reproduzir, modificar e publicar o referido conte\u00fado. A Gatefy reserva-se o direito de excluir e de recusar qualquer conte\u00fado que viole qualquer pol\u00edtica da Gatefy, regulamento ou Lei local.<br>\n                    <br>\n                    <b>Acordo de Usu\u00e1rio Final<\/b>. Se voc\u00ea testar, comprar ou fizer download de produtos ou servi\u00e7os Gatefy via website, os termos e condi\u00e7\u00f5es do acordo de licen\u00e7a de usu\u00e1rio final podem ser aplicados<br>\n                    <br>\n                    <b>Garantia<\/b>. O website \u00e9 fornecido \u201cNO ESTADO EM QUE SE ENCONTRA\u201d. A Gatefy n\u00e3o garante, em sua totalidade, que as fun\u00e7\u00f5es contidas atender\u00e3o \u00e0s suas exig\u00eancias, nem que a opera\u00e7\u00e3o dele ser\u00e1 ininterrupta ou sem nenhum erro. Portanto, voc\u00ea entende e declara que vai utilizar o website por sua pr\u00f3pria conta e risco, e que voc\u00ea \u00e9 respons\u00e1vel por garantir que as pessoas que acessam o website por meio da sua rede e internet estejam cientes deste acordo e o cumpra.<br>\n                    <br>\n                    <b>Limita\u00e7\u00e3o de Uso<\/b>. O uso do website pode estar sujeito a limita\u00e7\u00f5es, atrasos e outros problemas inerentes \u00e0 utiliza\u00e7\u00e3o da internet e comunica\u00e7\u00f5es eletr\u00f4nicas. A Gatefy n\u00e3o se responsabiliza por eventuais atrasos, falhas de entrega, ou outros danos decorrentes de problemas desse tipo.<br>\n                    <br>\n                    <b>Limita\u00e7\u00e3o de Responsabilidade<\/b>. Na m\u00e1xima extens\u00e3o permitida por Lei, em hip\u00f3tese alguma, a Gatefy, seus licenciantes e fornecedores ser\u00e3o respons\u00e1veis por quaisquer danos reais, diretos, indiretos, incidentais, espec\u00edficos, consequenciais, ou punitivos, incluindo perda de lucros, perda de economias, custos de aquisi\u00e7\u00e3o de produtos ou servi\u00e7os substitutos ou outros danos resultantes do uso ou da incapacidade de uso do website, mesmo se avisada da possibilidade de tais danos.<br>\n                    <br>\n                    <b>Conte\u00fado<\/b>. A Gatefy n\u00e3o se responsabiliza pelos conte\u00fados publicados em seu website e nem por qualquer dano resultante do uso deles. Inclusive, opini\u00f5es expressas pelos funcion\u00e1rios da Gatefy no website s\u00e3o do pr\u00f3prio indiv\u00edduo e n\u00e3o necessariamente correspondem \u00e0s opini\u00f5es da Gatefy. Voc\u00ea \u00e9 respons\u00e1vel por verificar qualquer informa\u00e7\u00e3o contida no website e por proteger a si mesmo e os seus dispositivos contra qualquer tipo de amea\u00e7a, incluindo, mas n\u00e3o somente, v\u00edrus e outros c\u00f3digos maliciosos, e conte\u00fado prejudicial, ofensivo e indecente que possam ter sido publicados, assim como conte\u00fados que violem direitos e privacidade, e apresentem erros e imprecis\u00f5es t\u00e9cnicas.<br>\n                    <br>\n                    <b>Conformidade (Compliance)<\/b>. Respeitando as obriga\u00e7\u00f5es e exig\u00eancias legais locais, voc\u00ea declara e garante que conhece e respeita a Lei, as pol\u00edticas e as regras de coleta, reten\u00e7\u00e3o, processamento e seguran\u00e7a de dados e informa\u00e7\u00f5es confidenciais e pessoais, e privacidade.<br>\n                    <br>\n                    <b>Acesso e Seguran\u00e7a<\/b>. Voc\u00ea \u00e9 respons\u00e1vel por garantir a precis\u00e3o e a legitimidade das informa\u00e7\u00f5es e conte\u00fados que s\u00e3o enviados para o website, e por garantir que os seus dispositivos atendam \u00e0s especifica\u00e7\u00f5es t\u00e9cnicas para permitir que voc\u00ea utilize o website. Caso aplic\u00e1vel, voc\u00ea deve ainda garantir a confidencialidade e a seguran\u00e7a das suas credenciais de acesso a qualquer parte do website.<br>\n                    <br>\n                    <b>\u00c9 Permitido<\/b>. Voc\u00ea s\u00f3 tem permiss\u00e3o para utilizar o website de acordo com estes termos e para uso n\u00e3o comercial. Quando aplic\u00e1veis, para determinadas partes do website, termos adicionais podem ser exibidos. Voc\u00ea pode citar partes de conte\u00fados do site e at\u00e9 copi\u00e1-los na \u00edntegra desde que (I) voc\u00ea credite o conte\u00fado \u00e0 Gatefy e (II) e inclua um link para o conte\u00fado original ou p\u00e1gina inicial do website.<br>\n                    <br>\n                    <b>N\u00e3o \u00c9 Permitido<\/b>. Voc\u00ea n\u00e3o tem permiss\u00e3o para utilizar o website se utiliz\u00e1-lo para (I) praticar atividades ilegais e anti\u00e9ticas, (II) baixar ou armazenar a maioria ou todas as p\u00e1ginas do website, (III) alterar ou excluir qualquer conte\u00fado de terceiros do website, (IV) interferir no funcionamento do website, (V) violar os termos e condi\u00e7\u00f5es de uso do website, (VI) prejudicar ou tentar prejudicar menores de qualquer forma, (VII) tentar obter acesso a outros sistemas de computador, e (VIII) hackear.<br>\n                    <br>\n                    <b>Viola\u00e7\u00e3o<\/b>. Voc\u00ea deve notificar a Gatefy imediatamente sobre qualquer viola\u00e7\u00e3o de seguran\u00e7a ou uso n\u00e3o autorizado do website ou qualquer descumprimento deste contrato do qual voc\u00ea tenha conhecimento.<br>\n                    <br>\n                    <b>Direitos<\/b>. Voc\u00ea concorda (I) que este contrato n\u00e3o constitui uma parceria com a Gatefy, (II) que, se qualquer termo deste contrato for considerado inv\u00e1lido por Lei ou regulamenta\u00e7\u00e3o, n\u00e3o afetar\u00e1 nenhum outro termo ou disposi\u00e7\u00e3o deste contrato; (III) e que voc\u00ea n\u00e3o pode ceder ou transferir este contrato sem o consentimento por escrito da Gatefy.<br>\n                    <br>\n                    <b>Indeniza\u00e7\u00e3o<\/b>. Voc\u00ea concorda em isentar e indenizar a Gatefy, seus licenciantes e fornecedores de e contra quaisquer reivindica\u00e7\u00f5es decorrente do uso do website, incluindo, mas n\u00e3o somente, qualquer viola\u00e7\u00e3o de seguran\u00e7a ou descumprimento deste contrato.<br>\n                    <br>\n                    <b>Altera\u00e7\u00e3o<\/b>. Com o objetivo de fazer melhorias no website, a Gatefy reserva-se o direito de modificar ou de excluir qualquer parte deste contrato, cabendo a voc\u00ea verific\u00e1-lo quanto \u00e0s mudan\u00e7as. Ao utilizar o website, voc\u00ea declara que concorda com tais mudan\u00e7as.<br>\n                    <br>\n                    <b>Rescis\u00e3o<\/b>. Se voc\u00ea deseja rescindir este contrato, voc\u00ea deve interromper o uso do website. A Gatefy reserva-se o direito de encerrar, a qualquer momento, o seu acesso a qualquer parte do website, com vig\u00eancia imediata. Respeitando a Lei local e as pol\u00edticas da Gatefy, todos os termos deste contrato que devem sobreviver ao t\u00e9rmino sobreviver\u00e3o \u00e0 rescis\u00e3o.<br>\n                    <br>\n                    <b>Lei Aplic\u00e1vel<\/b>. Este Contrato ser\u00e1 regido e interpretado pelo Foro Central da Comarca de Curitiba, capital do Paran\u00e1, no Brasil, para dirimir as eventuais disputas decorrentes do presente contrato, renunciando expressamente a qualquer outro, por mais privilegiado que possa ser. As partes concordam expressamente que a Conven\u00e7\u00e3o das Na\u00e7\u00f5es Unidas sobre Contratos para a Venda Internacional de Mercadorias n\u00e3o se aplica.<br>\n                    <br>\n                    <b>Contato<\/b>. Envie suas perguntas sobre estes termos e condi\u00e7\u00f5es por e-mail para legal@gatefy.com.\t\t\t\t\t\t\t\t<\/div>\n\t\t\t\t<\/div>\n\t\t\t\t\t<\/div>\n\t\t<\/div>\n\t\t\t\t\t<\/div>\n\t\t<\/section>\n\t\t\t\t<\/div>\n\t\t","protected":false},"excerpt":{"rendered":"<p>Termos de Uso e Servi\u00e7o Termos de Uso e Servi\u00e7o Estes s\u00e3o os termos e condi\u00e7\u00f5es de uso para www.gatefy.com e para servi\u00e7os e produtos dispon\u00edveis no website. O uso do website inclui acesso, navega\u00e7\u00e3o, registro e download. Ao usar o website, voc\u00ea concorda com os termos e condi\u00e7\u00f5es aqui contidos e tamb\u00e9m com outros [&hellip;]<\/p>\n","protected":false},"author":4,"featured_media":0,"parent":0,"menu_order":0,"comment_status":"closed","ping_status":"closed","template":"","meta":{"footnotes":""},"class_list":["post-4547","page","type-page","status-publish","hentry"],"yoast_head":"<!-- This site is optimized with the Yoast SEO plugin v27.1.1 - https:\/\/yoast.com\/product\/yoast-seo-wordpress\/ -->\n<title>Termos de Uso e Servi\u00e7o - Gatefy<\/title>\n<meta name=\"description\" content=\"Os Termos de Uso e Servi\u00e7o da Gatefy definem as condi\u00e7\u00f5es e as pol\u00edticas para o uso de nosso website e servi\u00e7os.\" \/>\n<meta name=\"robots\" content=\"index, follow, max-snippet:-1, max-image-preview:large, max-video-preview:-1\" \/>\n<link rel=\"canonical\" href=\"https:\/\/gatefy.com\/pt-br\/termos\/\" \/>\n<meta property=\"og:locale\" content=\"pt_BR\" \/>\n<meta property=\"og:type\" content=\"article\" \/>\n<meta property=\"og:title\" content=\"Termos de Uso e Servi\u00e7o - Gatefy\" \/>\n<meta property=\"og:description\" content=\"Os Termos de Uso e Servi\u00e7o da Gatefy definem as condi\u00e7\u00f5es e as pol\u00edticas para o uso de nosso website e servi\u00e7os.\" \/>\n<meta property=\"og:url\" content=\"https:\/\/gatefy.com\/pt-br\/termos\/\" \/>\n<meta property=\"og:site_name\" content=\"Gatefy\" \/>\n<meta property=\"article:publisher\" content=\"https:\/\/www.facebook.com\/gatefy\" \/>\n<meta property=\"article:modified_time\" content=\"2021-03-18T20:03:10+00:00\" \/>\n<meta name=\"twitter:card\" content=\"summary_large_image\" \/>\n<meta name=\"twitter:site\" content=\"@gatefy_security\" \/>\n<meta name=\"twitter:label1\" content=\"Est. tempo de leitura\" \/>\n\t<meta name=\"twitter:data1\" content=\"5 minutos\" \/>\n<script type=\"application\/ld+json\" class=\"yoast-schema-graph\">{\"@context\":\"https:\/\/schema.org\",\"@graph\":[{\"@type\":\"WebPage\",\"@id\":\"https:\/\/gatefy.com\/pt-br\/termos\/\",\"url\":\"https:\/\/gatefy.com\/pt-br\/termos\/\",\"name\":\"Termos de Uso e Servi\u00e7o - Gatefy\",\"isPartOf\":{\"@id\":\"https:\/\/gatefy.com\/pt-br\/#website\"},\"datePublished\":\"2021-02-15T22:12:59+00:00\",\"dateModified\":\"2021-03-18T20:03:10+00:00\",\"description\":\"Os Termos de Uso e Servi\u00e7o da Gatefy definem as condi\u00e7\u00f5es e as pol\u00edticas para o uso de nosso website e servi\u00e7os.\",\"breadcrumb\":{\"@id\":\"https:\/\/gatefy.com\/pt-br\/termos\/#breadcrumb\"},\"inLanguage\":\"pt-BR\",\"potentialAction\":[{\"@type\":\"ReadAction\",\"target\":[\"https:\/\/gatefy.com\/pt-br\/termos\/\"]}]},{\"@type\":\"BreadcrumbList\",\"@id\":\"https:\/\/gatefy.com\/pt-br\/termos\/#breadcrumb\",\"itemListElement\":[{\"@type\":\"ListItem\",\"position\":1,\"name\":\"Home\",\"item\":\"https:\/\/gatefy.com\/pt-br\/\"},{\"@type\":\"ListItem\",\"position\":2,\"name\":\"Termos de Uso e Servi\u00e7o\"}]},{\"@type\":\"WebSite\",\"@id\":\"https:\/\/gatefy.com\/pt-br\/#website\",\"url\":\"https:\/\/gatefy.com\/pt-br\/\",\"name\":\"Gatefy\",\"description\":\"We use artificial intelligence and machine learning to improve businesses&#039; inbound and outbound email security. Integrates with O365, Exchange and G Suite.\",\"publisher\":{\"@id\":\"https:\/\/gatefy.com\/pt-br\/#organization\"},\"potentialAction\":[{\"@type\":\"SearchAction\",\"target\":{\"@type\":\"EntryPoint\",\"urlTemplate\":\"https:\/\/gatefy.com\/pt-br\/?s={search_term_string}\"},\"query-input\":{\"@type\":\"PropertyValueSpecification\",\"valueRequired\":true,\"valueName\":\"search_term_string\"}}],\"inLanguage\":\"pt-BR\"},{\"@type\":\"Organization\",\"@id\":\"https:\/\/gatefy.com\/pt-br\/#organization\",\"name\":\"Gatefy Email Security\",\"url\":\"https:\/\/gatefy.com\/pt-br\/\",\"logo\":{\"@type\":\"ImageObject\",\"inLanguage\":\"pt-BR\",\"@id\":\"https:\/\/gatefy.com\/pt-br\/#\/schema\/logo\/image\/\",\"url\":\"https:\/\/gatefy.com\/wp-content\/uploads\/2021\/03\/logo-preto.png\",\"contentUrl\":\"https:\/\/gatefy.com\/wp-content\/uploads\/2021\/03\/logo-preto.png\",\"width\":1500,\"height\":500,\"caption\":\"Gatefy Email Security\"},\"image\":{\"@id\":\"https:\/\/gatefy.com\/pt-br\/#\/schema\/logo\/image\/\"},\"sameAs\":[\"https:\/\/www.facebook.com\/gatefy\",\"https:\/\/x.com\/gatefy_security\",\"https:\/\/www.linkedin.com\/company\/gatefy\",\"https:\/\/www.youtube.com\/channel\/UCFSZUkcvfwYSrGopaRtUSog\"]}]}<\/script>\n<!-- \/ Yoast SEO plugin. -->","yoast_head_json":{"title":"Termos de Uso e Servi\u00e7o - Gatefy","description":"Os Termos de Uso e Servi\u00e7o da Gatefy definem as condi\u00e7\u00f5es e as pol\u00edticas para o uso de nosso website e servi\u00e7os.","robots":{"index":"index","follow":"follow","max-snippet":"max-snippet:-1","max-image-preview":"max-image-preview:large","max-video-preview":"max-video-preview:-1"},"canonical":"https:\/\/gatefy.com\/pt-br\/termos\/","og_locale":"pt_BR","og_type":"article","og_title":"Termos de Uso e Servi\u00e7o - Gatefy","og_description":"Os Termos de Uso e Servi\u00e7o da Gatefy definem as condi\u00e7\u00f5es e as pol\u00edticas para o uso de nosso website e servi\u00e7os.","og_url":"https:\/\/gatefy.com\/pt-br\/termos\/","og_site_name":"Gatefy","article_publisher":"https:\/\/www.facebook.com\/gatefy","article_modified_time":"2021-03-18T20:03:10+00:00","twitter_card":"summary_large_image","twitter_site":"@gatefy_security","twitter_misc":{"Est. tempo de leitura":"5 minutos"},"schema":{"@context":"https:\/\/schema.org","@graph":[{"@type":"WebPage","@id":"https:\/\/gatefy.com\/pt-br\/termos\/","url":"https:\/\/gatefy.com\/pt-br\/termos\/","name":"Termos de Uso e Servi\u00e7o - Gatefy","isPartOf":{"@id":"https:\/\/gatefy.com\/pt-br\/#website"},"datePublished":"2021-02-15T22:12:59+00:00","dateModified":"2021-03-18T20:03:10+00:00","description":"Os Termos de Uso e Servi\u00e7o da Gatefy definem as condi\u00e7\u00f5es e as pol\u00edticas para o uso de nosso website e servi\u00e7os.","breadcrumb":{"@id":"https:\/\/gatefy.com\/pt-br\/termos\/#breadcrumb"},"inLanguage":"pt-BR","potentialAction":[{"@type":"ReadAction","target":["https:\/\/gatefy.com\/pt-br\/termos\/"]}]},{"@type":"BreadcrumbList","@id":"https:\/\/gatefy.com\/pt-br\/termos\/#breadcrumb","itemListElement":[{"@type":"ListItem","position":1,"name":"Home","item":"https:\/\/gatefy.com\/pt-br\/"},{"@type":"ListItem","position":2,"name":"Termos de Uso e Servi\u00e7o"}]},{"@type":"WebSite","@id":"https:\/\/gatefy.com\/pt-br\/#website","url":"https:\/\/gatefy.com\/pt-br\/","name":"Gatefy","description":"We use artificial intelligence and machine learning to improve businesses&#039; inbound and outbound email security. Integrates with O365, Exchange and G Suite.","publisher":{"@id":"https:\/\/gatefy.com\/pt-br\/#organization"},"potentialAction":[{"@type":"SearchAction","target":{"@type":"EntryPoint","urlTemplate":"https:\/\/gatefy.com\/pt-br\/?s={search_term_string}"},"query-input":{"@type":"PropertyValueSpecification","valueRequired":true,"valueName":"search_term_string"}}],"inLanguage":"pt-BR"},{"@type":"Organization","@id":"https:\/\/gatefy.com\/pt-br\/#organization","name":"Gatefy Email Security","url":"https:\/\/gatefy.com\/pt-br\/","logo":{"@type":"ImageObject","inLanguage":"pt-BR","@id":"https:\/\/gatefy.com\/pt-br\/#\/schema\/logo\/image\/","url":"https:\/\/gatefy.com\/wp-content\/uploads\/2021\/03\/logo-preto.png","contentUrl":"https:\/\/gatefy.com\/wp-content\/uploads\/2021\/03\/logo-preto.png","width":1500,"height":500,"caption":"Gatefy Email Security"},"image":{"@id":"https:\/\/gatefy.com\/pt-br\/#\/schema\/logo\/image\/"},"sameAs":["https:\/\/www.facebook.com\/gatefy","https:\/\/x.com\/gatefy_security","https:\/\/www.linkedin.com\/company\/gatefy","https:\/\/www.youtube.com\/channel\/UCFSZUkcvfwYSrGopaRtUSog"]}]}},"_links":{"self":[{"href":"https:\/\/gatefy.com\/pt-br\/wp-json\/wp\/v2\/pages\/4547","targetHints":{"allow":["GET"]}}],"collection":[{"href":"https:\/\/gatefy.com\/pt-br\/wp-json\/wp\/v2\/pages"}],"about":[{"href":"https:\/\/gatefy.com\/pt-br\/wp-json\/wp\/v2\/types\/page"}],"author":[{"embeddable":true,"href":"https:\/\/gatefy.com\/pt-br\/wp-json\/wp\/v2\/users\/4"}],"replies":[{"embeddable":true,"href":"https:\/\/gatefy.com\/pt-br\/wp-json\/wp\/v2\/comments?post=4547"}],"version-history":[{"count":0,"href":"https:\/\/gatefy.com\/pt-br\/wp-json\/wp\/v2\/pages\/4547\/revisions"}],"wp:attachment":[{"href":"https:\/\/gatefy.com\/pt-br\/wp-json\/wp\/v2\/media?parent=4547"}],"curies":[{"name":"wp","href":"https:\/\/api.w.org\/{rel}","templated":true}]}}