{"id":4524,"date":"2021-02-15T21:42:40","date_gmt":"2021-02-15T21:42:40","guid":{"rendered":"https:\/\/198.27.90.141\/?page_id=4524"},"modified":"2021-04-22T19:09:10","modified_gmt":"2021-04-22T19:09:10","slug":"deal-registration","status":"publish","type":"page","link":"https:\/\/gatefy.com\/pt-br\/deal-registration\/","title":{"rendered":"Registre Deal"},"content":{"rendered":"\t\t<div data-elementor-type=\"wp-page\" data-elementor-id=\"4524\" class=\"elementor elementor-4524 elementor-333\" data-elementor-settings=\"{&quot;ha_cmc_init_switcher&quot;:&quot;no&quot;}\" data-elementor-post-type=\"page\">\n\t\t\t\t\t\t<section class=\"elementor-section elementor-top-section elementor-element elementor-element-ccbb6f0 elementor-section-boxed elementor-section-height-default elementor-section-height-default\" data-id=\"ccbb6f0\" data-element_type=\"section\" data-e-type=\"section\" data-settings=\"{&quot;background_background&quot;:&quot;classic&quot;,&quot;_ha_eqh_enable&quot;:false}\">\n\t\t\t\t\t\t<div class=\"elementor-container elementor-column-gap-default\">\n\t\t\t\t\t<div class=\"elementor-column elementor-col-100 elementor-top-column elementor-element elementor-element-e3f8aae\" data-id=\"e3f8aae\" data-element_type=\"column\" data-e-type=\"column\">\n\t\t\t<div class=\"elementor-widget-wrap elementor-element-populated\">\n\t\t\t\t\t\t<div class=\"elementor-element elementor-element-3e54ce2 elementor-widget elementor-widget-heading\" data-id=\"3e54ce2\" data-element_type=\"widget\" data-e-type=\"widget\" data-widget_type=\"heading.default\">\n\t\t\t\t<div class=\"elementor-widget-container\">\n\t\t\t\t\t<h1 class=\"elementor-heading-title elementor-size-default\">Registre o seu Deal<\/h1>\t\t\t\t<\/div>\n\t\t\t\t<\/div>\n\t\t\t\t\t<\/div>\n\t\t<\/div>\n\t\t\t\t\t<\/div>\n\t\t<\/section>\n\t\t\t\t<section class=\"elementor-section elementor-top-section elementor-element elementor-element-4e930ef elementor-section-boxed elementor-section-height-default elementor-section-height-default\" data-id=\"4e930ef\" data-element_type=\"section\" data-e-type=\"section\" data-settings=\"{&quot;background_background&quot;:&quot;classic&quot;,&quot;_ha_eqh_enable&quot;:false}\">\n\t\t\t\t\t\t<div class=\"elementor-container elementor-column-gap-default\">\n\t\t\t\t\t<div class=\"elementor-column elementor-col-100 elementor-top-column elementor-element elementor-element-2262cfb\" data-id=\"2262cfb\" data-element_type=\"column\" data-e-type=\"column\">\n\t\t\t<div class=\"elementor-widget-wrap elementor-element-populated\">\n\t\t\t\t\t\t<div class=\"elementor-element elementor-element-9fc493e elementor-widget elementor-widget-heading\" data-id=\"9fc493e\" data-element_type=\"widget\" data-e-type=\"widget\" data-widget_type=\"heading.default\">\n\t\t\t\t<div class=\"elementor-widget-container\">\n\t\t\t\t\t<h2 class=\"elementor-heading-title elementor-size-default\">Proteja as suas oportunidades de vendas<\/h2>\t\t\t\t<\/div>\n\t\t\t\t<\/div>\n\t\t\t\t<div class=\"elementor-element elementor-element-d0ab22d elementor-widget elementor-widget-text-editor\" data-id=\"d0ab22d\" data-element_type=\"widget\" data-e-type=\"widget\" data-widget_type=\"text-editor.default\">\n\t\t\t\t<div class=\"elementor-widget-container\">\n\t\t\t\t\t\t\t\t\tPor favor, preencha o formul\u00e1rio abaixo para enviar a sua oportunidade para revis\u00e3o. Entraremos em contato com voc\u00ea em breve.\t\t\t\t\t\t\t\t<\/div>\n\t\t\t\t<\/div>\n\t\t\t\t<div class=\"elementor-element elementor-element-9ab859a elementor-button-align-stretch elementor-widget elementor-widget-form\" data-id=\"9ab859a\" data-element_type=\"widget\" data-e-type=\"widget\" data-settings=\"{&quot;step_next_label&quot;:&quot;Next&quot;,&quot;step_previous_label&quot;:&quot;Previous&quot;,&quot;button_width&quot;:&quot;100&quot;,&quot;step_type&quot;:&quot;number_text&quot;,&quot;step_icon_shape&quot;:&quot;circle&quot;}\" data-widget_type=\"form.default\">\n\t\t\t\t<div class=\"elementor-widget-container\">\n\t\t\t\t\t\t\t<form class=\"elementor-form\" method=\"post\" id=\"Deal_pt\" name=\"Deal_pt\" aria-label=\"Deal_pt\">\n\t\t\t<input type=\"hidden\" name=\"post_id\" value=\"4524\"\/>\n\t\t\t<input type=\"hidden\" name=\"form_id\" value=\"9ab859a\"\/>\n\t\t\t<input type=\"hidden\" name=\"referer_title\" value=\"Registre Deal - Gatefy\" \/>\n\n\t\t\t\t\t\t\t<input type=\"hidden\" name=\"queried_id\" value=\"4524\"\/>\n\t\t\t\n\t\t\t<div class=\"elementor-form-fields-wrapper elementor-labels-\">\n\t\t\t\t\t\t\t\t<div class=\"elementor-field-type-html elementor-field-group elementor-column elementor-field-group-field_555e769 elementor-col-100\">\n\t\t\t\t\tInforma\u00e7\u00f5es do Parceiro (suas informa\u00e7\u00f5es)\t\t\t\t<\/div>\n\t\t\t\t\t\t\t\t<div class=\"elementor-field-type-text elementor-field-group elementor-column elementor-field-group-company_name elementor-col-50 elementor-field-required\">\n\t\t\t\t\t\t\t\t\t\t\t\t<label for=\"form-field-company_name\" class=\"elementor-field-label elementor-screen-only\">\n\t\t\t\t\t\t\t\tCompany Name\t\t\t\t\t\t\t<\/label>\n\t\t\t\t\t\t\t\t\t\t\t\t\t\t<input size=\"1\" type=\"text\" name=\"form_fields[company_name]\" id=\"form-field-company_name\" class=\"elementor-field elementor-size-xs  elementor-field-textual\" placeholder=\"Nome da Empresa\" required=\"required\">\n\t\t\t\t\t\t\t\t\t\t\t<\/div>\n\t\t\t\t\t\t\t\t<div class=\"elementor-field-type-text elementor-field-group elementor-column elementor-field-group-your_name elementor-col-50 elementor-field-required\">\n\t\t\t\t\t\t\t\t\t\t\t\t<label for=\"form-field-your_name\" class=\"elementor-field-label elementor-screen-only\">\n\t\t\t\t\t\t\t\tYour Name\t\t\t\t\t\t\t<\/label>\n\t\t\t\t\t\t\t\t\t\t\t\t\t\t<input size=\"1\" type=\"text\" name=\"form_fields[your_name]\" id=\"form-field-your_name\" class=\"elementor-field elementor-size-xs  elementor-field-textual\" placeholder=\"Seu Nome\" required=\"required\">\n\t\t\t\t\t\t\t\t\t\t\t<\/div>\n\t\t\t\t\t\t\t\t<div class=\"elementor-field-type-email elementor-field-group elementor-column elementor-field-group-your_email elementor-col-50 elementor-field-required\">\n\t\t\t\t\t\t\t\t\t\t\t\t<label for=\"form-field-your_email\" class=\"elementor-field-label elementor-screen-only\">\n\t\t\t\t\t\t\t\tSeu E-mail Corporativo\t\t\t\t\t\t\t<\/label>\n\t\t\t\t\t\t\t\t\t\t\t\t\t\t<input size=\"1\" type=\"email\" name=\"form_fields[your_email]\" id=\"form-field-your_email\" class=\"elementor-field elementor-size-xs  elementor-field-textual\" placeholder=\"Seu E-mail Corporativo\" required=\"required\">\n\t\t\t\t\t\t\t\t\t\t\t<\/div>\n\t\t\t\t\t\t\t\t<div class=\"elementor-field-type-tel elementor-field-group elementor-column elementor-field-group-your_phone elementor-col-50 elementor-field-required\">\n\t\t\t\t\t\t\t\t\t\t\t\t<label for=\"form-field-your_phone\" class=\"elementor-field-label elementor-screen-only\">\n\t\t\t\t\t\t\t\tYour Phone\t\t\t\t\t\t\t<\/label>\n\t\t\t\t\t\t\t\t<input size=\"1\" type=\"tel\" name=\"form_fields[your_phone]\" id=\"form-field-your_phone\" class=\"elementor-field elementor-size-xs  elementor-field-textual\" placeholder=\"Seu Telefone\" required=\"required\" pattern=\"[0-9()#&amp;+*-=.]+\" title=\"Apenas n\u00fameros e caracteres de telefone (#, -, *, etc.) s\u00e3o aceitos.\">\n\n\t\t\t\t\t\t<\/div>\n\t\t\t\t\t\t\t\t<div class=\"elementor-field-type-html elementor-field-group elementor-column elementor-field-group-field_c389f4c elementor-col-100\">\n\t\t\t\t\t<br>\nDetalhes sobre o Deal (informa\u00e7\u00f5es do cliente)\t\t\t\t<\/div>\n\t\t\t\t\t\t\t\t<div class=\"elementor-field-type-text elementor-field-group elementor-column elementor-field-group-customer_name elementor-col-50 elementor-field-required\">\n\t\t\t\t\t\t\t\t\t\t\t\t<label for=\"form-field-customer_name\" class=\"elementor-field-label elementor-screen-only\">\n\t\t\t\t\t\t\t\tCustomer Company Name\t\t\t\t\t\t\t<\/label>\n\t\t\t\t\t\t\t\t\t\t\t\t\t\t<input size=\"1\" type=\"text\" name=\"form_fields[customer_name]\" id=\"form-field-customer_name\" class=\"elementor-field elementor-size-xs  elementor-field-textual\" placeholder=\"Nome da Empresa do Cliente\" required=\"required\">\n\t\t\t\t\t\t\t\t\t\t\t<\/div>\n\t\t\t\t\t\t\t\t<div class=\"elementor-field-type-text elementor-field-group elementor-column elementor-field-group-customer_website elementor-col-50 elementor-field-required\">\n\t\t\t\t\t\t\t\t\t\t\t\t<label for=\"form-field-customer_website\" class=\"elementor-field-label elementor-screen-only\">\n\t\t\t\t\t\t\t\tCustomer Website\t\t\t\t\t\t\t<\/label>\n\t\t\t\t\t\t\t\t\t\t\t\t\t\t<input size=\"1\" type=\"text\" name=\"form_fields[customer_website]\" id=\"form-field-customer_website\" class=\"elementor-field elementor-size-xs  elementor-field-textual\" placeholder=\"Site do Cliente\" required=\"required\">\n\t\t\t\t\t\t\t\t\t\t\t<\/div>\n\t\t\t\t\t\t\t\t<div class=\"elementor-field-type-text elementor-field-group elementor-column elementor-field-group-country elementor-col-50 elementor-field-required\">\n\t\t\t\t\t\t\t\t\t\t\t\t<label for=\"form-field-country\" class=\"elementor-field-label elementor-screen-only\">\n\t\t\t\t\t\t\t\tCountry\t\t\t\t\t\t\t<\/label>\n\t\t\t\t\t\t\t\t\t\t\t\t\t\t<input size=\"1\" type=\"text\" name=\"form_fields[country]\" id=\"form-field-country\" class=\"elementor-field elementor-size-xs  elementor-field-textual\" placeholder=\"Pa\u00eds\" required=\"required\">\n\t\t\t\t\t\t\t\t\t\t\t<\/div>\n\t\t\t\t\t\t\t\t<div class=\"elementor-field-type-text elementor-field-group elementor-column elementor-field-group-state elementor-col-50 elementor-field-required\">\n\t\t\t\t\t\t\t\t\t\t\t\t<label for=\"form-field-state\" class=\"elementor-field-label elementor-screen-only\">\n\t\t\t\t\t\t\t\tState\t\t\t\t\t\t\t<\/label>\n\t\t\t\t\t\t\t\t\t\t\t\t\t\t<input size=\"1\" type=\"text\" name=\"form_fields[state]\" id=\"form-field-state\" class=\"elementor-field elementor-size-xs  elementor-field-textual\" placeholder=\"Estado\" required=\"required\">\n\t\t\t\t\t\t\t\t\t\t\t<\/div>\n\t\t\t\t\t\t\t\t<div class=\"elementor-field-type-text elementor-field-group elementor-column elementor-field-group-city elementor-col-50 elementor-field-required\">\n\t\t\t\t\t\t\t\t\t\t\t\t<label for=\"form-field-city\" class=\"elementor-field-label elementor-screen-only\">\n\t\t\t\t\t\t\t\tCity\t\t\t\t\t\t\t<\/label>\n\t\t\t\t\t\t\t\t\t\t\t\t\t\t<input size=\"1\" type=\"text\" name=\"form_fields[city]\" id=\"form-field-city\" class=\"elementor-field elementor-size-xs  elementor-field-textual\" placeholder=\"Cidade\" required=\"required\">\n\t\t\t\t\t\t\t\t\t\t\t<\/div>\n\t\t\t\t\t\t\t\t<div class=\"elementor-field-type-number elementor-field-group elementor-column elementor-field-group-tax_id elementor-col-50 elementor-field-required\">\n\t\t\t\t\t\t\t\t\t\t\t\t<label for=\"form-field-tax_id\" class=\"elementor-field-label elementor-screen-only\">\n\t\t\t\t\t\t\t\tTax ID\t\t\t\t\t\t\t<\/label>\n\t\t\t\t\t\t\t\t\t<input type=\"number\" name=\"form_fields[tax_id]\" id=\"form-field-tax_id\" class=\"elementor-field elementor-size-xs  elementor-field-textual\" placeholder=\"CNPJ\" required=\"required\" min=\"\" max=\"\" >\n\t\t\t\t\t\t<\/div>\n\t\t\t\t\t\t\t\t<div class=\"elementor-field-type-number elementor-field-group elementor-column elementor-field-group-zip_code elementor-col-50 elementor-field-required\">\n\t\t\t\t\t\t\t\t\t\t\t\t<label for=\"form-field-zip_code\" class=\"elementor-field-label elementor-screen-only\">\n\t\t\t\t\t\t\t\tZip Code\t\t\t\t\t\t\t<\/label>\n\t\t\t\t\t\t\t\t\t<input type=\"number\" name=\"form_fields[zip_code]\" id=\"form-field-zip_code\" class=\"elementor-field elementor-size-xs  elementor-field-textual\" placeholder=\"CEP\" required=\"required\" min=\"\" max=\"\" >\n\t\t\t\t\t\t<\/div>\n\t\t\t\t\t\t\t\t<div class=\"elementor-field-type-text elementor-field-group elementor-column elementor-field-group-address elementor-col-50 elementor-field-required\">\n\t\t\t\t\t\t\t\t\t\t\t\t<label for=\"form-field-address\" class=\"elementor-field-label elementor-screen-only\">\n\t\t\t\t\t\t\t\tAddress\t\t\t\t\t\t\t<\/label>\n\t\t\t\t\t\t\t\t\t\t\t\t\t\t<input size=\"1\" type=\"text\" name=\"form_fields[address]\" id=\"form-field-address\" class=\"elementor-field elementor-size-xs  elementor-field-textual\" placeholder=\"Endere\u00e7o\" required=\"required\">\n\t\t\t\t\t\t\t\t\t\t\t<\/div>\n\t\t\t\t\t\t\t\t<div class=\"elementor-field-type-text elementor-field-group elementor-column elementor-field-group-contact_name elementor-col-50 elementor-field-required\">\n\t\t\t\t\t\t\t\t\t\t\t\t<label for=\"form-field-contact_name\" class=\"elementor-field-label elementor-screen-only\">\n\t\t\t\t\t\t\t\tContact Name\t\t\t\t\t\t\t<\/label>\n\t\t\t\t\t\t\t\t\t\t\t\t\t\t<input size=\"1\" type=\"text\" name=\"form_fields[contact_name]\" id=\"form-field-contact_name\" class=\"elementor-field elementor-size-xs  elementor-field-textual\" placeholder=\"Nome do Contato\" required=\"required\">\n\t\t\t\t\t\t\t\t\t\t\t<\/div>\n\t\t\t\t\t\t\t\t<div class=\"elementor-field-type-text elementor-field-group elementor-column elementor-field-group-job_title elementor-col-50 elementor-field-required\">\n\t\t\t\t\t\t\t\t\t\t\t\t<label for=\"form-field-job_title\" class=\"elementor-field-label elementor-screen-only\">\n\t\t\t\t\t\t\t\tJob Title\t\t\t\t\t\t\t<\/label>\n\t\t\t\t\t\t\t\t\t\t\t\t\t\t<input size=\"1\" type=\"text\" name=\"form_fields[job_title]\" id=\"form-field-job_title\" class=\"elementor-field elementor-size-xs  elementor-field-textual\" placeholder=\"Cargo do Contato\" required=\"required\">\n\t\t\t\t\t\t\t\t\t\t\t<\/div>\n\t\t\t\t\t\t\t\t<div class=\"elementor-field-type-tel elementor-field-group elementor-column elementor-field-group-contact_phone elementor-col-50 elementor-field-required\">\n\t\t\t\t\t\t\t\t\t\t\t\t<label for=\"form-field-contact_phone\" class=\"elementor-field-label elementor-screen-only\">\n\t\t\t\t\t\t\t\tContact Phone\t\t\t\t\t\t\t<\/label>\n\t\t\t\t\t\t\t\t<input size=\"1\" type=\"tel\" name=\"form_fields[contact_phone]\" id=\"form-field-contact_phone\" class=\"elementor-field elementor-size-xs  elementor-field-textual\" placeholder=\"Telefone do Contato\" required=\"required\" pattern=\"[0-9()#&amp;+*-=.]+\" title=\"Apenas n\u00fameros e caracteres de telefone (#, -, *, etc.) s\u00e3o aceitos.\">\n\n\t\t\t\t\t\t<\/div>\n\t\t\t\t\t\t\t\t<div class=\"elementor-field-type-email elementor-field-group elementor-column elementor-field-group-contact_email elementor-col-50 elementor-field-required\">\n\t\t\t\t\t\t\t\t\t\t\t\t<label for=\"form-field-contact_email\" class=\"elementor-field-label elementor-screen-only\">\n\t\t\t\t\t\t\t\tContact Email\t\t\t\t\t\t\t<\/label>\n\t\t\t\t\t\t\t\t\t\t\t\t\t\t<input size=\"1\" type=\"email\" name=\"form_fields[contact_email]\" id=\"form-field-contact_email\" class=\"elementor-field elementor-size-xs  elementor-field-textual\" placeholder=\"E-mail do Contato\" required=\"required\">\n\t\t\t\t\t\t\t\t\t\t\t<\/div>\n\t\t\t\t\t\t\t\t<div class=\"elementor-field-type-html elementor-field-group elementor-column elementor-field-group-field_62dd65d elementor-col-100\">\n\t\t\t\t\t<br>\nDetalhes do Produto\t\t\t\t<\/div>\n\t\t\t\t\t\t\t\t<div class=\"elementor-field-type-select elementor-field-group elementor-column elementor-field-group-field_c8908d5 elementor-col-50 elementor-field-required\">\n\t\t\t\t\t\t\t\t\t\t\t\t<label for=\"form-field-field_c8908d5\" class=\"elementor-field-label elementor-screen-only\">\n\t\t\t\t\t\t\t\tProduct\t\t\t\t\t\t\t<\/label>\n\t\t\t\t\t\t\t\t<div class=\"elementor-field elementor-select-wrapper remove-before \">\n\t\t\t<div class=\"select-caret-down-wrapper\">\n\t\t\t\t<i aria-hidden=\"true\" class=\"eicon-caret-down\"><\/i>\t\t\t<\/div>\n\t\t\t<select name=\"form_fields[field_c8908d5]\" id=\"form-field-field_c8908d5\" class=\"elementor-field-textual elementor-size-xs\" required=\"required\">\n\t\t\t\t\t\t\t\t\t<option value=\"Gatefy Email Security\">Gatefy Email Security<\/option>\n\t\t\t\t\t\t\t\t\t<option value=\"Gatefy Anti-Fraud Protection - DMARC\">Gatefy Anti-Fraud Protection - DMARC<\/option>\n\t\t\t\t\t\t\t<\/select>\n\t\t<\/div>\n\t\t\t\t\t\t<\/div>\n\t\t\t\t\t\t\t\t<div class=\"elementor-field-type-number elementor-field-group elementor-column elementor-field-group-field_466d377 elementor-col-50 elementor-field-required\">\n\t\t\t\t\t\t\t\t\t\t\t\t<label for=\"form-field-field_466d377\" class=\"elementor-field-label elementor-screen-only\">\n\t\t\t\t\t\t\t\tNumber of Users\t\t\t\t\t\t\t<\/label>\n\t\t\t\t\t\t\t\t\t<input type=\"number\" name=\"form_fields[field_466d377]\" id=\"form-field-field_466d377\" class=\"elementor-field elementor-size-xs  elementor-field-textual\" placeholder=\"N\u00famero de Usu\u00e1rios\" required=\"required\" min=\"\" max=\"\" >\n\t\t\t\t\t\t<\/div>\n\t\t\t\t\t\t\t\t<div class=\"elementor-field-type-recaptcha elementor-field-group elementor-column elementor-field-group-field_5956fe8 elementor-col-100\">\n\t\t\t\t\t<div class=\"elementor-field\" id=\"form-field-field_5956fe8\"><div class=\"elementor-g-recaptcha\" data-sitekey=\"6LeExI8aAAAAAK1ysbIxk9Vkym7Vu89O8B97pSLe\" data-type=\"v2_checkbox\" data-theme=\"light\" data-size=\"normal\"><\/div><\/div>\t\t\t\t<\/div>\n\t\t\t\t\t\t\t\t<div class=\"elementor-field-group elementor-column elementor-field-type-submit elementor-col-100 e-form__buttons\">\n\t\t\t\t\t<button class=\"elementor-button elementor-size-xs\" type=\"submit\">\n\t\t\t\t\t\t<span class=\"elementor-button-content-wrapper\">\n\t\t\t\t\t\t\t\t\t\t\t\t\t\t\t\t\t\t\t\t\t\t<span class=\"elementor-button-text\">Enviar<\/span>\n\t\t\t\t\t\t\t\t\t\t\t\t\t<\/span>\n\t\t\t\t\t<\/button>\n\t\t\t\t<\/div>\n\t\t\t<\/div>\n\t\t<\/form>\n\t\t\t\t\t\t<\/div>\n\t\t\t\t<\/div>\n\t\t\t\t\t<\/div>\n\t\t<\/div>\n\t\t\t\t\t<\/div>\n\t\t<\/section>\n\t\t\t\t<\/div>\n\t\t","protected":false},"excerpt":{"rendered":"<p>Registre o seu Deal Proteja as suas oportunidades de vendas Por favor, preencha o formul\u00e1rio abaixo para enviar a sua oportunidade para revis\u00e3o. Entraremos em contato com voc\u00ea em breve.<\/p>\n","protected":false},"author":4,"featured_media":0,"parent":0,"menu_order":0,"comment_status":"closed","ping_status":"closed","template":"","meta":{"footnotes":""},"class_list":["post-4524","page","type-page","status-publish","hentry"],"yoast_head":"<!-- This site is optimized with the Yoast SEO plugin v27.1.1 - https:\/\/yoast.com\/product\/yoast-seo-wordpress\/ -->\n<title>Registre Deal - Gatefy<\/title>\n<meta name=\"description\" content=\"Pronto para registrar deal? Registre o seu deal para proteger as suas oportunidades de vendas e come\u00e7ar a expandir os seus neg\u00f3cios.\" \/>\n<meta name=\"robots\" content=\"index, follow, max-snippet:-1, max-image-preview:large, max-video-preview:-1\" \/>\n<link rel=\"canonical\" href=\"https:\/\/gatefy.com\/pt-br\/deal-registration\/\" \/>\n<meta property=\"og:locale\" content=\"pt_BR\" \/>\n<meta property=\"og:type\" content=\"article\" \/>\n<meta property=\"og:title\" content=\"Registre Deal - Gatefy\" \/>\n<meta property=\"og:description\" content=\"Pronto para registrar deal? Registre o seu deal para proteger as suas oportunidades de vendas e come\u00e7ar a expandir os seus neg\u00f3cios.\" \/>\n<meta property=\"og:url\" content=\"https:\/\/gatefy.com\/pt-br\/deal-registration\/\" \/>\n<meta property=\"og:site_name\" content=\"Gatefy\" \/>\n<meta property=\"article:publisher\" content=\"https:\/\/www.facebook.com\/gatefy\" \/>\n<meta property=\"article:modified_time\" content=\"2021-04-22T19:09:10+00:00\" \/>\n<meta name=\"twitter:card\" content=\"summary_large_image\" \/>\n<meta name=\"twitter:site\" content=\"@gatefy_security\" \/>\n<meta name=\"twitter:label1\" content=\"Est. tempo de leitura\" \/>\n\t<meta name=\"twitter:data1\" content=\"1 minuto\" \/>\n<script type=\"application\/ld+json\" class=\"yoast-schema-graph\">{\"@context\":\"https:\/\/schema.org\",\"@graph\":[{\"@type\":\"WebPage\",\"@id\":\"https:\/\/gatefy.com\/pt-br\/deal-registration\/\",\"url\":\"https:\/\/gatefy.com\/pt-br\/deal-registration\/\",\"name\":\"Registre Deal - Gatefy\",\"isPartOf\":{\"@id\":\"https:\/\/gatefy.com\/pt-br\/#website\"},\"datePublished\":\"2021-02-15T21:42:40+00:00\",\"dateModified\":\"2021-04-22T19:09:10+00:00\",\"description\":\"Pronto para registrar deal? Registre o seu deal para proteger as suas oportunidades de vendas e come\u00e7ar a expandir os seus neg\u00f3cios.\",\"breadcrumb\":{\"@id\":\"https:\/\/gatefy.com\/pt-br\/deal-registration\/#breadcrumb\"},\"inLanguage\":\"pt-BR\",\"potentialAction\":[{\"@type\":\"ReadAction\",\"target\":[\"https:\/\/gatefy.com\/pt-br\/deal-registration\/\"]}]},{\"@type\":\"BreadcrumbList\",\"@id\":\"https:\/\/gatefy.com\/pt-br\/deal-registration\/#breadcrumb\",\"itemListElement\":[{\"@type\":\"ListItem\",\"position\":1,\"name\":\"Home\",\"item\":\"https:\/\/gatefy.com\/pt-br\/\"},{\"@type\":\"ListItem\",\"position\":2,\"name\":\"Registre Deal\"}]},{\"@type\":\"WebSite\",\"@id\":\"https:\/\/gatefy.com\/pt-br\/#website\",\"url\":\"https:\/\/gatefy.com\/pt-br\/\",\"name\":\"Gatefy\",\"description\":\"We use artificial intelligence and machine learning to improve businesses&#039; inbound and outbound email security. Integrates with O365, Exchange and G Suite.\",\"publisher\":{\"@id\":\"https:\/\/gatefy.com\/pt-br\/#organization\"},\"potentialAction\":[{\"@type\":\"SearchAction\",\"target\":{\"@type\":\"EntryPoint\",\"urlTemplate\":\"https:\/\/gatefy.com\/pt-br\/?s={search_term_string}\"},\"query-input\":{\"@type\":\"PropertyValueSpecification\",\"valueRequired\":true,\"valueName\":\"search_term_string\"}}],\"inLanguage\":\"pt-BR\"},{\"@type\":\"Organization\",\"@id\":\"https:\/\/gatefy.com\/pt-br\/#organization\",\"name\":\"Gatefy Email Security\",\"url\":\"https:\/\/gatefy.com\/pt-br\/\",\"logo\":{\"@type\":\"ImageObject\",\"inLanguage\":\"pt-BR\",\"@id\":\"https:\/\/gatefy.com\/pt-br\/#\/schema\/logo\/image\/\",\"url\":\"https:\/\/gatefy.com\/wp-content\/uploads\/2021\/03\/logo-preto.png\",\"contentUrl\":\"https:\/\/gatefy.com\/wp-content\/uploads\/2021\/03\/logo-preto.png\",\"width\":1500,\"height\":500,\"caption\":\"Gatefy Email Security\"},\"image\":{\"@id\":\"https:\/\/gatefy.com\/pt-br\/#\/schema\/logo\/image\/\"},\"sameAs\":[\"https:\/\/www.facebook.com\/gatefy\",\"https:\/\/x.com\/gatefy_security\",\"https:\/\/www.linkedin.com\/company\/gatefy\",\"https:\/\/www.youtube.com\/channel\/UCFSZUkcvfwYSrGopaRtUSog\"]}]}<\/script>\n<!-- \/ Yoast SEO plugin. -->","yoast_head_json":{"title":"Registre Deal - Gatefy","description":"Pronto para registrar deal? Registre o seu deal para proteger as suas oportunidades de vendas e come\u00e7ar a expandir os seus neg\u00f3cios.","robots":{"index":"index","follow":"follow","max-snippet":"max-snippet:-1","max-image-preview":"max-image-preview:large","max-video-preview":"max-video-preview:-1"},"canonical":"https:\/\/gatefy.com\/pt-br\/deal-registration\/","og_locale":"pt_BR","og_type":"article","og_title":"Registre Deal - Gatefy","og_description":"Pronto para registrar deal? Registre o seu deal para proteger as suas oportunidades de vendas e come\u00e7ar a expandir os seus neg\u00f3cios.","og_url":"https:\/\/gatefy.com\/pt-br\/deal-registration\/","og_site_name":"Gatefy","article_publisher":"https:\/\/www.facebook.com\/gatefy","article_modified_time":"2021-04-22T19:09:10+00:00","twitter_card":"summary_large_image","twitter_site":"@gatefy_security","twitter_misc":{"Est. tempo de leitura":"1 minuto"},"schema":{"@context":"https:\/\/schema.org","@graph":[{"@type":"WebPage","@id":"https:\/\/gatefy.com\/pt-br\/deal-registration\/","url":"https:\/\/gatefy.com\/pt-br\/deal-registration\/","name":"Registre Deal - Gatefy","isPartOf":{"@id":"https:\/\/gatefy.com\/pt-br\/#website"},"datePublished":"2021-02-15T21:42:40+00:00","dateModified":"2021-04-22T19:09:10+00:00","description":"Pronto para registrar deal? Registre o seu deal para proteger as suas oportunidades de vendas e come\u00e7ar a expandir os seus neg\u00f3cios.","breadcrumb":{"@id":"https:\/\/gatefy.com\/pt-br\/deal-registration\/#breadcrumb"},"inLanguage":"pt-BR","potentialAction":[{"@type":"ReadAction","target":["https:\/\/gatefy.com\/pt-br\/deal-registration\/"]}]},{"@type":"BreadcrumbList","@id":"https:\/\/gatefy.com\/pt-br\/deal-registration\/#breadcrumb","itemListElement":[{"@type":"ListItem","position":1,"name":"Home","item":"https:\/\/gatefy.com\/pt-br\/"},{"@type":"ListItem","position":2,"name":"Registre Deal"}]},{"@type":"WebSite","@id":"https:\/\/gatefy.com\/pt-br\/#website","url":"https:\/\/gatefy.com\/pt-br\/","name":"Gatefy","description":"We use artificial intelligence and machine learning to improve businesses&#039; inbound and outbound email security. Integrates with O365, Exchange and G Suite.","publisher":{"@id":"https:\/\/gatefy.com\/pt-br\/#organization"},"potentialAction":[{"@type":"SearchAction","target":{"@type":"EntryPoint","urlTemplate":"https:\/\/gatefy.com\/pt-br\/?s={search_term_string}"},"query-input":{"@type":"PropertyValueSpecification","valueRequired":true,"valueName":"search_term_string"}}],"inLanguage":"pt-BR"},{"@type":"Organization","@id":"https:\/\/gatefy.com\/pt-br\/#organization","name":"Gatefy Email Security","url":"https:\/\/gatefy.com\/pt-br\/","logo":{"@type":"ImageObject","inLanguage":"pt-BR","@id":"https:\/\/gatefy.com\/pt-br\/#\/schema\/logo\/image\/","url":"https:\/\/gatefy.com\/wp-content\/uploads\/2021\/03\/logo-preto.png","contentUrl":"https:\/\/gatefy.com\/wp-content\/uploads\/2021\/03\/logo-preto.png","width":1500,"height":500,"caption":"Gatefy Email Security"},"image":{"@id":"https:\/\/gatefy.com\/pt-br\/#\/schema\/logo\/image\/"},"sameAs":["https:\/\/www.facebook.com\/gatefy","https:\/\/x.com\/gatefy_security","https:\/\/www.linkedin.com\/company\/gatefy","https:\/\/www.youtube.com\/channel\/UCFSZUkcvfwYSrGopaRtUSog"]}]}},"_links":{"self":[{"href":"https:\/\/gatefy.com\/pt-br\/wp-json\/wp\/v2\/pages\/4524","targetHints":{"allow":["GET"]}}],"collection":[{"href":"https:\/\/gatefy.com\/pt-br\/wp-json\/wp\/v2\/pages"}],"about":[{"href":"https:\/\/gatefy.com\/pt-br\/wp-json\/wp\/v2\/types\/page"}],"author":[{"embeddable":true,"href":"https:\/\/gatefy.com\/pt-br\/wp-json\/wp\/v2\/users\/4"}],"replies":[{"embeddable":true,"href":"https:\/\/gatefy.com\/pt-br\/wp-json\/wp\/v2\/comments?post=4524"}],"version-history":[{"count":0,"href":"https:\/\/gatefy.com\/pt-br\/wp-json\/wp\/v2\/pages\/4524\/revisions"}],"wp:attachment":[{"href":"https:\/\/gatefy.com\/pt-br\/wp-json\/wp\/v2\/media?parent=4524"}],"curies":[{"name":"wp","href":"https:\/\/api.w.org\/{rel}","templated":true}]}}