{"id":31329,"date":"2026-03-27T20:08:06","date_gmt":"2026-03-27T20:08:06","guid":{"rendered":"https:\/\/gatefy.com\/?page_id=31329"},"modified":"2026-03-27T20:34:00","modified_gmt":"2026-03-27T20:34:00","slug":"artemis-registre-o-seu-deal","status":"publish","type":"page","link":"https:\/\/gatefy.com\/pt-br\/artemis-registre-o-seu-deal\/","title":{"rendered":"Artemis &#8211; Registre o seu Deal"},"content":{"rendered":"\t\t<div data-elementor-type=\"wp-page\" data-elementor-id=\"31329\" class=\"elementor elementor-31329\" data-elementor-settings=\"{&quot;ha_cmc_init_switcher&quot;:&quot;no&quot;}\" data-elementor-post-type=\"page\">\n\t\t\t\t<div class=\"elementor-element elementor-element-ad07321 e-flex e-con-boxed e-con e-parent\" data-id=\"ad07321\" data-element_type=\"container\" data-e-type=\"container\" data-settings=\"{&quot;background_background&quot;:&quot;classic&quot;,&quot;_ha_eqh_enable&quot;:false}\">\n\t\t\t\t\t<div class=\"e-con-inner\">\n\t\t<div class=\"elementor-element elementor-element-7c97000 e-con-full e-flex e-con e-child\" data-id=\"7c97000\" data-element_type=\"container\" data-e-type=\"container\" data-settings=\"{&quot;_ha_eqh_enable&quot;:false}\">\n\t\t\t\t<div class=\"elementor-element elementor-element-8dd8ded ha-has-bg-overlay elementor-widget elementor-widget-heading\" data-id=\"8dd8ded\" data-element_type=\"widget\" data-e-type=\"widget\" data-widget_type=\"heading.default\">\n\t\t\t\t<div class=\"elementor-widget-container\">\n\t\t\t\t\t<p class=\"elementor-heading-title elementor-size-default\">Agende uma demo<\/p>\t\t\t\t<\/div>\n\t\t\t\t<\/div>\n\t\t\t\t<div class=\"elementor-element elementor-element-a1e1ca6 elementor-widget__width-initial elementor-widget elementor-widget-heading\" data-id=\"a1e1ca6\" data-element_type=\"widget\" data-e-type=\"widget\" data-widget_type=\"heading.default\">\n\t\t\t\t<div class=\"elementor-widget-container\">\n\t\t\t\t\t<h1 class=\"elementor-heading-title elementor-size-default\">Veja como protegemos a sua empresa contra amea\u00e7as de e-mail<\/h1>\t\t\t\t<\/div>\n\t\t\t\t<\/div>\n\t\t\t\t<div class=\"elementor-element elementor-element-4f47f6a elementor-widget elementor-widget-text-editor\" data-id=\"4f47f6a\" data-element_type=\"widget\" data-e-type=\"widget\" data-widget_type=\"text-editor.default\">\n\t\t\t\t<div class=\"elementor-widget-container\">\n\t\t\t\t\t\t\t\t\tPara come\u00e7ar, precisamos apenas do seu nome e contato comercial.\t\t\t\t\t\t\t\t<\/div>\n\t\t\t\t<\/div>\n\t\t\t\t<\/div>\n\t\t<div class=\"elementor-element elementor-element-dd1cf52 e-con-full e-flex e-con e-child\" data-id=\"dd1cf52\" data-element_type=\"container\" data-e-type=\"container\" data-settings=\"{&quot;background_background&quot;:&quot;classic&quot;,&quot;_ha_eqh_enable&quot;:false}\">\n\t\t\t\t<div class=\"elementor-element elementor-element-ae8a215 elementor-button-align-start elementor-mobile-button-align-stretch elementor-widget elementor-widget-form\" data-id=\"ae8a215\" data-element_type=\"widget\" data-e-type=\"widget\" data-settings=\"{&quot;step_next_label&quot;:&quot;Pr\\u00f3ximo&quot;,&quot;step_previous_label&quot;:&quot;Anterior&quot;,&quot;button_width&quot;:&quot;100&quot;,&quot;step_type&quot;:&quot;number_text&quot;,&quot;step_icon_shape&quot;:&quot;circle&quot;}\" data-widget_type=\"form.default\">\n\t\t\t\t<div class=\"elementor-widget-container\">\n\t\t\t\t\t\t\t<form class=\"elementor-form\" method=\"post\" name=\"Formul\u00e1rio\" aria-label=\"Formul\u00e1rio\">\n\t\t\t<input type=\"hidden\" name=\"post_id\" value=\"31329\"\/>\n\t\t\t<input type=\"hidden\" name=\"form_id\" value=\"ae8a215\"\/>\n\t\t\t<input type=\"hidden\" name=\"referer_title\" value=\"Gatefy\" \/>\n\n\t\t\t\n\t\t\t<div class=\"elementor-form-fields-wrapper elementor-labels-\">\n\t\t\t\t\t\t\t\t<div class=\"elementor-field-type-html elementor-field-group elementor-column elementor-field-group-field_4e5d234 elementor-col-100\">\n\t\t\t\t\tInforma\u00e7\u00f5es do Parceiro (suas informa\u00e7\u00f5es)\t\t\t\t<\/div>\n\t\t\t\t\t\t\t\t<div class=\"elementor-field-type-text elementor-field-group elementor-column elementor-field-group-empresa elementor-col-50\">\n\t\t\t\t\t\t\t\t\t\t\t\t<label for=\"form-field-empresa\" class=\"elementor-field-label elementor-screen-only\">\n\t\t\t\t\t\t\t\tNome da empresa\t\t\t\t\t\t\t<\/label>\n\t\t\t\t\t\t\t\t\t\t\t\t\t\t<input size=\"1\" type=\"text\" name=\"form_fields[empresa]\" id=\"form-field-empresa\" class=\"elementor-field elementor-size-md  elementor-field-textual\" placeholder=\"Nome da empresa\">\n\t\t\t\t\t\t\t\t\t\t\t<\/div>\n\t\t\t\t\t\t\t\t<div class=\"elementor-field-type-text elementor-field-group elementor-column elementor-field-group-nome elementor-col-50\">\n\t\t\t\t\t\t\t\t\t\t\t\t<label for=\"form-field-nome\" class=\"elementor-field-label elementor-screen-only\">\n\t\t\t\t\t\t\t\tNome\t\t\t\t\t\t\t<\/label>\n\t\t\t\t\t\t\t\t\t\t\t\t\t\t<input size=\"1\" type=\"text\" name=\"form_fields[nome]\" id=\"form-field-nome\" class=\"elementor-field elementor-size-md  elementor-field-textual\" placeholder=\"Seu nome\">\n\t\t\t\t\t\t\t\t\t\t\t<\/div>\n\t\t\t\t\t\t\t\t<div class=\"elementor-field-type-email elementor-field-group elementor-column elementor-field-group-email elementor-col-50 elementor-field-required\">\n\t\t\t\t\t\t\t\t\t\t\t\t<label for=\"form-field-email\" class=\"elementor-field-label elementor-screen-only\">\n\t\t\t\t\t\t\t\tE-mail corporativo\t\t\t\t\t\t\t<\/label>\n\t\t\t\t\t\t\t\t\t\t\t\t\t\t<input size=\"1\" type=\"email\" name=\"form_fields[email]\" id=\"form-field-email\" class=\"elementor-field elementor-size-md  elementor-field-textual\" placeholder=\"Seu e-mail corporativo\" required=\"required\">\n\t\t\t\t\t\t\t\t\t\t\t<\/div>\n\t\t\t\t\t\t\t\t<div class=\"elementor-field-type-text elementor-field-group elementor-column elementor-field-group-telefone elementor-col-50\">\n\t\t\t\t\t\t\t\t\t\t\t\t<label for=\"form-field-telefone\" class=\"elementor-field-label elementor-screen-only\">\n\t\t\t\t\t\t\t\tTelefone\t\t\t\t\t\t\t<\/label>\n\t\t\t\t\t\t\t\t\t\t\t\t\t\t<input size=\"1\" type=\"text\" name=\"form_fields[telefone]\" id=\"form-field-telefone\" class=\"elementor-field elementor-size-md  elementor-field-textual\" placeholder=\"Seu telefone\">\n\t\t\t\t\t\t\t\t\t\t\t<\/div>\n\t\t\t\t\t\t\t\t<div class=\"elementor-field-type-html elementor-field-group elementor-column elementor-field-group-field_fe3c787 elementor-col-100\">\n\t\t\t\t\tDetalhes sobre o Deal (informa\u00e7\u00f5es do cliente)\t\t\t\t<\/div>\n\t\t\t\t\t\t\t\t<div class=\"elementor-field-type-text elementor-field-group elementor-column elementor-field-group-empresa_cliente elementor-col-50\">\n\t\t\t\t\t\t\t\t\t\t\t\t<label for=\"form-field-empresa_cliente\" class=\"elementor-field-label elementor-screen-only\">\n\t\t\t\t\t\t\t\tNome da empresa do cliente\t\t\t\t\t\t\t<\/label>\n\t\t\t\t\t\t\t\t\t\t\t\t\t\t<input size=\"1\" type=\"text\" name=\"form_fields[empresa_cliente]\" id=\"form-field-empresa_cliente\" class=\"elementor-field elementor-size-md  elementor-field-textual\" placeholder=\"Nome da empresa\">\n\t\t\t\t\t\t\t\t\t\t\t<\/div>\n\t\t\t\t\t\t\t\t<div class=\"elementor-field-type-text elementor-field-group elementor-column elementor-field-group-site_cliente elementor-col-50\">\n\t\t\t\t\t\t\t\t\t\t\t\t<label for=\"form-field-site_cliente\" class=\"elementor-field-label elementor-screen-only\">\n\t\t\t\t\t\t\t\tSite do cliente\t\t\t\t\t\t\t<\/label>\n\t\t\t\t\t\t\t\t\t\t\t\t\t\t<input size=\"1\" type=\"text\" name=\"form_fields[site_cliente]\" id=\"form-field-site_cliente\" class=\"elementor-field elementor-size-md  elementor-field-textual\" placeholder=\"Site do cliente\">\n\t\t\t\t\t\t\t\t\t\t\t<\/div>\n\t\t\t\t\t\t\t\t<div class=\"elementor-field-type-text elementor-field-group elementor-column elementor-field-group-pais elementor-col-50\">\n\t\t\t\t\t\t\t\t\t\t\t\t<label for=\"form-field-pais\" class=\"elementor-field-label elementor-screen-only\">\n\t\t\t\t\t\t\t\tPa\u00eds\t\t\t\t\t\t\t<\/label>\n\t\t\t\t\t\t\t\t\t\t\t\t\t\t<input size=\"1\" type=\"text\" name=\"form_fields[pais]\" id=\"form-field-pais\" class=\"elementor-field elementor-size-md  elementor-field-textual\" placeholder=\"Pa\u00eds\">\n\t\t\t\t\t\t\t\t\t\t\t<\/div>\n\t\t\t\t\t\t\t\t<div class=\"elementor-field-type-text elementor-field-group elementor-column elementor-field-group-estado elementor-col-50\">\n\t\t\t\t\t\t\t\t\t\t\t\t<label for=\"form-field-estado\" class=\"elementor-field-label elementor-screen-only\">\n\t\t\t\t\t\t\t\tEstado\t\t\t\t\t\t\t<\/label>\n\t\t\t\t\t\t\t\t\t\t\t\t\t\t<input size=\"1\" type=\"text\" name=\"form_fields[estado]\" id=\"form-field-estado\" class=\"elementor-field elementor-size-md  elementor-field-textual\" placeholder=\"Estado\">\n\t\t\t\t\t\t\t\t\t\t\t<\/div>\n\t\t\t\t\t\t\t\t<div class=\"elementor-field-type-text elementor-field-group elementor-column elementor-field-group-cidade elementor-col-50\">\n\t\t\t\t\t\t\t\t\t\t\t\t<label for=\"form-field-cidade\" class=\"elementor-field-label elementor-screen-only\">\n\t\t\t\t\t\t\t\tCidade\t\t\t\t\t\t\t<\/label>\n\t\t\t\t\t\t\t\t\t\t\t\t\t\t<input size=\"1\" type=\"text\" name=\"form_fields[cidade]\" id=\"form-field-cidade\" class=\"elementor-field elementor-size-md  elementor-field-textual\" placeholder=\"Cidade\">\n\t\t\t\t\t\t\t\t\t\t\t<\/div>\n\t\t\t\t\t\t\t\t<div class=\"elementor-field-type-text elementor-field-group elementor-column elementor-field-group-cnpj elementor-col-50\">\n\t\t\t\t\t\t\t\t\t\t\t\t<label for=\"form-field-cnpj\" class=\"elementor-field-label elementor-screen-only\">\n\t\t\t\t\t\t\t\tCNPJ\t\t\t\t\t\t\t<\/label>\n\t\t\t\t\t\t\t\t\t\t\t\t\t\t<input size=\"1\" type=\"text\" name=\"form_fields[cnpj]\" id=\"form-field-cnpj\" class=\"elementor-field elementor-size-md  elementor-field-textual\" placeholder=\"CNPJ\">\n\t\t\t\t\t\t\t\t\t\t\t<\/div>\n\t\t\t\t\t\t\t\t<div class=\"elementor-field-type-text elementor-field-group elementor-column elementor-field-group-cep elementor-col-50\">\n\t\t\t\t\t\t\t\t\t\t\t\t<label for=\"form-field-cep\" class=\"elementor-field-label elementor-screen-only\">\n\t\t\t\t\t\t\t\tCEP\t\t\t\t\t\t\t<\/label>\n\t\t\t\t\t\t\t\t\t\t\t\t\t\t<input size=\"1\" type=\"text\" name=\"form_fields[cep]\" id=\"form-field-cep\" class=\"elementor-field elementor-size-md  elementor-field-textual\" placeholder=\"CEP\">\n\t\t\t\t\t\t\t\t\t\t\t<\/div>\n\t\t\t\t\t\t\t\t<div class=\"elementor-field-type-text elementor-field-group elementor-column elementor-field-group-endereco elementor-col-50\">\n\t\t\t\t\t\t\t\t\t\t\t\t<label for=\"form-field-endereco\" class=\"elementor-field-label elementor-screen-only\">\n\t\t\t\t\t\t\t\tEndere\u00e7o\t\t\t\t\t\t\t<\/label>\n\t\t\t\t\t\t\t\t\t\t\t\t\t\t<input size=\"1\" type=\"text\" name=\"form_fields[endereco]\" id=\"form-field-endereco\" class=\"elementor-field elementor-size-md  elementor-field-textual\" placeholder=\"Endere\u00e7o\">\n\t\t\t\t\t\t\t\t\t\t\t<\/div>\n\t\t\t\t\t\t\t\t<div class=\"elementor-field-type-text elementor-field-group elementor-column elementor-field-group-nome_contato elementor-col-50\">\n\t\t\t\t\t\t\t\t\t\t\t\t<label for=\"form-field-nome_contato\" class=\"elementor-field-label elementor-screen-only\">\n\t\t\t\t\t\t\t\tNome do contato\t\t\t\t\t\t\t<\/label>\n\t\t\t\t\t\t\t\t\t\t\t\t\t\t<input size=\"1\" type=\"text\" name=\"form_fields[nome_contato]\" id=\"form-field-nome_contato\" class=\"elementor-field elementor-size-md  elementor-field-textual\" placeholder=\"Nome do contato\">\n\t\t\t\t\t\t\t\t\t\t\t<\/div>\n\t\t\t\t\t\t\t\t<div class=\"elementor-field-type-text elementor-field-group elementor-column elementor-field-group-cargo_contato elementor-col-50\">\n\t\t\t\t\t\t\t\t\t\t\t\t<label for=\"form-field-cargo_contato\" class=\"elementor-field-label elementor-screen-only\">\n\t\t\t\t\t\t\t\tCargo do contato\t\t\t\t\t\t\t<\/label>\n\t\t\t\t\t\t\t\t\t\t\t\t\t\t<input size=\"1\" type=\"text\" name=\"form_fields[cargo_contato]\" id=\"form-field-cargo_contato\" class=\"elementor-field elementor-size-md  elementor-field-textual\" placeholder=\"Cargo do contato\">\n\t\t\t\t\t\t\t\t\t\t\t<\/div>\n\t\t\t\t\t\t\t\t<div class=\"elementor-field-type-text elementor-field-group elementor-column elementor-field-group-telefone_contato elementor-col-50\">\n\t\t\t\t\t\t\t\t\t\t\t\t<label for=\"form-field-telefone_contato\" class=\"elementor-field-label elementor-screen-only\">\n\t\t\t\t\t\t\t\tTelefone do contato\t\t\t\t\t\t\t<\/label>\n\t\t\t\t\t\t\t\t\t\t\t\t\t\t<input size=\"1\" type=\"text\" name=\"form_fields[telefone_contato]\" id=\"form-field-telefone_contato\" class=\"elementor-field elementor-size-md  elementor-field-textual\" placeholder=\"Telefone do contato\">\n\t\t\t\t\t\t\t\t\t\t\t<\/div>\n\t\t\t\t\t\t\t\t<div class=\"elementor-field-type-text elementor-field-group elementor-column elementor-field-group-email_contato elementor-col-50\">\n\t\t\t\t\t\t\t\t\t\t\t\t<label for=\"form-field-email_contato\" class=\"elementor-field-label elementor-screen-only\">\n\t\t\t\t\t\t\t\tE-mail do contato\t\t\t\t\t\t\t<\/label>\n\t\t\t\t\t\t\t\t\t\t\t\t\t\t<input size=\"1\" type=\"text\" name=\"form_fields[email_contato]\" id=\"form-field-email_contato\" class=\"elementor-field elementor-size-md  elementor-field-textual\" placeholder=\"E-mail do contato\">\n\t\t\t\t\t\t\t\t\t\t\t<\/div>\n\t\t\t\t\t\t\t\t<div class=\"elementor-field-type-html elementor-field-group elementor-column elementor-field-group-field_c38fa49 elementor-col-100\">\n\t\t\t\t\tDetalhes do Produto\t\t\t\t<\/div>\n\t\t\t\t\t\t\t\t<div class=\"elementor-field-type-select elementor-field-group elementor-column elementor-field-group-produto elementor-col-50\">\n\t\t\t\t\t\t\t\t\t\t\t\t<label for=\"form-field-produto\" class=\"elementor-field-label elementor-screen-only\">\n\t\t\t\t\t\t\t\tProduto\t\t\t\t\t\t\t<\/label>\n\t\t\t\t\t\t\t\t<div class=\"elementor-field elementor-select-wrapper remove-before \">\n\t\t\t<div class=\"select-caret-down-wrapper\">\n\t\t\t\t<i aria-hidden=\"true\" class=\"eicon-caret-down\"><\/i>\t\t\t<\/div>\n\t\t\t<select name=\"form_fields[produto]\" id=\"form-field-produto\" class=\"elementor-field-textual elementor-size-md\">\n\t\t\t\t\t\t\t\t\t<option value=\"Selecione*\">Selecione*<\/option>\n\t\t\t\t\t\t\t\t\t<option value=\"Gatefy Email Security\">Gatefy Email Security<\/option>\n\t\t\t\t\t\t\t\t\t<option value=\"Gatefy Anti-Fraud Protection - DMARC\">Gatefy Anti-Fraud Protection - DMARC<\/option>\n\t\t\t\t\t\t\t<\/select>\n\t\t<\/div>\n\t\t\t\t\t\t<\/div>\n\t\t\t\t\t\t\t\t<div class=\"elementor-field-type-text elementor-field-group elementor-column elementor-field-group-usuarios elementor-col-50\">\n\t\t\t\t\t\t\t\t\t\t\t\t<label for=\"form-field-usuarios\" class=\"elementor-field-label elementor-screen-only\">\n\t\t\t\t\t\t\t\tN\u00famero de usu\u00e1rios\t\t\t\t\t\t\t<\/label>\n\t\t\t\t\t\t\t\t\t\t\t\t\t\t<input size=\"1\" type=\"text\" name=\"form_fields[usuarios]\" id=\"form-field-usuarios\" class=\"elementor-field elementor-size-md  elementor-field-textual\" placeholder=\"N\u00famero de usu\u00e1rios\">\n\t\t\t\t\t\t\t\t\t\t\t<\/div>\n\t\t\t\t\t\t\t\t<div class=\"elementor-field-type-recaptcha_v3 elementor-field-group elementor-column elementor-field-group-recaptcha elementor-col-100 recaptcha_v3-bottomright\">\n\t\t\t\t\t<div class=\"elementor-field\" id=\"form-field-recaptcha\"><div class=\"elementor-g-recaptcha\" data-sitekey=\"6Ley0Y4aAAAAADbdMG_0j3T4a82SexhiFrcCP5JE\" data-type=\"v3\" data-action=\"Form\" data-badge=\"bottomright\" data-size=\"invisible\"><\/div><\/div>\t\t\t\t<\/div>\n\t\t\t\t\t\t\t\t<div class=\"elementor-field-type-hidden elementor-field-group elementor-column elementor-field-group-emailforms elementor-col-100\">\n\t\t\t\t\t\t\t\t\t\t\t\t\t<input size=\"1\" type=\"hidden\" name=\"form_fields[emailforms]\" id=\"form-field-emailforms\" class=\"elementor-field elementor-size-md  elementor-field-textual\" value=\"contact@gatefy.com\">\n\t\t\t\t\t\t\t\t\t\t\t<\/div>\n\t\t\t\t\t\t\t\t<div class=\"elementor-field-group elementor-column elementor-field-type-submit elementor-col-100 e-form__buttons\">\n\t\t\t\t\t<button class=\"elementor-button elementor-size-sm\" type=\"submit\">\n\t\t\t\t\t\t<span class=\"elementor-button-content-wrapper\">\n\t\t\t\t\t\t\t\t\t\t\t\t\t\t\t\t\t\t\t\t\t\t<span class=\"elementor-button-text\">Entrar em contato<\/span>\n\t\t\t\t\t\t\t\t\t\t\t\t\t<\/span>\n\t\t\t\t\t<\/button>\n\t\t\t\t<\/div>\n\t\t\t<\/div>\n\t\t<\/form>\n\t\t\t\t\t\t<\/div>\n\t\t\t\t<\/div>\n\t\t\t\t<\/div>\n\t\t\t\t\t<\/div>\n\t\t\t\t<\/div>\n\t\t\t\t<\/div>\n\t\t","protected":false},"excerpt":{"rendered":"<p>Agende uma demo Veja como protegemos a sua empresa contra amea\u00e7as de e-mail Para come\u00e7ar, precisamos apenas do seu nome e contato comercial.<\/p>\n","protected":false},"author":15,"featured_media":0,"parent":0,"menu_order":0,"comment_status":"closed","ping_status":"closed","template":"elementor_header_footer","meta":{"footnotes":""},"class_list":["post-31329","page","type-page","status-publish","hentry"],"yoast_head":"<!-- This site is optimized with the Yoast SEO plugin v27.1.1 - https:\/\/yoast.com\/product\/yoast-seo-wordpress\/ -->\n<title>Artemis - Registre o seu Deal - Gatefy<\/title>\n<meta name=\"robots\" content=\"index, follow, max-snippet:-1, max-image-preview:large, max-video-preview:-1\" \/>\n<link rel=\"canonical\" href=\"https:\/\/gatefy.com\/pt-br\/artemis-registre-o-seu-deal\/\" \/>\n<meta property=\"og:locale\" content=\"pt_BR\" \/>\n<meta property=\"og:type\" content=\"article\" \/>\n<meta property=\"og:title\" content=\"Artemis - Registre o seu Deal - Gatefy\" \/>\n<meta property=\"og:description\" content=\"Agende uma demo Veja como protegemos a sua empresa contra amea\u00e7as de e-mail Para come\u00e7ar, precisamos apenas do seu nome e contato comercial.\" \/>\n<meta property=\"og:url\" content=\"https:\/\/gatefy.com\/pt-br\/artemis-registre-o-seu-deal\/\" \/>\n<meta property=\"og:site_name\" content=\"Gatefy\" \/>\n<meta property=\"article:publisher\" content=\"https:\/\/www.facebook.com\/gatefy\" \/>\n<meta property=\"article:modified_time\" content=\"2026-03-27T20:34:00+00:00\" \/>\n<meta name=\"twitter:card\" content=\"summary_large_image\" \/>\n<meta name=\"twitter:site\" content=\"@gatefy_security\" \/>\n<meta name=\"twitter:label1\" content=\"Est. tempo de leitura\" \/>\n\t<meta name=\"twitter:data1\" content=\"1 minuto\" \/>\n<script type=\"application\/ld+json\" class=\"yoast-schema-graph\">{\"@context\":\"https:\/\/schema.org\",\"@graph\":[{\"@type\":\"WebPage\",\"@id\":\"https:\/\/gatefy.com\/pt-br\/artemis-registre-o-seu-deal\/\",\"url\":\"https:\/\/gatefy.com\/pt-br\/artemis-registre-o-seu-deal\/\",\"name\":\"Artemis - Registre o seu Deal - Gatefy\",\"isPartOf\":{\"@id\":\"https:\/\/gatefy.com\/pt-br\/#website\"},\"datePublished\":\"2026-03-27T20:08:06+00:00\",\"dateModified\":\"2026-03-27T20:34:00+00:00\",\"breadcrumb\":{\"@id\":\"https:\/\/gatefy.com\/pt-br\/artemis-registre-o-seu-deal\/#breadcrumb\"},\"inLanguage\":\"pt-BR\",\"potentialAction\":[{\"@type\":\"ReadAction\",\"target\":[\"https:\/\/gatefy.com\/pt-br\/artemis-registre-o-seu-deal\/\"]}]},{\"@type\":\"BreadcrumbList\",\"@id\":\"https:\/\/gatefy.com\/pt-br\/artemis-registre-o-seu-deal\/#breadcrumb\",\"itemListElement\":[{\"@type\":\"ListItem\",\"position\":1,\"name\":\"Home\",\"item\":\"https:\/\/gatefy.com\/pt-br\/\"},{\"@type\":\"ListItem\",\"position\":2,\"name\":\"Artemis &#8211; Registre o seu Deal\"}]},{\"@type\":\"WebSite\",\"@id\":\"https:\/\/gatefy.com\/pt-br\/#website\",\"url\":\"https:\/\/gatefy.com\/pt-br\/\",\"name\":\"Gatefy\",\"description\":\"We use artificial intelligence and machine learning to improve businesses&#039; inbound and outbound email security. Integrates with O365, Exchange and G Suite.\",\"publisher\":{\"@id\":\"https:\/\/gatefy.com\/pt-br\/#organization\"},\"potentialAction\":[{\"@type\":\"SearchAction\",\"target\":{\"@type\":\"EntryPoint\",\"urlTemplate\":\"https:\/\/gatefy.com\/pt-br\/?s={search_term_string}\"},\"query-input\":{\"@type\":\"PropertyValueSpecification\",\"valueRequired\":true,\"valueName\":\"search_term_string\"}}],\"inLanguage\":\"pt-BR\"},{\"@type\":\"Organization\",\"@id\":\"https:\/\/gatefy.com\/pt-br\/#organization\",\"name\":\"Gatefy Email Security\",\"url\":\"https:\/\/gatefy.com\/pt-br\/\",\"logo\":{\"@type\":\"ImageObject\",\"inLanguage\":\"pt-BR\",\"@id\":\"https:\/\/gatefy.com\/pt-br\/#\/schema\/logo\/image\/\",\"url\":\"https:\/\/gatefy.com\/wp-content\/uploads\/2021\/03\/logo-preto.png\",\"contentUrl\":\"https:\/\/gatefy.com\/wp-content\/uploads\/2021\/03\/logo-preto.png\",\"width\":1500,\"height\":500,\"caption\":\"Gatefy Email Security\"},\"image\":{\"@id\":\"https:\/\/gatefy.com\/pt-br\/#\/schema\/logo\/image\/\"},\"sameAs\":[\"https:\/\/www.facebook.com\/gatefy\",\"https:\/\/x.com\/gatefy_security\",\"https:\/\/www.linkedin.com\/company\/gatefy\",\"https:\/\/www.youtube.com\/channel\/UCFSZUkcvfwYSrGopaRtUSog\"]}]}<\/script>\n<!-- \/ Yoast SEO plugin. -->","yoast_head_json":{"title":"Artemis - Registre o seu Deal - Gatefy","robots":{"index":"index","follow":"follow","max-snippet":"max-snippet:-1","max-image-preview":"max-image-preview:large","max-video-preview":"max-video-preview:-1"},"canonical":"https:\/\/gatefy.com\/pt-br\/artemis-registre-o-seu-deal\/","og_locale":"pt_BR","og_type":"article","og_title":"Artemis - Registre o seu Deal - Gatefy","og_description":"Agende uma demo Veja como protegemos a sua empresa contra amea\u00e7as de e-mail Para come\u00e7ar, precisamos apenas do seu nome e contato comercial.","og_url":"https:\/\/gatefy.com\/pt-br\/artemis-registre-o-seu-deal\/","og_site_name":"Gatefy","article_publisher":"https:\/\/www.facebook.com\/gatefy","article_modified_time":"2026-03-27T20:34:00+00:00","twitter_card":"summary_large_image","twitter_site":"@gatefy_security","twitter_misc":{"Est. tempo de leitura":"1 minuto"},"schema":{"@context":"https:\/\/schema.org","@graph":[{"@type":"WebPage","@id":"https:\/\/gatefy.com\/pt-br\/artemis-registre-o-seu-deal\/","url":"https:\/\/gatefy.com\/pt-br\/artemis-registre-o-seu-deal\/","name":"Artemis - Registre o seu Deal - Gatefy","isPartOf":{"@id":"https:\/\/gatefy.com\/pt-br\/#website"},"datePublished":"2026-03-27T20:08:06+00:00","dateModified":"2026-03-27T20:34:00+00:00","breadcrumb":{"@id":"https:\/\/gatefy.com\/pt-br\/artemis-registre-o-seu-deal\/#breadcrumb"},"inLanguage":"pt-BR","potentialAction":[{"@type":"ReadAction","target":["https:\/\/gatefy.com\/pt-br\/artemis-registre-o-seu-deal\/"]}]},{"@type":"BreadcrumbList","@id":"https:\/\/gatefy.com\/pt-br\/artemis-registre-o-seu-deal\/#breadcrumb","itemListElement":[{"@type":"ListItem","position":1,"name":"Home","item":"https:\/\/gatefy.com\/pt-br\/"},{"@type":"ListItem","position":2,"name":"Artemis &#8211; Registre o seu Deal"}]},{"@type":"WebSite","@id":"https:\/\/gatefy.com\/pt-br\/#website","url":"https:\/\/gatefy.com\/pt-br\/","name":"Gatefy","description":"We use artificial intelligence and machine learning to improve businesses&#039; inbound and outbound email security. Integrates with O365, Exchange and G Suite.","publisher":{"@id":"https:\/\/gatefy.com\/pt-br\/#organization"},"potentialAction":[{"@type":"SearchAction","target":{"@type":"EntryPoint","urlTemplate":"https:\/\/gatefy.com\/pt-br\/?s={search_term_string}"},"query-input":{"@type":"PropertyValueSpecification","valueRequired":true,"valueName":"search_term_string"}}],"inLanguage":"pt-BR"},{"@type":"Organization","@id":"https:\/\/gatefy.com\/pt-br\/#organization","name":"Gatefy Email Security","url":"https:\/\/gatefy.com\/pt-br\/","logo":{"@type":"ImageObject","inLanguage":"pt-BR","@id":"https:\/\/gatefy.com\/pt-br\/#\/schema\/logo\/image\/","url":"https:\/\/gatefy.com\/wp-content\/uploads\/2021\/03\/logo-preto.png","contentUrl":"https:\/\/gatefy.com\/wp-content\/uploads\/2021\/03\/logo-preto.png","width":1500,"height":500,"caption":"Gatefy Email Security"},"image":{"@id":"https:\/\/gatefy.com\/pt-br\/#\/schema\/logo\/image\/"},"sameAs":["https:\/\/www.facebook.com\/gatefy","https:\/\/x.com\/gatefy_security","https:\/\/www.linkedin.com\/company\/gatefy","https:\/\/www.youtube.com\/channel\/UCFSZUkcvfwYSrGopaRtUSog"]}]}},"_links":{"self":[{"href":"https:\/\/gatefy.com\/pt-br\/wp-json\/wp\/v2\/pages\/31329","targetHints":{"allow":["GET"]}}],"collection":[{"href":"https:\/\/gatefy.com\/pt-br\/wp-json\/wp\/v2\/pages"}],"about":[{"href":"https:\/\/gatefy.com\/pt-br\/wp-json\/wp\/v2\/types\/page"}],"author":[{"embeddable":true,"href":"https:\/\/gatefy.com\/pt-br\/wp-json\/wp\/v2\/users\/15"}],"replies":[{"embeddable":true,"href":"https:\/\/gatefy.com\/pt-br\/wp-json\/wp\/v2\/comments?post=31329"}],"version-history":[{"count":0,"href":"https:\/\/gatefy.com\/pt-br\/wp-json\/wp\/v2\/pages\/31329\/revisions"}],"wp:attachment":[{"href":"https:\/\/gatefy.com\/pt-br\/wp-json\/wp\/v2\/media?parent=31329"}],"curies":[{"name":"wp","href":"https:\/\/api.w.org\/{rel}","templated":true}]}}