{"id":30621,"date":"2026-03-26T19:41:21","date_gmt":"2026-03-26T19:41:21","guid":{"rendered":"https:\/\/gatefy.com\/?page_id=30621"},"modified":"2026-04-09T21:58:05","modified_gmt":"2026-04-09T21:58:05","slug":"gatelab","status":"publish","type":"page","link":"https:\/\/gatefy.com\/pt-br\/gatelab\/","title":{"rendered":"Conhe\u00e7a o Gatelab"},"content":{"rendered":"\t\t<div data-elementor-type=\"wp-page\" data-elementor-id=\"30621\" class=\"elementor elementor-30621\" data-elementor-settings=\"{&quot;ha_cmc_init_switcher&quot;:&quot;no&quot;}\" data-elementor-post-type=\"page\">\n\t\t\t\t<div class=\"elementor-element elementor-element-8575a6b e-flex e-con-boxed e-con e-parent\" data-id=\"8575a6b\" data-element_type=\"container\" data-e-type=\"container\" data-settings=\"{&quot;background_background&quot;:&quot;classic&quot;,&quot;_ha_eqh_enable&quot;:false}\">\n\t\t\t\t\t<div class=\"e-con-inner\">\n\t\t\t\t<div class=\"elementor-element elementor-element-fa9cd3a ha-has-bg-overlay elementor-widget elementor-widget-heading\" data-id=\"fa9cd3a\" data-element_type=\"widget\" data-e-type=\"widget\" data-widget_type=\"heading.default\">\n\t\t\t\t<div class=\"elementor-widget-container\">\n\t\t\t\t\t<p class=\"elementor-heading-title elementor-size-default\">Gatelab<\/p>\t\t\t\t<\/div>\n\t\t\t\t<\/div>\n\t\t\t\t<div class=\"elementor-element elementor-element-5496235 elementor-widget__width-initial elementor-widget elementor-widget-heading\" data-id=\"5496235\" data-element_type=\"widget\" data-e-type=\"widget\" data-widget_type=\"heading.default\">\n\t\t\t\t<div class=\"elementor-widget-container\">\n\t\t\t\t\t<h1 class=\"elementor-heading-title elementor-size-default\">Conhe\u00e7a a nossa equipe de especialistas em intelig\u00eancia artificial e ciberseguran\u00e7a<\/h1>\t\t\t\t<\/div>\n\t\t\t\t<\/div>\n\t\t\t\t<div class=\"elementor-element elementor-element-3fb996d elementor-widget__width-initial elementor-widget-mobile__width-inherit elementor-widget elementor-widget-text-editor\" data-id=\"3fb996d\" data-element_type=\"widget\" data-e-type=\"widget\" data-widget_type=\"text-editor.default\">\n\t\t\t\t<div class=\"elementor-widget-container\">\n\t\t\t\t\t\t\t\t\tGatelab \u00e9 constru\u00eddo por especialistas em seguran\u00e7a cibern\u00e9tica e est\u00e1 dispon\u00edvel 24x7x365\t\t\t\t\t\t\t\t<\/div>\n\t\t\t\t<\/div>\n\t\t\t\t<div class=\"elementor-element elementor-element-6122053 elementor-widget__width-initial elementor-widget elementor-widget-text-editor\" data-id=\"6122053\" data-element_type=\"widget\" data-e-type=\"widget\" data-widget_type=\"text-editor.default\">\n\t\t\t\t<div class=\"elementor-widget-container\">\n\t\t\t\t\t\t\t\t\t<p>Gatelab \u00e9 o nosso laborat\u00f3rio de intelig\u00eancia e Security Operations Center (SOC), constru\u00eddo por pesquisadores, cientistas de dados e engenheiros. Somos especialistas em tecnologia, impulsionados por desafios que envolvem a an\u00e1lise, a descoberta e a resposta a amea\u00e7as, e tamb\u00e9m o desenvolvimento de tecnologias e solu\u00e7\u00f5es de seguran\u00e7a cibern\u00e9tica.<\/p>\t\t\t\t\t\t\t\t<\/div>\n\t\t\t\t<\/div>\n\t\t\t\t\t<\/div>\n\t\t\t\t<\/div>\n\t\t<div class=\"elementor-element elementor-element-57bcb5b e-flex e-con-boxed e-con e-parent\" data-id=\"57bcb5b\" data-element_type=\"container\" data-e-type=\"container\" data-settings=\"{&quot;_ha_eqh_enable&quot;:false}\">\n\t\t\t\t\t<div class=\"e-con-inner\">\n\t\t\t\t<div class=\"elementor-element elementor-element-8a43d96 ha-has-bg-overlay elementor-widget elementor-widget-heading\" data-id=\"8a43d96\" data-element_type=\"widget\" data-e-type=\"widget\" data-widget_type=\"heading.default\">\n\t\t\t\t<div class=\"elementor-widget-container\">\n\t\t\t\t\t<p class=\"elementor-heading-title elementor-size-default\">Caracter\u00edsticas<\/p>\t\t\t\t<\/div>\n\t\t\t\t<\/div>\n\t\t\t\t<div class=\"elementor-element elementor-element-c067d33 elementor-widget-tablet__width-initial elementor-widget__width-initial elementor-widget elementor-widget-heading\" data-id=\"c067d33\" data-element_type=\"widget\" data-e-type=\"widget\" data-widget_type=\"heading.default\">\n\t\t\t\t<div class=\"elementor-widget-container\">\n\t\t\t\t\t<h2 class=\"elementor-heading-title elementor-size-default\">N\u00f3s usamos tecnologia e intelig\u00eancia contra amea\u00e7as para empoderar a sua empresa<\/h2>\t\t\t\t<\/div>\n\t\t\t\t<\/div>\n\t\t\t\t<div class=\"elementor-element elementor-element-c2d473e elementor-widget__width-initial elementor-widget elementor-widget-text-editor\" data-id=\"c2d473e\" data-element_type=\"widget\" data-e-type=\"widget\" data-widget_type=\"text-editor.default\">\n\t\t\t\t<div class=\"elementor-widget-container\">\n\t\t\t\t\t\t\t\t\tExpertise e experi\u00eancia comprovada em projetos de seguran\u00e7a cibern\u00e9tica. O objetivo do Gatelab \u00e9 entender e responder rapidamente a amea\u00e7as e ataques. Trabalhamos dia a dia para manter atualizados os clientes e parceiros da Gatefy com as mais recentes prote\u00e7\u00f5es contra amea\u00e7as e ataques. Al\u00e9m disso, atuamos de modo a contribuir para com o desenvolvimento da comunidade internacional de intelig\u00eancia contra amea\u00e7as.\t\t\t\t\t\t\t\t<\/div>\n\t\t\t\t<\/div>\n\t\t\t\t<div class=\"elementor-element elementor-element-a2686b2 elementor-widget-tablet__width-initial elementor-widget__width-initial elementor-widget elementor-widget-heading\" data-id=\"a2686b2\" data-element_type=\"widget\" data-e-type=\"widget\" data-widget_type=\"heading.default\">\n\t\t\t\t<div class=\"elementor-widget-container\">\n\t\t\t\t\t<h3 class=\"elementor-heading-title elementor-size-default\">Nossas principais caracter\u00edsticas<\/h3>\t\t\t\t<\/div>\n\t\t\t\t<\/div>\n\t\t<div class=\"elementor-element elementor-element-9e2fb60 e-con-full e-flex e-con e-child\" data-id=\"9e2fb60\" data-element_type=\"container\" data-e-type=\"container\" data-settings=\"{&quot;_ha_eqh_enable&quot;:false}\">\n\t\t\t\t<div class=\"elementor-element elementor-element-434b7ab elementor-position-top elementor-position-top elementor-widget elementor-widget-image-box\" data-id=\"434b7ab\" data-element_type=\"widget\" data-e-type=\"widget\" data-widget_type=\"image-box.default\">\n\t\t\t\t<div class=\"elementor-widget-container\">\n\t\t\t\t\t<div class=\"elementor-image-box-wrapper\"><figure class=\"elementor-image-box-img\"><img decoding=\"async\" src=\"https:\/\/gatefy.com\/wp-content\/uploads\/2020\/10\/lupe.svg\" class=\"attachment-full size-full wp-image-633\" alt=\"Lupe on data\" \/><\/figure><div class=\"elementor-image-box-content\"><h3 class=\"elementor-image-box-title\">Detec\u00e7\u00e3o e Preven\u00e7\u00e3o a Amea\u00e7as<\/h3><\/div><\/div>\t\t\t\t<\/div>\n\t\t\t\t<\/div>\n\t\t\t\t<div class=\"elementor-element elementor-element-98deb69 elementor-position-top elementor-position-top elementor-widget elementor-widget-image-box\" data-id=\"98deb69\" data-element_type=\"widget\" data-e-type=\"widget\" data-widget_type=\"image-box.default\">\n\t\t\t\t<div class=\"elementor-widget-container\">\n\t\t\t\t\t<div class=\"elementor-image-box-wrapper\"><figure class=\"elementor-image-box-img\"><img decoding=\"async\" src=\"https:\/\/gatefy.com\/wp-content\/uploads\/2020\/10\/lamp-ai.svg\" class=\"attachment-full size-full wp-image-381\" alt=\"Brain lamp\" \/><\/figure><div class=\"elementor-image-box-content\"><h3 class=\"elementor-image-box-title\">Intelig\u00eancia contra Amea\u00e7as<\/h3><\/div><\/div>\t\t\t\t<\/div>\n\t\t\t\t<\/div>\n\t\t\t\t<div class=\"elementor-element elementor-element-f58c1c2 elementor-position-top elementor-position-top elementor-widget elementor-widget-image-box\" data-id=\"f58c1c2\" data-element_type=\"widget\" data-e-type=\"widget\" data-widget_type=\"image-box.default\">\n\t\t\t\t<div class=\"elementor-widget-container\">\n\t\t\t\t\t<div class=\"elementor-image-box-wrapper\"><figure class=\"elementor-image-box-img\"><img decoding=\"async\" src=\"https:\/\/gatefy.com\/wp-content\/uploads\/2020\/10\/management.svg\" class=\"attachment-full size-full wp-image-385\" alt=\"Data management\" \/><\/figure><div class=\"elementor-image-box-content\"><h3 class=\"elementor-image-box-title\">Gest\u00e3o de Ativos e Vulnerabilidades<\/h3><\/div><\/div>\t\t\t\t<\/div>\n\t\t\t\t<\/div>\n\t\t\t\t<div class=\"elementor-element elementor-element-9577a71 elementor-position-top elementor-position-top elementor-widget elementor-widget-image-box\" data-id=\"9577a71\" data-element_type=\"widget\" data-e-type=\"widget\" data-widget_type=\"image-box.default\">\n\t\t\t\t<div class=\"elementor-widget-container\">\n\t\t\t\t\t<div class=\"elementor-image-box-wrapper\"><figure class=\"elementor-image-box-img\"><img decoding=\"async\" src=\"https:\/\/gatefy.com\/wp-content\/uploads\/2020\/10\/response.svg\" class=\"attachment-full size-full wp-image-631\" alt=\"Crossed Swords\" \/><\/figure><div class=\"elementor-image-box-content\"><h3 class=\"elementor-image-box-title\">Resposta a Incidentes<\/h3><\/div><\/div>\t\t\t\t<\/div>\n\t\t\t\t<\/div>\n\t\t\t\t<div class=\"elementor-element elementor-element-662aa8f elementor-position-top elementor-position-top elementor-widget elementor-widget-image-box\" data-id=\"662aa8f\" data-element_type=\"widget\" data-e-type=\"widget\" data-widget_type=\"image-box.default\">\n\t\t\t\t<div class=\"elementor-widget-container\">\n\t\t\t\t\t<div class=\"elementor-image-box-wrapper\"><figure class=\"elementor-image-box-img\"><img decoding=\"async\" src=\"https:\/\/gatefy.com\/wp-content\/uploads\/2020\/10\/ai-3.svg\" class=\"attachment-full size-full wp-image-629\" alt=\"R\" \/><\/figure><div class=\"elementor-image-box-content\"><h3 class=\"elementor-image-box-title\">Desenvolvimento de Tecnologia<\/h3><\/div><\/div>\t\t\t\t<\/div>\n\t\t\t\t<\/div>\n\t\t\t\t<\/div>\n\t\t\t\t\t<\/div>\n\t\t\t\t<\/div>\n\t\t<div class=\"elementor-element elementor-element-a3ba3cf e-flex e-con-boxed e-con e-parent\" data-id=\"a3ba3cf\" data-element_type=\"container\" data-e-type=\"container\" data-settings=\"{&quot;background_background&quot;:&quot;classic&quot;,&quot;_ha_eqh_enable&quot;:false}\">\n\t\t\t\t\t<div class=\"e-con-inner\">\n\t\t\t\t<div class=\"elementor-element elementor-element-6b1277c elementor-widget elementor-widget-image\" data-id=\"6b1277c\" data-element_type=\"widget\" data-e-type=\"widget\" data-widget_type=\"image.default\">\n\t\t\t\t<div class=\"elementor-widget-container\">\n\t\t\t\t\t\t\t\t\t\t\t\t\t\t\t<img decoding=\"async\" src=\"https:\/\/gatefy.com\/wp-content\/uploads\/2020\/10\/stop-think-connect.svg\" class=\"attachment-full size-full wp-image-607\" alt=\"Stop Think Connect\" \/>\t\t\t\t\t\t\t\t\t\t\t\t\t\t\t<\/div>\n\t\t\t\t<\/div>\n\t\t\t\t<div class=\"elementor-element elementor-element-187a7a1 elementor-widget__width-initial elementor-widget elementor-widget-heading\" data-id=\"187a7a1\" data-element_type=\"widget\" data-e-type=\"widget\" data-widget_type=\"heading.default\">\n\t\t\t\t<div class=\"elementor-widget-container\">\n\t\t\t\t\t<h2 class=\"elementor-heading-title elementor-size-default\">Vamos criar um mundo digital mais seguro<\/h2>\t\t\t\t<\/div>\n\t\t\t\t<\/div>\n\t\t\t\t<div class=\"elementor-element elementor-element-8a5a65d elementor-widget__width-initial elementor-widget-mobile__width-inherit elementor-widget elementor-widget-text-editor\" data-id=\"8a5a65d\" data-element_type=\"widget\" data-e-type=\"widget\" data-widget_type=\"text-editor.default\">\n\t\t\t\t<div class=\"elementor-widget-container\">\n\t\t\t\t\t\t\t\t\t<p>STOP. THINK. CONNECT. \u00e9 uma campanha global de conscientiza\u00e7\u00e3o e educa\u00e7\u00e3o sobre seguran\u00e7a on-line. O principal objetivo da iniciativa \u00e9 construir um mundo digital mais seguro. A Gatefy \u00e9 parceira da campanha porque queremos construir um mundo mais seguro e sabemos que a informa\u00e7\u00e3o \u00e9 uma das melhores ferramentas para combater ataques cibern\u00e9ticos.<\/p>\t\t\t\t\t\t\t\t<\/div>\n\t\t\t\t<\/div>\n\t\t\t\t\t<\/div>\n\t\t\t\t<\/div>\n\t\t<div class=\"elementor-element elementor-element-79dba7b e-flex e-con-boxed e-con e-parent\" data-id=\"79dba7b\" data-element_type=\"container\" data-e-type=\"container\" data-settings=\"{&quot;background_background&quot;:&quot;classic&quot;,&quot;_ha_eqh_enable&quot;:false}\">\n\t\t\t\t\t<div class=\"e-con-inner\">\n\t\t\t\t<div class=\"elementor-element elementor-element-ac5cbf8 elementor-widget elementor-widget-image\" data-id=\"ac5cbf8\" data-element_type=\"widget\" data-e-type=\"widget\" data-widget_type=\"image.default\">\n\t\t\t\t<div class=\"elementor-widget-container\">\n\t\t\t\t\t\t\t\t\t\t\t\t\t\t\t<img decoding=\"async\" width=\"550\" height=\"69\" src=\"https:\/\/gatefy.com\/wp-content\/uploads\/2020\/11\/no-more-ransomware.jpg\" class=\"attachment-full size-full wp-image-1261\" alt=\"no more ransomware\" srcset=\"https:\/\/gatefy.com\/wp-content\/uploads\/2020\/11\/no-more-ransomware.jpg 550w, https:\/\/gatefy.com\/wp-content\/uploads\/2020\/11\/no-more-ransomware-300x38.jpg 300w\" sizes=\"(max-width: 550px) 100vw, 550px\" \/>\t\t\t\t\t\t\t\t\t\t\t\t\t\t\t<\/div>\n\t\t\t\t<\/div>\n\t\t\t\t<div class=\"elementor-element elementor-element-52d0abd elementor-widget__width-initial elementor-widget elementor-widget-heading\" data-id=\"52d0abd\" data-element_type=\"widget\" data-e-type=\"widget\" data-widget_type=\"heading.default\">\n\t\t\t\t<div class=\"elementor-widget-container\">\n\t\t\t\t\t<h2 class=\"elementor-heading-title elementor-size-default\">Preven\u00e7\u00e3o contra ataques de ransomware<\/h2>\t\t\t\t<\/div>\n\t\t\t\t<\/div>\n\t\t\t\t<div class=\"elementor-element elementor-element-8ed3914 elementor-widget__width-initial elementor-widget-mobile__width-inherit elementor-widget elementor-widget-text-editor\" data-id=\"8ed3914\" data-element_type=\"widget\" data-e-type=\"widget\" data-widget_type=\"text-editor.default\">\n\t\t\t\t<div class=\"elementor-widget-container\">\n\t\t\t\t\t\t\t\t\t<p>No More Ransom \u00e9 uma iniciativa mundial de combate a ataques de ransomware. \u00c9 um projeto que envolve a Europol e as principais organiza\u00e7\u00f5es, ag\u00eancias e empresas de seguran\u00e7a cibern\u00e9tica do mundo. A Gatefy tem orgulho de fazer parte da equipe do NMR, refor\u00e7ando o nosso compromisso em ajudar a criar um mundo mais seguro e confi\u00e1vel.<\/p>\t\t\t\t\t\t\t\t<\/div>\n\t\t\t\t<\/div>\n\t\t\t\t\t<\/div>\n\t\t\t\t<\/div>\n\t\t<div class=\"elementor-element elementor-element-f1103d1 e-flex e-con-boxed e-con e-parent\" data-id=\"f1103d1\" data-element_type=\"container\" data-e-type=\"container\" data-settings=\"{&quot;background_background&quot;:&quot;classic&quot;,&quot;_ha_eqh_enable&quot;:false}\">\n\t\t\t\t\t<div class=\"e-con-inner\">\n\t\t\t\t<div class=\"elementor-element elementor-element-4c73e03 ha-has-bg-overlay elementor-widget elementor-widget-heading\" data-id=\"4c73e03\" data-element_type=\"widget\" data-e-type=\"widget\" data-widget_type=\"heading.default\">\n\t\t\t\t<div class=\"elementor-widget-container\">\n\t\t\t\t\t<p class=\"elementor-heading-title elementor-size-default\">Trabalhe conosco<\/p>\t\t\t\t<\/div>\n\t\t\t\t<\/div>\n\t\t\t\t<div class=\"elementor-element elementor-element-7fa20c4 elementor-widget__width-initial elementor-widget elementor-widget-heading\" data-id=\"7fa20c4\" data-element_type=\"widget\" data-e-type=\"widget\" data-widget_type=\"heading.default\">\n\t\t\t\t<div class=\"elementor-widget-container\">\n\t\t\t\t\t<h2 class=\"elementor-heading-title elementor-size-default\">Venha construir o futuro da ciberseguran\u00e7a com a gente<\/h2>\t\t\t\t<\/div>\n\t\t\t\t<\/div>\n\t\t\t\t<div class=\"elementor-element elementor-element-8ba7529 elementor-widget__width-initial elementor-widget elementor-widget-text-editor\" data-id=\"8ba7529\" data-element_type=\"widget\" data-e-type=\"widget\" data-widget_type=\"text-editor.default\">\n\t\t\t\t<div class=\"elementor-widget-container\">\n\t\t\t\t\t\t\t\t\t<p>Na Gatefy, acreditamos que pessoas s\u00e3o o cora\u00e7\u00e3o da inova\u00e7\u00e3o. Nosso time \u00e9 formado por profissionais apaixonados por tecnologia, colabora\u00e7\u00e3o e impacto real. Se voc\u00ea busca desafios e quer fazer parte de um ambiente que valoriza aprendizado cont\u00ednuo e crescimento, o seu lugar \u00e9 aqui.<\/p>\t\t\t\t\t\t\t\t<\/div>\n\t\t\t\t<\/div>\n\t\t\t\t<div class=\"elementor-element elementor-element-2a33c3d elementor-widget elementor-widget-image\" data-id=\"2a33c3d\" data-element_type=\"widget\" data-e-type=\"widget\" data-widget_type=\"image.default\">\n\t\t\t\t<div class=\"elementor-widget-container\">\n\t\t\t\t\t\t\t\t\t\t\t\t\t\t\t<img fetchpriority=\"high\" decoding=\"async\" width=\"557\" height=\"330\" src=\"https:\/\/gatefy.com\/wp-content\/uploads\/2026\/03\/ilustration6-pt-br.webp\" class=\"attachment-full size-full wp-image-29379\" alt=\"\" srcset=\"https:\/\/gatefy.com\/wp-content\/uploads\/2026\/03\/ilustration6-pt-br.webp 557w, https:\/\/gatefy.com\/wp-content\/uploads\/2026\/03\/ilustration6-pt-br-300x178.webp 300w\" sizes=\"(max-width: 557px) 100vw, 557px\" \/>\t\t\t\t\t\t\t\t\t\t\t\t\t\t\t<\/div>\n\t\t\t\t<\/div>\n\t\t\t\t\t<\/div>\n\t\t\t\t<\/div>\n\t\t\t\t<\/div>\n\t\t","protected":false},"excerpt":{"rendered":"<p>Gatelab Conhe\u00e7a a nossa equipe de especialistas em intelig\u00eancia artificial e ciberseguran\u00e7a Gatelab \u00e9 constru\u00eddo por especialistas em seguran\u00e7a cibern\u00e9tica e est\u00e1 dispon\u00edvel 24x7x365 Gatelab \u00e9 o nosso laborat\u00f3rio de intelig\u00eancia e Security Operations Center (SOC), constru\u00eddo por pesquisadores, cientistas de dados e engenheiros. Somos especialistas em tecnologia, impulsionados por desafios que envolvem a an\u00e1lise, [&hellip;]<\/p>\n","protected":false},"author":15,"featured_media":27831,"parent":0,"menu_order":0,"comment_status":"closed","ping_status":"closed","template":"elementor_header_footer","meta":{"footnotes":""},"class_list":["post-30621","page","type-page","status-publish","has-post-thumbnail","hentry"],"yoast_head":"<!-- This site is optimized with the Yoast SEO plugin v27.1.1 - https:\/\/yoast.com\/product\/yoast-seo-wordpress\/ -->\n<title>Conhe\u00e7a o Gatelab - Gatefy<\/title>\n<meta name=\"description\" content=\"Ao longo da nossa trajet\u00f3ria, consolidamos parcerias estrat\u00e9gicas e entregamos solu\u00e7\u00f5es que impulsionaram empresas de diferentes portes e segmentos.\" \/>\n<meta name=\"robots\" content=\"index, follow, max-snippet:-1, max-image-preview:large, max-video-preview:-1\" \/>\n<link rel=\"canonical\" href=\"https:\/\/gatefy.com\/pt-br\/gatelab\/\" \/>\n<meta property=\"og:locale\" content=\"pt_BR\" \/>\n<meta property=\"og:type\" content=\"article\" \/>\n<meta property=\"og:title\" content=\"Conhe\u00e7a o Gatelab - Gatefy\" \/>\n<meta property=\"og:description\" content=\"Ao longo da nossa trajet\u00f3ria, consolidamos parcerias estrat\u00e9gicas e entregamos solu\u00e7\u00f5es que impulsionaram empresas de diferentes portes e segmentos.\" \/>\n<meta property=\"og:url\" content=\"https:\/\/gatefy.com\/pt-br\/gatelab\/\" \/>\n<meta property=\"og:site_name\" content=\"Gatefy\" \/>\n<meta property=\"article:publisher\" content=\"https:\/\/www.facebook.com\/gatefy\" \/>\n<meta property=\"article:modified_time\" content=\"2026-04-09T21:58:05+00:00\" \/>\n<meta name=\"twitter:card\" content=\"summary_large_image\" \/>\n<meta name=\"twitter:site\" content=\"@gatefy_security\" \/>\n<meta name=\"twitter:label1\" content=\"Est. tempo de leitura\" \/>\n\t<meta name=\"twitter:data1\" content=\"4 minutos\" \/>\n<script type=\"application\/ld+json\" class=\"yoast-schema-graph\">{\"@context\":\"https:\/\/schema.org\",\"@graph\":[{\"@type\":\"WebPage\",\"@id\":\"https:\/\/gatefy.com\/pt-br\/gatelab\/\",\"url\":\"https:\/\/gatefy.com\/pt-br\/gatelab\/\",\"name\":\"Conhe\u00e7a o Gatelab - Gatefy\",\"isPartOf\":{\"@id\":\"https:\/\/gatefy.com\/pt-br\/#website\"},\"primaryImageOfPage\":{\"@id\":\"https:\/\/gatefy.com\/pt-br\/gatelab\/#primaryimage\"},\"image\":{\"@id\":\"https:\/\/gatefy.com\/pt-br\/gatelab\/#primaryimage\"},\"thumbnailUrl\":\"https:\/\/gatefy.com\/wp-content\/uploads\/2026\/03\/Favicon.svg\",\"datePublished\":\"2026-03-26T19:41:21+00:00\",\"dateModified\":\"2026-04-09T21:58:05+00:00\",\"description\":\"Ao longo da nossa trajet\u00f3ria, consolidamos parcerias estrat\u00e9gicas e entregamos solu\u00e7\u00f5es que impulsionaram empresas de diferentes portes e segmentos.\",\"breadcrumb\":{\"@id\":\"https:\/\/gatefy.com\/pt-br\/gatelab\/#breadcrumb\"},\"inLanguage\":\"pt-BR\",\"potentialAction\":[{\"@type\":\"ReadAction\",\"target\":[\"https:\/\/gatefy.com\/pt-br\/gatelab\/\"]}]},{\"@type\":\"ImageObject\",\"inLanguage\":\"pt-BR\",\"@id\":\"https:\/\/gatefy.com\/pt-br\/gatelab\/#primaryimage\",\"url\":\"https:\/\/gatefy.com\/wp-content\/uploads\/2026\/03\/Favicon.svg\",\"contentUrl\":\"https:\/\/gatefy.com\/wp-content\/uploads\/2026\/03\/Favicon.svg\",\"width\":256,\"height\":256},{\"@type\":\"BreadcrumbList\",\"@id\":\"https:\/\/gatefy.com\/pt-br\/gatelab\/#breadcrumb\",\"itemListElement\":[{\"@type\":\"ListItem\",\"position\":1,\"name\":\"Home\",\"item\":\"https:\/\/gatefy.com\/pt-br\/\"},{\"@type\":\"ListItem\",\"position\":2,\"name\":\"Conhe\u00e7a o Gatelab\"}]},{\"@type\":\"WebSite\",\"@id\":\"https:\/\/gatefy.com\/pt-br\/#website\",\"url\":\"https:\/\/gatefy.com\/pt-br\/\",\"name\":\"Gatefy\",\"description\":\"We use artificial intelligence and machine learning to improve businesses&#039; inbound and outbound email security. Integrates with O365, Exchange and G Suite.\",\"publisher\":{\"@id\":\"https:\/\/gatefy.com\/pt-br\/#organization\"},\"potentialAction\":[{\"@type\":\"SearchAction\",\"target\":{\"@type\":\"EntryPoint\",\"urlTemplate\":\"https:\/\/gatefy.com\/pt-br\/?s={search_term_string}\"},\"query-input\":{\"@type\":\"PropertyValueSpecification\",\"valueRequired\":true,\"valueName\":\"search_term_string\"}}],\"inLanguage\":\"pt-BR\"},{\"@type\":\"Organization\",\"@id\":\"https:\/\/gatefy.com\/pt-br\/#organization\",\"name\":\"Gatefy Email Security\",\"url\":\"https:\/\/gatefy.com\/pt-br\/\",\"logo\":{\"@type\":\"ImageObject\",\"inLanguage\":\"pt-BR\",\"@id\":\"https:\/\/gatefy.com\/pt-br\/#\/schema\/logo\/image\/\",\"url\":\"https:\/\/gatefy.com\/wp-content\/uploads\/2021\/03\/logo-preto.png\",\"contentUrl\":\"https:\/\/gatefy.com\/wp-content\/uploads\/2021\/03\/logo-preto.png\",\"width\":1500,\"height\":500,\"caption\":\"Gatefy Email Security\"},\"image\":{\"@id\":\"https:\/\/gatefy.com\/pt-br\/#\/schema\/logo\/image\/\"},\"sameAs\":[\"https:\/\/www.facebook.com\/gatefy\",\"https:\/\/x.com\/gatefy_security\",\"https:\/\/www.linkedin.com\/company\/gatefy\",\"https:\/\/www.youtube.com\/channel\/UCFSZUkcvfwYSrGopaRtUSog\"]}]}<\/script>\n<!-- \/ Yoast SEO plugin. -->","yoast_head_json":{"title":"Conhe\u00e7a o Gatelab - Gatefy","description":"Ao longo da nossa trajet\u00f3ria, consolidamos parcerias estrat\u00e9gicas e entregamos solu\u00e7\u00f5es que impulsionaram empresas de diferentes portes e segmentos.","robots":{"index":"index","follow":"follow","max-snippet":"max-snippet:-1","max-image-preview":"max-image-preview:large","max-video-preview":"max-video-preview:-1"},"canonical":"https:\/\/gatefy.com\/pt-br\/gatelab\/","og_locale":"pt_BR","og_type":"article","og_title":"Conhe\u00e7a o Gatelab - Gatefy","og_description":"Ao longo da nossa trajet\u00f3ria, consolidamos parcerias estrat\u00e9gicas e entregamos solu\u00e7\u00f5es que impulsionaram empresas de diferentes portes e segmentos.","og_url":"https:\/\/gatefy.com\/pt-br\/gatelab\/","og_site_name":"Gatefy","article_publisher":"https:\/\/www.facebook.com\/gatefy","article_modified_time":"2026-04-09T21:58:05+00:00","twitter_card":"summary_large_image","twitter_site":"@gatefy_security","twitter_misc":{"Est. tempo de leitura":"4 minutos"},"schema":{"@context":"https:\/\/schema.org","@graph":[{"@type":"WebPage","@id":"https:\/\/gatefy.com\/pt-br\/gatelab\/","url":"https:\/\/gatefy.com\/pt-br\/gatelab\/","name":"Conhe\u00e7a o Gatelab - Gatefy","isPartOf":{"@id":"https:\/\/gatefy.com\/pt-br\/#website"},"primaryImageOfPage":{"@id":"https:\/\/gatefy.com\/pt-br\/gatelab\/#primaryimage"},"image":{"@id":"https:\/\/gatefy.com\/pt-br\/gatelab\/#primaryimage"},"thumbnailUrl":"https:\/\/gatefy.com\/wp-content\/uploads\/2026\/03\/Favicon.svg","datePublished":"2026-03-26T19:41:21+00:00","dateModified":"2026-04-09T21:58:05+00:00","description":"Ao longo da nossa trajet\u00f3ria, consolidamos parcerias estrat\u00e9gicas e entregamos solu\u00e7\u00f5es que impulsionaram empresas de diferentes portes e segmentos.","breadcrumb":{"@id":"https:\/\/gatefy.com\/pt-br\/gatelab\/#breadcrumb"},"inLanguage":"pt-BR","potentialAction":[{"@type":"ReadAction","target":["https:\/\/gatefy.com\/pt-br\/gatelab\/"]}]},{"@type":"ImageObject","inLanguage":"pt-BR","@id":"https:\/\/gatefy.com\/pt-br\/gatelab\/#primaryimage","url":"https:\/\/gatefy.com\/wp-content\/uploads\/2026\/03\/Favicon.svg","contentUrl":"https:\/\/gatefy.com\/wp-content\/uploads\/2026\/03\/Favicon.svg","width":256,"height":256},{"@type":"BreadcrumbList","@id":"https:\/\/gatefy.com\/pt-br\/gatelab\/#breadcrumb","itemListElement":[{"@type":"ListItem","position":1,"name":"Home","item":"https:\/\/gatefy.com\/pt-br\/"},{"@type":"ListItem","position":2,"name":"Conhe\u00e7a o Gatelab"}]},{"@type":"WebSite","@id":"https:\/\/gatefy.com\/pt-br\/#website","url":"https:\/\/gatefy.com\/pt-br\/","name":"Gatefy","description":"We use artificial intelligence and machine learning to improve businesses&#039; inbound and outbound email security. Integrates with O365, Exchange and G Suite.","publisher":{"@id":"https:\/\/gatefy.com\/pt-br\/#organization"},"potentialAction":[{"@type":"SearchAction","target":{"@type":"EntryPoint","urlTemplate":"https:\/\/gatefy.com\/pt-br\/?s={search_term_string}"},"query-input":{"@type":"PropertyValueSpecification","valueRequired":true,"valueName":"search_term_string"}}],"inLanguage":"pt-BR"},{"@type":"Organization","@id":"https:\/\/gatefy.com\/pt-br\/#organization","name":"Gatefy Email Security","url":"https:\/\/gatefy.com\/pt-br\/","logo":{"@type":"ImageObject","inLanguage":"pt-BR","@id":"https:\/\/gatefy.com\/pt-br\/#\/schema\/logo\/image\/","url":"https:\/\/gatefy.com\/wp-content\/uploads\/2021\/03\/logo-preto.png","contentUrl":"https:\/\/gatefy.com\/wp-content\/uploads\/2021\/03\/logo-preto.png","width":1500,"height":500,"caption":"Gatefy Email Security"},"image":{"@id":"https:\/\/gatefy.com\/pt-br\/#\/schema\/logo\/image\/"},"sameAs":["https:\/\/www.facebook.com\/gatefy","https:\/\/x.com\/gatefy_security","https:\/\/www.linkedin.com\/company\/gatefy","https:\/\/www.youtube.com\/channel\/UCFSZUkcvfwYSrGopaRtUSog"]}]}},"_links":{"self":[{"href":"https:\/\/gatefy.com\/pt-br\/wp-json\/wp\/v2\/pages\/30621","targetHints":{"allow":["GET"]}}],"collection":[{"href":"https:\/\/gatefy.com\/pt-br\/wp-json\/wp\/v2\/pages"}],"about":[{"href":"https:\/\/gatefy.com\/pt-br\/wp-json\/wp\/v2\/types\/page"}],"author":[{"embeddable":true,"href":"https:\/\/gatefy.com\/pt-br\/wp-json\/wp\/v2\/users\/15"}],"replies":[{"embeddable":true,"href":"https:\/\/gatefy.com\/pt-br\/wp-json\/wp\/v2\/comments?post=30621"}],"version-history":[{"count":15,"href":"https:\/\/gatefy.com\/pt-br\/wp-json\/wp\/v2\/pages\/30621\/revisions"}],"predecessor-version":[{"id":32658,"href":"https:\/\/gatefy.com\/pt-br\/wp-json\/wp\/v2\/pages\/30621\/revisions\/32658"}],"wp:featuredmedia":[{"embeddable":true,"href":"https:\/\/gatefy.com\/pt-br\/wp-json\/wp\/v2\/media\/27831"}],"wp:attachment":[{"href":"https:\/\/gatefy.com\/pt-br\/wp-json\/wp\/v2\/media?parent=30621"}],"curies":[{"name":"wp","href":"https:\/\/api.w.org\/{rel}","templated":true}]}}